{"id":1756,"date":"2026-04-06T12:09:01","date_gmt":"2026-04-06T12:09:01","guid":{"rendered":"https:\/\/gpusupplyco.com\/xazu11eg-1ffvf1517q\/"},"modified":"2026-04-06T12:09:01","modified_gmt":"2026-04-06T12:09:01","slug":"xazu11eg-1ffvf1517q","status":"publish","type":"product","link":"https:\/\/gpusupplyco.com\/fr\/xazu11eg-1ffvf1517q\/","title":{"rendered":"XAZU11EG-1FFVF1517Q"},"content":{"rendered":"<h2 class=\"mt-0 mb-2 font-24 font-apecru lh-normal\">XAZU11EG-1FFVF1517Q<\/h2>\n<h2>SoC ARM Cortex-A53\/ARM Cortex-R5 RISC 64 bits\/32 bits 1\u202f200&nbsp;MHz\/500&nbsp;MHz Hexa-core 1517 broches FCBGA plateau<\/h2>\n<p class=\"mob-font-13\">\n<div class=\"product-detail-info\">\n<div class=\"bs5 row\">\n<div class=\"col-xl-7 col-lg-6 col-md-6 mob-show-productdetail\">\n<div class=\"product-detail-content\">\n<div class=\"info-list\">\n<div class=\"info-item\"><b class=\"me-1\">Fabricant&nbsp;: AMD<\/b><\/div>\n<div class=\"info-item\"><b>Cat\u00e9gorie de produit&nbsp;: <a href=\"https:\/\/gpusupplyco.com\/fr\/Cat\u00e9gorie\/soc-chip\/\">SYST\u00c8ME SUR PUCE<\/a><\/b><\/div>\n<div class=\"info-item\"><b class=\"me-1\">R\u00e9f. fabricant Avnet n\u00b0&nbsp;: <\/b>XAZU11EG-1FFVF1517Q<\/div>\n<\/div>\n<div class=\"bs5 row g10 mt-2 mb-0 align-items-center\">\n<div class=\"col-auto mb-3 md-sm-0 pe-0\">\n<div class=\"info-capsule mt-1\">\n<div class=\"info-capsule-item\">\n<section class=\"form-check sm-custom_checkbox\"><\/section>\n<\/div>\n<\/div>\n<\/div>\n<div class=\"col-auto m-b-15\">\n<div class=\"cad-link\"><a><img decoding=\"async\" src=\"https:\/\/avnet.componentsearchengine.com\/icon.php?mna=AMD&amp;mpn=XAZU11EG-1FFVF1517Q&amp;lbl=1&amp;lbc=000000&amp;q3=1\" alt=\"Symbole PCB, empreinte &amp; mod\u00e8le 3D\"><\/a><\/div>\n<\/div>\n<\/div>\n<div class=\"legend-list legend-list-horizontal d-flex\">\n<ul>\n<li><span class=\"list-text-icon\"><img decoding=\"async\" class=\"img-fluid me-1\" src=\"data:image\/png;base64,iVBORw0KGgoAAAANSUhEUgAAAA8AAAAOCAYAAADwikbvAAAACXBIWXMAAAsTAAALEwEAmpwYAAAAAXNSR0IArs4c6QAAAARnQU1BAACxjwv8YQUAAAC0SURBVHgBnZBhDcJADIW7wH8mYRLAwTlgDsABQQFzcEEBEsABkwAKDgcMBfCalKy73W23veTLXdq+Nu2C5ukCPjRRObDgyw2ygaISFCq2AnvJsV4h4wG8pfsYHZ0STT1zESlwQi++VGYjbwPOoJZ\/Lo13qob11GYuOoIH2IIrtccJ6Uae2VLaro68fR2lH6rUE\/\/Ge4Kx0lOtF6wiJm5stDGTBB9p461h5G0kX1NAaxq+alQ\/dqBd\/kWZGc4AAAAASUVORK5CYII=\" alt=\"Ic\u00f4ne d\u2019informations de l\u00e9gende\"><\/span>Conforme RoHS 6<\/li>\n<li><span class=\"list-text-icon\"><img decoding=\"async\" class=\"img-fluid me-1\" src=\"data:image\/png;base64,iVBORw0KGgoAAAANSUhEUgAAAA8AAAAPCAYAAAA71pVKAAAACXBIWXMAAAsTAAALEwEAmpwYAAAKT2lDQ1BQaG90b3Nob3AgSUNDIHByb2ZpbGUAAHjanVNnVFPpFj333vRCS4iAlEtvUhUIIFJCi4AUkSYqIQkQSoghodkVUcERRUUEG8igiAOOjoCMFVEsDIoK2AfkIaKOg6OIisr74Xuja9a89+bN\/rXXPues852zzwfACAyWSDNRNYAMqUIeEeCDx8TG4eQuQIEKJHAAEAizZCFz\/SMBAPh+PDwrIsAHvgABeNMLCADATZvAMByH\/w\/qQplcAYCEAcB0kThLCIAUAEB6jkKmAEBGAYCdmCZTAKAEAGDLY2LjAFAtAGAnf+bTAICd+Jl7AQBblCEVAaCRACATZYhEAGg7AKzPVopFAFgwABRmS8Q5ANgtADBJV2ZIALC3AMDOEAuyAAgMADBRiIUpAAR7AGDIIyN4AISZABRG8lc88SuuEOcqAAB4mbI8uSQ5RYFbCC1xB1dXLh4ozkkXKxQ2YQJhmkAuwnmZGTKBNA\/g88wAAKCRFRHgg\/P9eM4Ors7ONo62Dl8t6r8G\/yJiYuP+5c+rcEAAAOF0ftH+LC+zGoA7BoBt\/qIl7gRoXgugdfeLZrIPQLUAoOnaV\/Nw+H48PEWhkLnZ2eXk5NhKxEJbYcpXff5nwl\/AV\/1s+X48\/Pf14L7iJIEyXYFHBPjgwsz0TKUcz5IJhGLc5o9H\/LcL\/\/wd0yLESWK5WCoU41EScY5EmozzMqUiiUKSKcUl0v9k4t8s+wM+3zUAsGo+AXuRLahdYwP2SycQWHTA4vcAAPK7b8HUKAgDgGiD4c93\/+8\/\/UegJQCAZkmScQAAXkQkLlTKsz\/HCAAARKCBKrBBG\/TBGCzABhzBBdzBC\/xgNoRCJMTCQhBCCmSAHHJgKayCQiiGzbAdKmAv1EAdNMBRaIaTcA4uwlW4Dj1wD\/phCJ7BKLyBCQRByAgTYSHaiAFiilgjjggXmYX4IcFIBBKLJCDJiBRRIkuRNUgxUopUIFVIHfI9cgI5h1xGupE7yAAygvyGvEcxlIGyUT3UDLVDuag3GoRGogvQZHQxmo8WoJvQcrQaPYw2oefQq2gP2o8+Q8cwwOgYBzPEbDAuxsNCsTgsCZNjy7EirAyrxhqwVqwDu4n1Y8+xdwQSgUXACTYEd0IgYR5BSFhMWE7YSKggHCQ0EdoJNwkDhFHCJyKTqEu0JroR+cQYYjIxh1hILCPWEo8TLxB7iEPENyQSiUMyJ7mQAkmxpFTSEtJG0m5SI+ksqZs0SBojk8naZGuyBzmULCAryIXkneTD5DPkG+Qh8lsKnWJAcaT4U+IoUspqShnlEOU05QZlmDJBVaOaUt2ooVQRNY9aQq2htlKvUYeoEzR1mjnNgxZJS6WtopXTGmgXaPdpr+h0uhHdlR5Ol9BX0svpR+iX6AP0dwwNhhWDx4hnKBmbGAcYZxl3GK+YTKYZ04sZx1QwNzHrmOeZD5lvVVgqtip8FZHKCpVKlSaVGyovVKmqpqreqgtV81XLVI+pXlN9rkZVM1PjqQnUlqtVqp1Q61MbU2epO6iHqmeob1Q\/pH5Z\/YkGWcNMw09DpFGgsV\/jvMYgC2MZs3gsIWsNq4Z1gTXEJrHN2Xx2KruY\/R27iz2qqaE5QzNKM1ezUvOUZj8H45hx+Jx0TgnnKKeX836K3hTvKeIpG6Y0TLkxZVxrqpaXllirSKtRq0frvTau7aedpr1Fu1n7gQ5Bx0onXCdHZ4\/OBZ3nU9lT3acKpxZNPTr1ri6qa6UbobtEd79up+6Ynr5egJ5Mb6feeb3n+hx9L\/1U\/W36p\/VHDFgGswwkBtsMzhg8xTVxbzwdL8fb8VFDXcNAQ6VhlWGX4YSRudE8o9VGjUYPjGnGXOMk423GbcajJgYmISZLTepN7ppSTbmmKaY7TDtMx83MzaLN1pk1mz0x1zLnm+eb15vft2BaeFostqi2uGVJsuRaplnutrxuhVo5WaVYVVpds0atna0l1rutu6cRp7lOk06rntZnw7Dxtsm2qbcZsOXYBtuutm22fWFnYhdnt8Wuw+6TvZN9un2N\/T0HDYfZDqsdWh1+c7RyFDpWOt6azpzuP33F9JbpL2dYzxDP2DPjthPLKcRpnVOb00dnF2e5c4PziIuJS4LLLpc+Lpsbxt3IveRKdPVxXeF60vWdm7Obwu2o26\/uNu5p7ofcn8w0nymeWTNz0MPIQ+BR5dE\/C5+VMGvfrH5PQ0+BZ7XnIy9jL5FXrdewt6V3qvdh7xc+9j5yn+M+4zw33jLeWV\/MN8C3yLfLT8Nvnl+F30N\/I\/9k\/3r\/0QCngCUBZwOJgUGBWwL7+Hp8Ib+OPzrbZfay2e1BjKC5QRVBj4KtguXBrSFoyOyQrSH355jOkc5pDoVQfujW0Adh5mGLw34MJ4WHhVeGP45wiFga0TGXNXfR3ENz30T6RJZE3ptnMU85ry1KNSo+qi5qPNo3ujS6P8YuZlnM1VidWElsSxw5LiquNm5svt\/87fOH4p3iC+N7F5gvyF1weaHOwvSFpxapLhIsOpZATIhOOJTwQRAqqBaMJfITdyWOCnnCHcJnIi\/RNtGI2ENcKh5O8kgqTXqS7JG8NXkkxTOlLOW5hCepkLxMDUzdmzqeFpp2IG0yPTq9MYOSkZBxQqohTZO2Z+pn5mZ2y6xlhbL+xW6Lty8elQfJa7OQrAVZLQq2QqboVFoo1yoHsmdlV2a\/zYnKOZarnivN7cyzytuQN5zvn\/\/tEsIS4ZK2pYZLVy0dWOa9rGo5sjxxedsK4xUFK4ZWBqw8uIq2Km3VT6vtV5eufr0mek1rgV7ByoLBtQFr6wtVCuWFfevc1+1dT1gvWd+1YfqGnRs+FYmKrhTbF5cVf9go3HjlG4dvyr+Z3JS0qavEuWTPZtJm6ebeLZ5bDpaql+aXDm4N2dq0Dd9WtO319kXbL5fNKNu7g7ZDuaO\/PLi8ZafJzs07P1SkVPRU+lQ27tLdtWHX+G7R7ht7vPY07NXbW7z3\/T7JvttVAVVN1WbVZftJ+7P3P66Jqun4lvttXa1ObXHtxwPSA\/0HIw6217nU1R3SPVRSj9Yr60cOxx++\/p3vdy0NNg1VjZzG4iNwRHnk6fcJ3\/ceDTradox7rOEH0x92HWcdL2pCmvKaRptTmvtbYlu6T8w+0dbq3nr8R9sfD5w0PFl5SvNUyWna6YLTk2fyz4ydlZ19fi753GDborZ752PO32oPb++6EHTh0kX\/i+c7vDvOXPK4dPKy2+UTV7hXmq86X23qdOo8\/pPTT8e7nLuarrlca7nuer21e2b36RueN87d9L158Rb\/1tWeOT3dvfN6b\/fF9\/XfFt1+cif9zsu72Xcn7q28T7xf9EDtQdlD3YfVP1v+3Njv3H9qwHeg89HcR\/cGhYPP\/pH1jw9DBY+Zj8uGDYbrnjg+OTniP3L96fynQ89kzyaeF\/6i\/suuFxYvfvjV69fO0ZjRoZfyl5O\/bXyl\/erA6xmv28bCxh6+yXgzMV70VvvtwXfcdx3vo98PT+R8IH8o\/2j5sfVT0Kf7kxmTk\/8EA5jz\/GMzLdsAAAAgY0hSTQAAeiUAAICDAAD5\/wAAgOkAAHUwAADqYAAAOpgAABdvkl\/FRgAAAQNJREFUeNqk08EqRGEUB\/DfnXtJCclOUbMQCimSrOZx8AwW5AXseAEvIWU3CQtLZSEWNhMTkWbGuDZnSrdM08y\/zuKc8z\/n+\/7nfF+S57lBsY8v5D3YJw4gwTzuoskDntGOXAc5UkyjHLHFDMvhnGAHaxiJBh2kaOIax9jGUobZIJyjhJsu8jKcRXE5w1wkWvjBOibD72AI9bjNd8QWElyggqkIXgW5iCY2YxY1VDOsxomvQToNKUXNj3gJv42VDBNRfIQP7HXRfIix4I8KLX\/3ePlP4W2BV0\/whvECsYqnWFkDM9gqcN6TSA738SpbpRhGP0hT3GMjAo0erYbdZJBf9TsAJHFSpYoATiAAAAAASUVORK5CYII=\" alt=\"Ic\u00f4ne d\u2019informations de l\u00e9gende\"><\/span>Plateau<\/li>\n<li><span class=\"legend-list-item d-inline-flex\"><span class=\"datasheet d-inline-flex w-100\" aria-describedby=\"popup-1\"><span class=\"lifecycle low-risk cursor-default\" aria-hidden=\"true\" data-toggle=\"tooltip\" data-placement=\"bottom\" data-html=\"true\" data-title=\"Unknown:&lt;br\/&gt;Lifecycle information not available.\"><img decoding=\"async\" class=\"lifecycle-icon-yellow\" src=\"data:image\/png;base64,iVBORw0KGgoAAAANSUhEUgAAABAAAAAQCAYAAAAf8\/9hAAAACXBIWXMAAAsTAAALEwEAmpwYAAAAAXNSR0IArs4c6QAAAARnQU1BAACxjwv8YQUAAAE3SURBVHgBnVOtcoQwEF6oAQcOGYflDaBvgMTV4lqJgz5B2zeoReJw4JDUog6DPiRV6W4uubmhuZvcfTM7YZN8X\/YPC\/Tw0CI0Jv0Z7Qdt3V+0NMRX13XfwjD0EGJzXVeY55nWb3TfpeA\/AYbWlWXJ0jQFIm\/bBtM0KTL0fU9G5OdLEUU+jOPIr6HrOl5VFc\/znNNdGS08SYEPfDnJsgyugTEmolqWRaSKUf3i2gsHD7kp2rblRVFwrNORuDZVO0kSMEUcxyISKjJx7VN0zFjAcRyIoghkh5gNDyAIgvM3CczUpntBbQXZSs\/3\/SPCuJDDMHBMgdopirgi+Qth\/Hpd12oqz6NNFbk5SAp0B06DxPbCtHGgadOBUqSzPdnSiFTY1heaDdVeKnLTNCJVdD8vQ7dAD+Pf+Q9yeSTixgy2pAAAAABJRU5ErkJggg==\"><span class=\"txt\">Cycle de vie<\/span><\/span><\/span><\/span><\/li>\n<\/ul>\n<\/div>\n<\/div>\n<\/div>\n<\/div>\n<\/div>\n<div class=\"product-detail-tab-area\">\n<ul class=\"bs5 nav nav-tabs dark-tabs nav-justified mob-tabs-row m-t-20\">\n<li class=\"bs5 nav-item active\">\n<h2 class=\"m-0 font-13\">Description<\/h2>\n<\/li>\n<\/ul>\n<div class=\"tab-content px-0 border-0 mob-tab-content pt-3 mt-0\">\n<div id=\"tab1\" class=\"tab-pane active\">\n<div class=\"productdetail-description\"><\/div>\n<div class=\"\">\n<h3 class=\"mb-2 mt-0 lh-normal\">Caract\u00e9ristiques techniques<\/h3>\n<p class=\"text-sm mb-2\">Trouver des pi\u00e8ces similaires<\/p>\n<div class=\"table-responsive\">\n<table class=\"bs5 table table-bordered\">\n<thead>\n<tr>\n<th class=\"w35 font-12\">\n<div class=\"form-check d-flex align-items-center font-18\"><input id=\"productDetailAttribute\" class=\"form-check-input  me-1\" type=\"checkbox\"><label class=\"form-check-label\" for=\"productDetailAttribute\"><\/label><\/div>\n<\/th>\n<th>Description<\/th>\n<th>Valeur<\/th>\n<\/tr>\n<\/thead>\n<tbody>\n<tr>\n<td>\n<div class=\"form-check d-flex align-items-center font-18\"><input id=\"0Row_Filter\" class=\"form-check-input  me-1\" type=\"checkbox\"><\/div>\n<\/td>\n<td><label class=\"form-check-label\" for=\"0Row_Filter\">Famille de MPU<\/label><\/td>\n<td>ARM Cortex-A53|ARM C<\/td>\n<\/tr>\n<tr>\n<td>\n<div class=\"form-check d-flex align-items-center font-18\"><input id=\"1Row_Filter\" class=\"form-check-input  me-1\" type=\"checkbox\"><\/div>\n<\/td>\n<td><label class=\"form-check-label\" for=\"1Row_Filter\">Nombre de broches <\/label><\/td>\n<td>1517<\/td>\n<\/tr>\n<\/tbody>\n<\/table>\n<h3 class=\"mb-3 mt-0 lh-normal\">ECCN \/ UNSPSC \/ COO<\/h3>\n<div class=\"table-respnsive\">\n<table class=\"bs5 table table-bordered\">\n<thead>\n<tr>\n<th>Description<\/th>\n<th>Valeur<\/th>\n<\/tr>\n<\/thead>\n<tbody>\n<tr>\n<td>Pays d\u2019origine&nbsp;:<\/td>\n<td>Ta\u00efwan (province de Chine)<\/td>\n<\/tr>\n<tr>\n<td>ECCN&nbsp;:<\/td>\n<td>5A992.C<\/td>\n<\/tr>\n<tr>\n<td>HTSN&nbsp;:<\/td>\n<td>8542390090<\/td>\n<\/tr>\n<tr>\n<td>Schedule B&nbsp;:<\/td>\n<td>8542390060<\/td>\n<\/tr>\n<\/tbody>\n<\/table>\n<p>Exp\u00e9dition depuis la France<\/p>\n<\/div>\n<\/div>\n<\/div>\n<\/div>\n<\/div>\n<\/div>\n","protected":false},"excerpt":{"rendered":"<p>XAZU11EG-1FFVF1517Q SoC ARM Cortex-A53\/ARM Cortex-R5 RISC 64 bits\/32 bits 1\u202f200&nbsp;MHz\/500&nbsp;MHz Hexa-core 1517 broches FCBGA plateau Fabricant&nbsp;: AMD Cat\u00e9gorie de produit&nbsp;: SYST\u00c8ME SUR PUCE R\u00e9f. fabricant Avnet n\u00b0&nbsp;: XAZU11EG-1FFVF1517Q Conforme RoHS 6 Plateau Cycle de vie Description Caract\u00e9ristiques techniques Trouver des pi\u00e8ces similaires Description Valeur Famille de MPU ARM Cortex-A53|ARM C Nombre de broches 1517 ECCN [&hellip;]<\/p>\n","protected":false},"featured_media":1752,"comment_status":"open","ping_status":"closed","template":"","meta":{"_uag_custom_page_level_css":"","site-sidebar-layout":"default","site-content-layout":"","ast-site-content-layout":"default","site-content-style":"default","site-sidebar-style":"default","ast-global-header-display":"","ast-banner-title-visibility":"","ast-main-header-display":"","ast-hfb-above-header-display":"","ast-hfb-below-header-display":"","ast-hfb-mobile-header-display":"","site-post-title":"","ast-breadcrumbs-content":"","ast-featured-img":"","footer-sml-layout":"","ast-disable-related-posts":"","theme-transparent-header-meta":"default","adv-header-id-meta":"","stick-header-meta":"","header-above-stick-meta":"","header-main-stick-meta":"","header-below-stick-meta":"","astra-migrate-meta-layouts":"default","ast-page-background-enabled":"default","ast-page-background-meta":{"desktop":{"background-color":"","background-image":"","background-repeat":"repeat","background-position":"center center","background-size":"auto","background-attachment":"scroll","background-type":"","background-media":"","overlay-type":"","overlay-color":"","overlay-opacity":"","overlay-gradient":""},"tablet":{"background-color":"","background-image":"","background-repeat":"repeat","background-position":"center center","background-size":"auto","background-attachment":"scroll","background-type":"","background-media":"","overlay-type":"","overlay-color":"","overlay-opacity":"","overlay-gradient":""},"mobile":{"background-color":"","background-image":"","background-repeat":"repeat","background-position":"center center","background-size":"auto","background-attachment":"scroll","background-type":"","background-media":"","overlay-type":"","overlay-color":"","overlay-opacity":"","overlay-gradient":""}},"ast-content-background-meta":{"desktop":{"background-color":"var(--ast-global-color-5)","background-image":"","background-repeat":"repeat","background-position":"center center","background-size":"auto","background-attachment":"scroll","background-type":"","background-media":"","overlay-type":"","overlay-color":"","overlay-opacity":"","overlay-gradient":""},"tablet":{"background-color":"var(--ast-global-color-5)","background-image":"","background-repeat":"repeat","background-position":"center center","background-size":"auto","background-attachment":"scroll","background-type":"","background-media":"","overlay-type":"","overlay-color":"","overlay-opacity":"","overlay-gradient":""},"mobile":{"background-color":"var(--ast-global-color-5)","background-image":"","background-repeat":"repeat","background-position":"center center","background-size":"auto","background-attachment":"scroll","background-type":"","background-media":"","overlay-type":"","overlay-color":"","overlay-opacity":"","overlay-gradient":""}}},"product_brand":[],"product_cat":[62],"product_tag":[],"class_list":{"0":"post-1756","1":"product","2":"type-product","3":"status-publish","4":"has-post-thumbnail","6":"product_cat-soc-chip","7":"desktop-align-left","8":"tablet-align-left","9":"mobile-align-left","11":"first","12":"instock","13":"sale","14":"shipping-taxable","15":"product-type-simple"},"uagb_featured_image_src":{"full":["https:\/\/gpusupplyco.com\/wp-content\/uploads\/2026\/04\/XAZU11EG-1FFVF1517Q.jpg",225,225,false],"thumbnail":["https:\/\/gpusupplyco.com\/wp-content\/uploads\/2026\/04\/XAZU11EG-1FFVF1517Q-150x150.jpg",150,150,true],"medium":["https:\/\/gpusupplyco.com\/wp-content\/uploads\/2026\/04\/XAZU11EG-1FFVF1517Q.jpg",225,225,false],"medium_large":["https:\/\/gpusupplyco.com\/wp-content\/uploads\/2026\/04\/XAZU11EG-1FFVF1517Q.jpg",225,225,false],"large":["https:\/\/gpusupplyco.com\/wp-content\/uploads\/2026\/04\/XAZU11EG-1FFVF1517Q.jpg",225,225,false],"1536x1536":["https:\/\/gpusupplyco.com\/wp-content\/uploads\/2026\/04\/XAZU11EG-1FFVF1517Q.jpg",225,225,false],"2048x2048":["https:\/\/gpusupplyco.com\/wp-content\/uploads\/2026\/04\/XAZU11EG-1FFVF1517Q.jpg",225,225,false],"woocommerce_thumbnail":["https:\/\/gpusupplyco.com\/wp-content\/uploads\/2026\/04\/XAZU11EG-1FFVF1517Q.jpg",225,225,false],"woocommerce_single":["https:\/\/gpusupplyco.com\/wp-content\/uploads\/2026\/04\/XAZU11EG-1FFVF1517Q.jpg",225,225,false],"woocommerce_gallery_thumbnail":["https:\/\/gpusupplyco.com\/wp-content\/uploads\/2026\/04\/XAZU11EG-1FFVF1517Q-100x100.jpg",100,100,true]},"uagb_author_info":{"display_name":"","author_link":"https:\/\/gpusupplyco.com\/fr\/author\/"},"uagb_comment_info":0,"uagb_excerpt":"XAZU11EG-1FFVF1517Q SoC ARM Cortex-A53\/ARM Cortex-R5 RISC 64 bits\/32 bits 1\u202f200&nbsp;MHz\/500&nbsp;MHz Hexa-core 1517 broches FCBGA plateau Fabricant&nbsp;: AMD Cat\u00e9gorie de produit&nbsp;: SYST\u00c8ME SUR PUCE R\u00e9f. fabricant Avnet n\u00b0&nbsp;: XAZU11EG-1FFVF1517Q Conforme RoHS 6 Plateau Cycle de vie Description Caract\u00e9ristiques techniques Trouver des pi\u00e8ces similaires Description Valeur Famille de MPU ARM Cortex-A53|ARM C Nombre de broches 1517 ECCN\u2026","_links":{"self":[{"href":"https:\/\/gpusupplyco.com\/fr\/wp-json\/wp\/v2\/product\/1756","targetHints":{"allow":["GET"]}}],"collection":[{"href":"https:\/\/gpusupplyco.com\/fr\/wp-json\/wp\/v2\/product"}],"about":[{"href":"https:\/\/gpusupplyco.com\/fr\/wp-json\/wp\/v2\/types\/product"}],"replies":[{"embeddable":true,"href":"https:\/\/gpusupplyco.com\/fr\/wp-json\/wp\/v2\/comments?post=1756"}],"wp:featuredmedia":[{"embeddable":true,"href":"https:\/\/gpusupplyco.com\/fr\/wp-json\/wp\/v2\/media\/1752"}],"wp:attachment":[{"href":"https:\/\/gpusupplyco.com\/fr\/wp-json\/wp\/v2\/media?parent=1756"}],"wp:term":[{"taxonomy":"product_brand","embeddable":true,"href":"https:\/\/gpusupplyco.com\/fr\/wp-json\/wp\/v2\/product_brand?post=1756"},{"taxonomy":"product_cat","embeddable":true,"href":"https:\/\/gpusupplyco.com\/fr\/wp-json\/wp\/v2\/product_cat?post=1756"},{"taxonomy":"product_tag","embeddable":true,"href":"https:\/\/gpusupplyco.com\/fr\/wp-json\/wp\/v2\/product_tag?post=1756"}],"curies":[{"name":"wp","href":"https:\/\/api.w.org\/{rel}","templated":true}]}}