{"id":1563,"date":"2026-03-12T12:34:48","date_gmt":"2026-03-12T12:34:48","guid":{"rendered":"https:\/\/gpusupplyco.com\/nvidia-rtx-2000-ada-generation\/"},"modified":"2026-03-12T12:34:48","modified_gmt":"2026-03-12T12:34:48","slug":"nvidia-rtx-2000-ada-generation","status":"publish","type":"product","link":"https:\/\/gpusupplyco.com\/fr\/nvidia-rtx-2000-ada-generation\/","title":{"rendered":"NVIDIA RTX 2000 Ada Generation"},"content":{"rendered":"<h2 class=\"wp-block-heading\">Bienvenue sur le portail d\u2019approvisionnement d\u2019entreprise de GPU SUPPLY pour la <b data-path-to-node=\"14,0\" data-index-in-node=\"62\">NVIDIA RTX 2000 Ada<\/b>. Nous sommes sp\u00e9cialis\u00e9s dans la distribution \u00e0 haut volume et optimis\u00e9e fiscalement de ce GPU compact de nouvelle g\u00e9n\u00e9ration. <\/h2>\n<h2 class=\"wp-block-heading\">Performance IA de nouvelle g\u00e9n\u00e9ration dans un format compact<\/h2>\n<p>La NVIDIA RTX 2000 Ada Generation apporte la puissance de l\u2019architecture Ada Lovelace aux stations de travail compactes. Avec <strong>16 Go de m\u00e9moire GDDR6<\/strong>, elle offre un bond massif de performance pour l\u2019inf\u00e9rence IA, le rendu 3D et le multit\u00e2che professionnel. <\/p>\n<p><img decoding=\"async\" class=\"alignnone size-full wp-image-1309\" src=\"https:\/\/gpusupplyco.com\/wp-content\/uploads\/2026\/03\/NVIDIA-RTX-A2000-1.webp\" alt=\"GPU dentreprise NVIDIA RTX 2000 Ada Generation 16 Go\" width=\"250\" height=\"200\"><\/p>\n<h3 class=\"wp-block-heading\">Sp\u00e9cifications techniques<\/h3>\n<p><strong>Vous recherchez la solution adapt\u00e9e \u00e0 votre entreprise ?<\/strong> Bien que la <strong><a href=\"https:\/\/gpusupplyco.com\/fr\/nvidia-rtx-2000-ada-generation\/\" target=\"_blank\" rel=\"noreferrer noopener\">NVIDIA RTX 2000 Ada<\/a><\/strong> soit la reine de l\u2019efficacit\u00e9 compacte, certaines charges de travail intensives peuvent n\u00e9cessiter la puissance brute de la <strong><a href=\"https:\/\/gpusupplyco.com\/nvidia-rtx-a2000\/\" target=\"_blank\" rel=\"noreferrer noopener\">NVIDIA RTX A2000<\/a><\/strong> pour le support h\u00e9rit\u00e9 ou le bond massif de la <strong><a href=\"https:\/\/gpusupplyco.com\/nvidia-rtx-4000-ada\/\" target=\"_blank\" rel=\"noreferrer noopener\">NVIDIA RTX 4000 Ada<\/a><\/strong> pour le rendu IA de haut niveau. Chez <strong>GPU Supply Co.<\/strong>, nous veillons \u00e0 ce que votre infrastructure informatique soit construite avec le mat\u00e9riel pr\u00e9cis r\u00e9pondant aux besoins sp\u00e9cifiques de votre secteur. <\/p>\n<p><strong>Architecture<\/strong> : Architecture NVIDIA Ada Lovelace<\/p>\n<p><strong>M\u00e9moire<\/strong> : 16 Go GDDR6 avec ECC (Error-Correcting Code)<\/p>\n<p><strong>C\u0153urs CUDA<\/strong> : 2 816<\/p>\n<p><strong>C\u0153urs RT<\/strong> : 22 (3e g\u00e9n.)<\/p>\n<p><strong>C\u0153urs Tensor<\/strong> : 88 (4e g\u00e9n.)<\/p>\n<p><strong>Consommation maximale<\/strong> : 70 W (conception \u00e9conome en \u00e9nergie)<\/p>\n<p><strong>Format<\/strong> : Profil bas, double emplacement<\/p>\n<h3 class=\"wp-block-heading\">Pourquoi passer \u00e0 la RTX 2000 Ada ?<\/h3>\n<p>Par rapport \u00e0 la g\u00e9n\u00e9ration pr\u00e9c\u00e9dente, la RTX 2000 Ada offre une capacit\u00e9 de m\u00e9moire presque doubl\u00e9e et un d\u00e9bit de lancer de rayons nettement plus rapide.<\/p>\n<p>Pour les utilisateurs n\u00e9cessitant une densit\u00e9 de calcul encore plus \u00e9lev\u00e9e pour des simulations complexes, nous recommandons d\u2019explorer les unit\u00e9s <strong><a href=\"https:\/\/www.nvidia.com\/en-us\/products\/workstations\/rtx-4000\/\" target=\"_blank\" rel=\"noreferrer noopener\">NVIDIA RTX 4000 Ada<\/a><\/strong> ou les mod\u00e8les haut de gamme <strong><a href=\"https:\/\/www.nvidia.com\/en-us\/products\/workstations\/rtx-5000\/\" target=\"_blank\" rel=\"noreferrer noopener\">NVIDIA RTX 5000 Ada<\/a><\/strong>.<\/p>\n<h3 class=\"wp-block-heading\">Approvisionnement en gros pour les entreprises et parcs informatiques<\/h3>\n<p>GPU Supply Co. se sp\u00e9cialise dans la distribution \u00e0 haut volume de la RTX 2000 Ada pour les centres de donn\u00e9es et les mises \u00e0 niveau de stations de travail. Nous proposons : <\/p>\n<ul class=\"wp-block-list\">\n<li>Exp\u00e9dition mondiale avec traitement prioritaire.<\/li>\n<li>Niveaux de prix de gros comp\u00e9titifs.<\/li>\n<li>Stock fiable pour les d\u00e9ploiements informatiques \u00e0 grande \u00e9chelle.<\/li>\n<\/ul>\n<h3 class=\"wp-block-heading\"><img decoding=\"async\" class=\"emoji\" role=\"img\" draggable=\"false\" src=\"https:\/\/s.w.org\/images\/core\/emoji\/17.0.2\/svg\/1f3ed.svg\" alt=\"\ud83c\udfed\">  Solutions sectorielles cibl\u00e9es avec la RTX 2000 Ada<\/h3>\n<p>La NVIDIA RTX 2000 Ada Generation nest pas seulement une mise \u00e0 niveau mat\u00e9rielle ; cest un atout strat\u00e9gique pour les secteurs sp\u00e9cialis\u00e9s :<\/p>\n<ul class=\"wp-block-list\">\n<li><strong>AEC (Architecture, Ing\u00e9nierie et Construction) :<\/strong> Acc\u00e9l\u00e9rez les flux de travail BIM et les visites en temps r\u00e9el dans Revit ou ArchiCAD. Les 16 Go de VRAM garantissent la fluidit\u00e9 des grands mod\u00e8les architecturaux lors de leur manipulation. <\/li>\n<li><strong>Fabrication et conception :<\/strong> G\u00e9rez des assemblages complexes dans SolidWorks ou CATIA sans les saccades courantes avec les cartes grand public.<\/li>\n<li><strong>Sant\u00e9 :<\/strong> Des diagnostics assist\u00e9s par l\u2019IA au rendu volum\u00e9trique 3D des IRM, la m\u00e9moire ECC offre la fiabilit\u00e9 de niveau m\u00e9dical requise pour les donn\u00e9es critiques.<\/li>\n<li><strong>IA en p\u00e9riph\u00e9rie et robotique :<\/strong> Son design \u00e0 profil bas et son enveloppe thermique de 70 W en font la r\u00e9f\u00e9rence pour l\u2019int\u00e9gration dans des n\u0153uds d\u2019edge computing compacts.<\/li>\n<\/ul>\n<p>La mise \u00e0 niveau de vos n\u0153uds d\u2019edge computing avec la <b data-path-to-node=\"16,0\" data-index-in-node=\"45\">NVIDIA RTX 2000 Ada<\/b> garantit une efficacit\u00e9 \u00e9nerg\u00e9tique maximale et des capacit\u00e9s d\u2019inf\u00e9rence IA sup\u00e9rieures par rapport aux g\u00e9n\u00e9rations pr\u00e9c\u00e9dentes.<\/p>\n<h3 class=\"wp-block-heading\"><img decoding=\"async\" class=\"emoji\" role=\"img\" draggable=\"false\" src=\"https:\/\/s.w.org\/images\/core\/emoji\/17.0.2\/svg\/2753.svg\" alt=\"\u2753\">  Foire aux questions (FAQ)<\/h3>\n<p><strong>Q : La RTX 2000 Ada n\u00e9cessite-t-elle une alimentation externe ?<\/strong>  R : Non. Elle est enti\u00e8rement aliment\u00e9e via lemplacement PCIe (70 W), ce qui la rend id\u00e9ale pour les stations de travail dot\u00e9es dunit\u00e9s dalimentation limit\u00e9es. <\/p>\n<p><strong>Q : Est-elle compatible avec les ch\u00e2ssis \u00e0 petit facteur de forme (SFF) ?<\/strong>  R : Oui, elle est livr\u00e9e avec un support \u00e0 profil bas sp\u00e9cifiquement con\u00e7u pour les stations de travail SFF comme les Dell Precision ou les s\u00e9ries HP Z.<\/p>\n<p><strong>Q : Comment la m\u00e9moire de 16 Go profite-t-elle aux flux de travail dIA ?<\/strong>  R : Une VRAM plus importante permet des tailles de lots plus grandes et le chargement complet de r\u00e9seaux neuronaux plus complexes en m\u00e9moire, r\u00e9duisant consid\u00e9rablement la latence dentra\u00eenement et dinf\u00e9rence.<\/p>\n<h3 class=\"wp-block-heading\"><img decoding=\"async\" class=\"emoji\" role=\"img\" draggable=\"false\" src=\"https:\/\/s.w.org\/images\/core\/emoji\/17.0.2\/svg\/1f4e6.svg\" alt=\"\ud83d\udce6\">  Distribution de gros mondiale et logistique<\/h3>\n<p>En tant que <strong>distributeur NVIDIA Enterprise<\/strong> sp\u00e9cialis\u00e9, GPU Supply Co. comprend qu\u2019une livraison rapide est aussi cruciale que le mat\u00e9riel lui-m\u00eame. Nous avons optimis\u00e9 notre cha\u00eene d\u2019approvisionnement pour soutenir des d\u00e9ploiements informatiques rapides en Am\u00e9rique du Nord, en Europe et en Asie. <\/p>\n<ul class=\"wp-block-list\">\n<li><strong>Emballage s\u00e9curis\u00e9 :<\/strong> Chaque unit\u00e9 <strong>RTX 2000 Ada<\/strong> est exp\u00e9di\u00e9e dans un emballage antistatique de qualit\u00e9 industrielle pour garantir l\u2019int\u00e9grit\u00e9 du mat\u00e9riel pendant le transport.<\/li>\n<li>Chaque <b data-path-to-node=\"18,0\" data-index-in-node=\"6\">NVIDIA RTX 2000 Ada<\/b> exp\u00e9di\u00e9e depuis nos centres mondiaux est garantie neuve d\u2019usine et enti\u00e8rement conforme aux r\u00e9glementations d\u2019exportation internationales.<\/li>\n<li><strong>Exp\u00e9dition rapide :<\/strong> Pour les commandes group\u00e9es, nous proposons un traitement prioritaire avec les principaux transporteurs mondiaux (DHL, FedEx, UPS) afin de minimiser les temps d\u2019arr\u00eat des projets.<\/li>\n<li><strong>Conformit\u00e9 et documentation :<\/strong> Nous fournissons la facturation commerciale compl\u00e8te et la documentation technique requises pour le d\u00e9douanement des entreprises et l\u2019audit interne.<\/li>\n<\/ul>\n<h3 class=\"wp-block-heading\"><img decoding=\"async\" class=\"emoji\" role=\"img\" draggable=\"false\" src=\"https:\/\/s.w.org\/images\/core\/emoji\/17.0.2\/svg\/1f6e1.svg\" alt=\"\ud83d\udee1\ufe0f\">  Garantie et support drsquo;entreprise<\/h3>\n<p>Investir dans l\u2019architecture <strong>Ada Lovelace<\/strong>, c\u2019est investir dans l\u2019avenir des capacit\u00e9s de calcul de votre entreprise. Nous nous portons garants de notre mat\u00e9riel : <\/p>\n<ul class=\"wp-block-list\">\n<li><strong>Garantie constructeur :<\/strong> Toutes les cartes RTX 2000 Ada b\u00e9n\u00e9ficient d\u2019un support complet soutenu par le fabricant.<\/li>\n<li><strong>Consultation technique :<\/strong> Vous n\u2019\u00eates pas s\u00fbr que l\u2019Ada 16 Go soit adapt\u00e9e \u00e0 votre rack de serveurs existant ? Nos ing\u00e9nieurs effectuent des v\u00e9rifications de compatibilit\u00e9 gratuites avant l\u2019achat. <\/li>\n<li><strong>Remises sur volume :<\/strong> Nous proposons des structures de prix d\u00e9gressifs pour les \u00e9tablissements d\u2019enseignement, les startups en IA et les centres de donn\u00e9es \u00e0 grande \u00e9chelle.<\/li>\n<\/ul>\n<p>Demandez un devis group\u00e9 pour la <b data-path-to-node=\"20,0\" data-index-in-node=\"29\">NVIDIA RTX 2000 Ada<\/b> d\u00e8s aujourd\u2019hui pour s\u00e9curiser votre approvisionnement d\u2019entreprise.<\/p>\n","protected":false},"excerpt":{"rendered":"<p data-path-to-node=\"15,0\"><b data-path-to-node=\"15,0\" data-index-in-node=\"0\">La prochaine \u00e9volution du calcul professionnel compact<\/b><\/p>\n<ul data-path-to-node=\"15,1\">\n<li>\n<p data-path-to-node=\"15,1,0,0\"><b data-path-to-node=\"15,1,0,0\" data-index-in-node=\"0\">Architecture :<\/b> NVIDIA Ada Lovelace<\/p>\n<\/li>\n<li>\n<p data-path-to-node=\"15,1,1,0\"><b data-path-to-node=\"15,1,1,0\" data-index-in-node=\"0\">VRAM :<\/b> 16&nbsp;Go GDDR6 avec ECC<\/p>\n<\/li>\n<li>\n<p data-path-to-node=\"15,1,2,0\"><b data-path-to-node=\"15,1,2,0\" data-index-in-node=\"0\">Format :<\/b> Profil bas, double emplacement<\/p>\n<\/li>\n<li>\n<p data-path-to-node=\"15,1,3,0\"><b data-path-to-node=\"15,1,3,0\" data-index-in-node=\"0\">Consommation d\u2019\u00e9nergie :<\/b> 70 W (aucune alimentation PCIe externe requise)<\/p>\n<\/li>\n<li>\n<p data-path-to-node=\"15,1,4,0\"><b data-path-to-node=\"15,1,4,0\" data-index-in-node=\"0\">Id\u00e9al pour :<\/b> Inf\u00e9rence IA en p\u00e9riph\u00e9rie, conception 3D et d\u00e9ploiements SFF haute densit\u00e9.<\/p>\n<\/li>\n<li>\n<p data-path-to-node=\"15,1,5,0\"><b data-path-to-node=\"15,1,5,0\" data-index-in-node=\"0\">\u00c9tat :<\/b> neuf d\u2019usine, fiabilit\u00e9 de niveau entreprise<\/p>\n<\/li>\n<li>\n<p data-path-to-node=\"17,0,0,0\"><b data-path-to-node=\"17,0,0,0\" data-index-in-node=\"0\">Marque :<\/b> NVIDIA<\/p>\n<\/li>\n<li>\n<p data-path-to-node=\"17,0,1,0\"><b data-path-to-node=\"17,0,1,0\" data-index-in-node=\"0\">Partenaire AIB agr\u00e9\u00e9 :<\/b> L\u2019ex\u00e9cution peut inclure des versions OEM PNY ou Leadtek selon la disponibilit\u00e9 r\u00e9gionale. (Les sp\u00e9cifications mat\u00e9rielles et les performances sont 100 % identiques). <\/p>\n<\/li>\n<\/ul>\n<p><b>\u00c9tat : Neuf<br \/>\nDisponibilit\u00e9 : Contactez-nous<br \/>\nD\u00e9lai de livraison : 1 \u00e0 3 semaines (ETA) &#8211; Sans annulation ni retour (NCNR)<br \/>\nGarantie constructeur : Aucune<br \/>\nNotre garantie : 180 jours<\/b><\/p>\n","protected":false},"featured_media":1562,"comment_status":"open","ping_status":"closed","template":"","meta":{"_uag_custom_page_level_css":"","site-sidebar-layout":"default","site-content-layout":"","ast-site-content-layout":"default","site-content-style":"default","site-sidebar-style":"default","ast-global-header-display":"","ast-banner-title-visibility":"","ast-main-header-display":"","ast-hfb-above-header-display":"","ast-hfb-below-header-display":"","ast-hfb-mobile-header-display":"","site-post-title":"","ast-breadcrumbs-content":"","ast-featured-img":"","footer-sml-layout":"","ast-disable-related-posts":"","theme-transparent-header-meta":"default","adv-header-id-meta":"","stick-header-meta":"","header-above-stick-meta":"","header-main-stick-meta":"","header-below-stick-meta":"","astra-migrate-meta-layouts":"default","ast-page-background-enabled":"default","ast-page-background-meta":{"desktop":{"background-color":"","background-image":"","background-repeat":"repeat","background-position":"center center","background-size":"auto","background-attachment":"scroll","background-type":"","background-media":"","overlay-type":"","overlay-color":"","overlay-opacity":"","overlay-gradient":""},"tablet":{"background-color":"","background-image":"","background-repeat":"repeat","background-position":"center center","background-size":"auto","background-attachment":"scroll","background-type":"","background-media":"","overlay-type":"","overlay-color":"","overlay-opacity":"","overlay-gradient":""},"mobile":{"background-color":"","background-image":"","background-repeat":"repeat","background-position":"center center","background-size":"auto","background-attachment":"scroll","background-type":"","background-media":"","overlay-type":"","overlay-color":"","overlay-opacity":"","overlay-gradient":""}},"ast-content-background-meta":{"desktop":{"background-color":"var(--ast-global-color-5)","background-image":"","background-repeat":"repeat","background-position":"center center","background-size":"auto","background-attachment":"scroll","background-type":"","background-media":"","overlay-type":"","overlay-color":"","overlay-opacity":"","overlay-gradient":""},"tablet":{"background-color":"var(--ast-global-color-5)","background-image":"","background-repeat":"repeat","background-position":"center center","background-size":"auto","background-attachment":"scroll","background-type":"","background-media":"","overlay-type":"","overlay-color":"","overlay-opacity":"","overlay-gradient":""},"mobile":{"background-color":"var(--ast-global-color-5)","background-image":"","background-repeat":"repeat","background-position":"center center","background-size":"auto","background-attachment":"scroll","background-type":"","background-media":"","overlay-type":"","overlay-color":"","overlay-opacity":"","overlay-gradient":""}}},"product_brand":[],"product_cat":[39],"product_tag":[],"class_list":{"0":"post-1563","1":"product","2":"type-product","3":"status-publish","4":"has-post-thumbnail","6":"product_cat-processeur-graphique","7":"desktop-align-left","8":"tablet-align-left","9":"mobile-align-left","11":"first","12":"instock","13":"sale","14":"shipping-taxable","15":"product-type-simple"},"uagb_featured_image_src":{"full":["https:\/\/gpusupplyco.com\/wp-content\/uploads\/2026\/03\/NVIDIA-RTX-A2000-1.webp",250,200,false],"thumbnail":["https:\/\/gpusupplyco.com\/wp-content\/uploads\/2026\/03\/NVIDIA-RTX-A2000-1-150x150.webp",150,150,true],"medium":["https:\/\/gpusupplyco.com\/wp-content\/uploads\/2026\/03\/NVIDIA-RTX-A2000-1.webp",250,200,false],"medium_large":["https:\/\/gpusupplyco.com\/wp-content\/uploads\/2026\/03\/NVIDIA-RTX-A2000-1.webp",250,200,false],"large":["https:\/\/gpusupplyco.com\/wp-content\/uploads\/2026\/03\/NVIDIA-RTX-A2000-1.webp",250,200,false],"1536x1536":["https:\/\/gpusupplyco.com\/wp-content\/uploads\/2026\/03\/NVIDIA-RTX-A2000-1.webp",250,200,false],"2048x2048":["https:\/\/gpusupplyco.com\/wp-content\/uploads\/2026\/03\/NVIDIA-RTX-A2000-1.webp",250,200,false],"woocommerce_thumbnail":["https:\/\/gpusupplyco.com\/wp-content\/uploads\/2026\/03\/NVIDIA-RTX-A2000-1.webp",250,200,false],"woocommerce_single":["https:\/\/gpusupplyco.com\/wp-content\/uploads\/2026\/03\/NVIDIA-RTX-A2000-1.webp",250,200,false],"woocommerce_gallery_thumbnail":["https:\/\/gpusupplyco.com\/wp-content\/uploads\/2026\/03\/NVIDIA-RTX-A2000-1-100x100.webp",100,100,true]},"uagb_author_info":{"display_name":"","author_link":"https:\/\/gpusupplyco.com\/fr\/author\/"},"uagb_comment_info":0,"uagb_excerpt":"La prochaine \u00e9volution du calcul professionnel compact Architecture : NVIDIA Ada Lovelace VRAM : 16&nbsp;Go GDDR6 avec ECC Format : Profil bas, double emplacement Consommation d\u2019\u00e9nergie : 70 W (aucune alimentation PCIe externe requise) Id\u00e9al pour : Inf\u00e9rence IA en p\u00e9riph\u00e9rie, conception 3D et d\u00e9ploiements SFF haute densit\u00e9. \u00c9tat : neuf d\u2019usine, fiabilit\u00e9 de niveau\u2026","_links":{"self":[{"href":"https:\/\/gpusupplyco.com\/fr\/wp-json\/wp\/v2\/product\/1563","targetHints":{"allow":["GET"]}}],"collection":[{"href":"https:\/\/gpusupplyco.com\/fr\/wp-json\/wp\/v2\/product"}],"about":[{"href":"https:\/\/gpusupplyco.com\/fr\/wp-json\/wp\/v2\/types\/product"}],"replies":[{"embeddable":true,"href":"https:\/\/gpusupplyco.com\/fr\/wp-json\/wp\/v2\/comments?post=1563"}],"wp:featuredmedia":[{"embeddable":true,"href":"https:\/\/gpusupplyco.com\/fr\/wp-json\/wp\/v2\/media\/1562"}],"wp:attachment":[{"href":"https:\/\/gpusupplyco.com\/fr\/wp-json\/wp\/v2\/media?parent=1563"}],"wp:term":[{"taxonomy":"product_brand","embeddable":true,"href":"https:\/\/gpusupplyco.com\/fr\/wp-json\/wp\/v2\/product_brand?post=1563"},{"taxonomy":"product_cat","embeddable":true,"href":"https:\/\/gpusupplyco.com\/fr\/wp-json\/wp\/v2\/product_cat?post=1563"},{"taxonomy":"product_tag","embeddable":true,"href":"https:\/\/gpusupplyco.com\/fr\/wp-json\/wp\/v2\/product_tag?post=1563"}],"curies":[{"name":"wp","href":"https:\/\/api.w.org\/{rel}","templated":true}]}}