{"id":1425,"date":"2026-03-13T07:46:25","date_gmt":"2026-03-13T07:46:25","guid":{"rendered":"https:\/\/gpusupplyco.com\/product\/rtx-6000-ada-48gb-gpu-station-de-travail-professionnelle\/"},"modified":"2026-04-04T02:03:12","modified_gmt":"2026-04-04T02:03:12","slug":"rtx-6000-ada","status":"publish","type":"product","link":"https:\/\/gpusupplyco.com\/fr\/rtx-6000-ada\/","title":{"rendered":"RTX 6000 ADA 48Go &#8211; GPU Station de Travail Professionnelle"},"content":{"rendered":"<h2>Nvidia RTX 6000 ADA<\/h2>\n<ul>\n<li>\n<p data-path-to-node=\"5,0,0\"><b data-path-to-node=\"5,0,0\" data-index-in-node=\"0\">Fabricant du chipset :<\/b> NVIDIA<\/p>\n<\/li>\n<li>\n<p data-path-to-node=\"5,1,0\"><b data-path-to-node=\"5,1,0\" data-index-in-node=\"0\">S\u00e9rie de chipset :<\/b> RTX<\/p>\n<\/li>\n<li>\n<p data-path-to-node=\"5,2,0\"><b data-path-to-node=\"5,2,0\" data-index-in-node=\"0\">Mod\u00e8le de chipset :<\/b> RTX 6000 Ada<\/p>\n<\/li>\n<li>\n<p data-path-to-node=\"5,3,0\"><b data-path-to-node=\"5,3,0\" data-index-in-node=\"0\">C\u0153urs CUDA :<\/b> 18 176<\/p>\n<\/li>\n<li>\n<p data-path-to-node=\"5,4,0\"><b data-path-to-node=\"5,4,0\" data-index-in-node=\"0\">Technologie de m\u00e9moire :<\/b> GDDR6<\/p>\n<\/li>\n<li>\n<p data-path-to-node=\"5,5,0\"><b data-path-to-node=\"5,5,0\" data-index-in-node=\"0\">Largeur de bus :<\/b> 384 bits<\/p>\n<\/li>\n<li>\n<p data-path-to-node=\"5,6,0\"><b data-path-to-node=\"5,6,0\" data-index-in-node=\"0\">Type de refroidissement :<\/b> Refroidisseur actif (Active Cooler)<\/p>\n<\/li>\n<li>\n<p data-path-to-node=\"5,7,0\"><b data-path-to-node=\"5,7,0\" data-index-in-node=\"0\">Espace d&#8217;emplacement requis :<\/b> Double slot<\/p>\n<\/li>\n<li>\n<p data-path-to-node=\"5,8,0\"><b data-path-to-node=\"5,8,0\" data-index-in-node=\"0\">Hauteur :<\/b> 4,4 pouces (11,2 cm)<\/p>\n<\/li>\n<li>\n<p data-path-to-node=\"5,9,0\"><b data-path-to-node=\"5,9,0\" data-index-in-node=\"0\">DisplayPort :<\/b> Oui<\/p>\n<\/li>\n<li>\n<p data-path-to-node=\"5,10,0\"><b data-path-to-node=\"5,10,0\" data-index-in-node=\"0\">Nombre de sorties DisplayPort :<\/b> 4<\/p>\n<\/li>\n<li>\n<p data-path-to-node=\"5,11,0\"><b data-path-to-node=\"5,11,0\" data-index-in-node=\"0\">Consommation \u00e9lectrique :<\/b> 300 W<\/p>\n<\/li>\n<li>\n<p data-path-to-node=\"5,12,0\"><b data-path-to-node=\"5,12,0\" data-index-in-node=\"0\">Connecteur d&rsquo;alimentation :<\/b> 1x 16 broches<\/p>\n<\/li>\n<\/ul>\n<p>V\u00e9ritable pilier de l&rsquo;informatique industrielle moderne, la RTX 6000 ADA Generation red\u00e9finit les standards pour les professionnels exigeant une performance absolue. Que vous pilotiez le d\u00e9veloppement de l&rsquo;IA g\u00e9n\u00e9rative, l&rsquo;entra\u00eenement de mod\u00e8les de langage (LLM) ou le rendu d&rsquo;environnements cin\u00e9matographiques hyper-r\u00e9alistes, ce concentr\u00e9 de puissance de 48 Go repr\u00e9sente l&rsquo;apog\u00e9e de l&rsquo;architecture Ada Lovelace. Chez GPU SUPPLY Co., nous facilitons l&rsquo;acc\u00e8s aux technologies de pointe gr\u00e2ce \u00e0 un processus d&rsquo;approvisionnement B2B fluide et efficace pour ce mat\u00e9riel d&rsquo;\u00e9lite.<\/p>\n<p><img decoding=\"async\" class=\"alignnone size-medium wp-image-1409\" src=\"https:\/\/gpusupplyco.com\/wp-content\/uploads\/2026\/03\/nvidia-rtx-6000-ada-300x300.webp\" alt=\"RTX 6000 Ada Generation 48 Go - GPU Professionnelle pour Vente en Gros B2B\" width=\"300\" height=\"300\" srcset=\"https:\/\/gpusupplyco.com\/wp-content\/uploads\/2026\/03\/nvidia-rtx-6000-ada-300x300.webp 300w, https:\/\/gpusupplyco.com\/wp-content\/uploads\/2026\/03\/nvidia-rtx-6000-ada-150x150.webp 150w, https:\/\/gpusupplyco.com\/wp-content\/uploads\/2026\/03\/nvidia-rtx-6000-ada-768x768.webp 768w, https:\/\/gpusupplyco.com\/wp-content\/uploads\/2026\/03\/nvidia-rtx-6000-ada-600x600.webp 600w, https:\/\/gpusupplyco.com\/wp-content\/uploads\/2026\/03\/nvidia-rtx-6000-ada-100x100.webp 100w, https:\/\/gpusupplyco.com\/wp-content\/uploads\/2026\/03\/nvidia-rtx-6000-ada.webp 800w\" sizes=\"(max-width: 300px) 100vw, 300px\" \/><\/p>\n<h2>La Puissance In\u00e9gal\u00e9e de la RTX 6000 Ada<\/h2>\n<p>Dans le domaine de la visualisation professionnelle, la RTX 6000 ADA n&rsquo;est pas une simple carte graphique ; c&rsquo;est une solution de calcul compl\u00e8te. Avec sa m\u00e9moire GDDR6 massive de 48 Go, elle offre la marge de man\u0153uvre n\u00e9cessaire pour une cr\u00e9ativit\u00e9 et un traitement de donn\u00e9es sans compromis. En int\u00e9grant la RTX 6000 ADA \u00e0 votre parc de stations de travail, vous d\u00e9bloquez la capacit\u00e9 de g\u00e9rer des ensembles de donn\u00e9es massifs et des sc\u00e8nes 3D complexes qui paralyseraient le mat\u00e9riel grand public standard. La stabilit\u00e9 et les certifications ISV garantissent que vos applications critiques fonctionnent sans faille sous des charges de travail intensives 24h\/24 et 7j\/7.<\/p>\n<h3>Architecture Ada Lovelace de Pointe pour l&rsquo;IA Moderne<\/h3>\n<p>La transition vers l&rsquo;architecture Ada Lovelace repr\u00e9sente un bond significatif en termes d&rsquo;efficacit\u00e9 et de d\u00e9bit. La RTX 6000 ADA exploite cette architecture pour offrir des performances de ray-tracing et des capacit\u00e9s d&rsquo;inf\u00e9rence d&rsquo;IA jusqu&rsquo;\u00e0 deux fois sup\u00e9rieures \u00e0 celles de ses pr\u00e9d\u00e9cesseurs. Cela en fait le choix privil\u00e9gi\u00e9 des data scientists et des ing\u00e9nieurs travaillant \u00e0 la pointe du deep learning. Les multiprocesseurs de flux am\u00e9lior\u00e9s de l&rsquo;architecture et la gestion de l&rsquo;\u00e9nergie de nouvelle g\u00e9n\u00e9ration permettent un \u00e9quilibre sophistiqu\u00e9 entre vitesse brute et fiabilit\u00e9 de classe entreprise.<\/p>\n<h4>C\u0153urs RT et c\u0153urs Tensor r\u00e9volutionnaires<\/h4>\n<p>Au c\u0153ur du silicium de la RTX 6000 ADA, des c\u0153urs sp\u00e9cialis\u00e9s travaillent en parfaite synergie pour acc\u00e9l\u00e9rer les t\u00e2ches les plus exigeantes. Les c\u0153urs RT de troisi\u00e8me g\u00e9n\u00e9ration offrent une augmentation spectaculaire des performances de ray-tracing en temps r\u00e9el, tandis que les c\u0153urs Tensor de quatri\u00e8me g\u00e9n\u00e9ration apportent un support sp\u00e9cialis\u00e9 pour les formats de donn\u00e9es FP8. Cette synergie technique permet un traitement simultan\u00e9 de l&rsquo;IA et du graphisme, autorisant des pr\u00e9visualisations photor\u00e9alistes en temps r\u00e9el pendant que les t\u00e2ches d&rsquo;IA en arri\u00e8re-plan se poursuivent sans interruption.<\/p>\n<h5>Optimisation des flux de travail avec 48Go de m\u00e9moire GDDR6 ECC<\/h5>\n<p>La capacit\u00e9 de m\u00e9moire est souvent le principal goulot d&rsquo;\u00e9tranglement dans la production haut de gamme. La <strong>RTX 6000 ADA<\/strong> r\u00e9sout ce probl\u00e8me avec 48 Go de m\u00e9moire ECC (Error Correction Code). Dans un environnement B2B, les erreurs de m\u00e9moire peuvent entra\u00eener une corruption de donn\u00e9es catastrophique ou des plantages syst\u00e8me lors de longues s\u00e9quences de rendu. L&rsquo;ECC garantit l&rsquo;int\u00e9grit\u00e9 de vos donn\u00e9es, offrant la s\u00e9r\u00e9nit\u00e9 n\u00e9cessaire pour les simulations scientifiques et les rendus architecturaux \u00e0 grande \u00e9chelle. Pour ceux qui recherchent une solution l\u00e9g\u00e8rement plus compacte, vous pouvez \u00e9galement <a title=\"Voir la NVIDIA RTX A4000\" href=\"https:\/\/gpusupplyco.com\/fr\/produit\/nvidia-rtx-a4000\/\">comparer ce mod\u00e8le avec la NVIDIA RTX A4000<\/a>, qui reste un choix privil\u00e9gi\u00e9 pour les d\u00e9ploiements de stations de travail \u00e0 emplacement unique.<\/p>\n<h6>Gestion thermique efficace et conception \u00e0 double emplacement<\/h6>\n<p>Malgr\u00e9 son immense puissance, la <strong>NVIDIA RTX 6000 Ada<\/strong> conserve une conception thermique de type soufflante \u00e0 double emplacement. C\u2019est un aspect crucial pour les configurations multi-GPU au sein d\u2019un seul ch\u00e2ssis de station de travail. La gestion efficace du flux d\u2019air garantit que la chaleur est expuls\u00e9e directement hors du bo\u00eetier, permettant des performances stables m\u00eame lorsque plusieurs unit\u00e9s sont superpos\u00e9es pour des t\u00e2ches de calcul parall\u00e8le ou des n\u0153uds de rendu massifs.<\/p>\n<h2>Approvisionnement B2B fluide et solutions de vente en gros<\/h2>\n<p>GPU SUPPLY Co. se sp\u00e9cialise dans la distribution internationale de mat\u00e9riel d\u2019entreprise haut de gamme. Nous comprenons la complexit\u00e9 de la logistique mondiale et l\u2019importance d\u2019une exp\u00e9dition optimis\u00e9e sur le plan fiscal. Lorsque vous vous procurez la <strong>NVIDIA RTX 6000 Ada<\/strong> dans notre inventaire, vous vous associez \u00e0 un distributeur qui valorise l\u2019int\u00e9grit\u00e9 et la rapidit\u00e9 de la cha\u00eene d\u2019approvisionnement. Nous maintenons des stocks dans des centres strat\u00e9giques, notamment aux \u00c9tats-Unis, \u00e0 Hong Kong et \u00e0 Singapour, afin de garantir un d\u00e9ploiement rapide vers vos installations dans le monde entier.<\/p>\n<h3>Pourquoi les grandes entreprises choisissent la RTX 6000 Ada<\/h3>\n<p>De la conception automobile \u00e0 l\u2019imagerie m\u00e9dicale, la <strong>NVIDIA RTX 6000 Ada<\/strong> est devenue la norme pour le calcul de qualit\u00e9 professionnelle. Le tampon de trame de 48\u00a0Go permet aux ing\u00e9nieurs de conserver des assemblages entiers en m\u00e9moire, tandis que les cin\u00e9astes peuvent monter des vid\u00e9os 8K en temps r\u00e9el sans fichiers proxy. Nos clients B2B appr\u00e9cient le long cycle de vie de cette carte, garantissant que leur investissement reste pertinent et puissant pendant des ann\u00e9es, r\u00e9duisant ainsi la fr\u00e9quence des cycles de renouvellement de mat\u00e9riel co\u00fbteux.<\/p>\n<h2>Sp\u00e9cifications techniques et documentation du fabricant<\/h2>\n<p>La transparence est la cl\u00e9 d\u2019un partenariat B2B r\u00e9ussi. Nous fournissons un acc\u00e8s complet aux fiches techniques pour garantir que ce mat\u00e9riel r\u00e9pond aux exigences sp\u00e9cifiques de votre infrastructure informatique. La <strong>NVIDIA RTX 6000 Ada<\/strong> prend en charge quatre sorties DisplayPort 1.4a, consomme un maximum de 300\u00a0W et utilise l\u2019interface PCIe 4.0 x16 pour un d\u00e9bit de donn\u00e9es maximal. Pour ceux qui n\u00e9cessitent une analyse technique plus approfondie, veuillez vous r\u00e9f\u00e9rer aux <a href=\"https:\/\/www.nvidia.com\/en-us\/products\/workstations\/rtx-6000\/\" target=\"_blank\" rel=\"noopener\">sp\u00e9cifications officielles de la NVIDIA RTX 6000 Ada<\/a> pour obtenir des d\u00e9tails complets sur les pilotes et les certifications.<\/p>\n<p>En conclusion, la <strong>NVIDIA RTX 6000 Ada<\/strong> Generation est le choix d\u00e9finitif pour les professionnels qui ne peuvent se permettre d\u2019attendre. C\u2019est un atout strat\u00e9gique pour toute entreprise ax\u00e9e sur l\u2019IA, la cr\u00e9ation de contenu 3D ou la recherche intensive en donn\u00e9es. Contactez notre \u00e9quipe d\u2019ing\u00e9nierie commerciale d\u00e8s aujourd\u2019hui pour discuter des prix de gros, de la disponibilit\u00e9 des stocks et de nos options d\u2019exp\u00e9dition DAP sp\u00e9cialis\u00e9es vers votre r\u00e9gion. Laissez-nous vous aider \u00e0 faire \u00e9voluer votre puissance de calcul avec le GPU de station de travail le plus avanc\u00e9 au monde.<\/p>\n","protected":false},"excerpt":{"rendered":"<ul data-path-to-node=\"5\">\n<li>\n<p data-path-to-node=\"5,0,0\"><b data-path-to-node=\"5,0,0\" data-index-in-node=\"0\">\u00c9tat :<\/b> Neuf<\/p>\n<\/li>\n<li>\n<p data-path-to-node=\"5,1,0\"><b data-path-to-node=\"5,1,0\" data-index-in-node=\"0\">SKU :<\/b> VCNRTX6000ADA-SB<\/p>\n<\/li>\n<li>\n<p data-path-to-node=\"5,2,0\"><b data-path-to-node=\"5,2,0\" data-index-in-node=\"0\">Emballage :<\/b> VRAC (Bulk)<\/p>\n<\/li>\n<li>\n<p data-path-to-node=\"5,3,0\"><b data-path-to-node=\"5,3,0\" data-index-in-node=\"0\">Disponibilit\u00e9 :<\/b> Nous contacter<\/p>\n<\/li>\n<li>\n<p data-path-to-node=\"5,4,0\"><b data-path-to-node=\"5,4,0\" data-index-in-node=\"0\">D\u00e9lai de livraison :<\/b> Estim\u00e9 1 \u00e0 3 semaines &#8211; Non annulable, non retournable (NCNR)<\/p>\n<\/li>\n<li>\n<p data-path-to-node=\"5,5,0\"><b data-path-to-node=\"5,5,0\" data-index-in-node=\"0\">Garantie fabricant :<\/b> Aucune<\/p>\n<\/li>\n<li>\n<p data-path-to-node=\"5,6,0\"><b data-path-to-node=\"5,6,0\" data-index-in-node=\"0\">Notre garantie :<\/b> 180 Jours<\/p>\n<\/li>\n<\/ul>\n<p data-path-to-node=\"6\"><b data-path-to-node=\"6\" data-index-in-node=\"0\">Achats B2B mondiaux :<\/b> Livraison fluide vers les \u00c9tats-Unis, le Royaume-Uni, l&rsquo;UE et le Canada. <b data-path-to-node=\"6\" data-index-in-node=\"95\">NVIDIA RTX :<\/b> Les meilleurs tarifs B2B pour les \u00c9tats-Unis, le Royaume-Uni, l&rsquo;UE et le Canada. <b data-path-to-node=\"6\" data-index-in-node=\"189\">D\u00e9douanement sans tracas &amp; Livraison porte-\u00e0-porte.<\/b><\/p>\n","protected":false},"featured_media":1424,"comment_status":"open","ping_status":"closed","template":"","meta":{"_uag_custom_page_level_css":"","site-sidebar-layout":"default","site-content-layout":"","ast-site-content-layout":"default","site-content-style":"default","site-sidebar-style":"default","ast-global-header-display":"","ast-banner-title-visibility":"","ast-main-header-display":"","ast-hfb-above-header-display":"","ast-hfb-below-header-display":"","ast-hfb-mobile-header-display":"","site-post-title":"","ast-breadcrumbs-content":"","ast-featured-img":"","footer-sml-layout":"","ast-disable-related-posts":"","theme-transparent-header-meta":"default","adv-header-id-meta":"","stick-header-meta":"","header-above-stick-meta":"","header-main-stick-meta":"","header-below-stick-meta":"","astra-migrate-meta-layouts":"set","ast-page-background-enabled":"default","ast-page-background-meta":{"desktop":{"background-color":"","background-image":"","background-repeat":"repeat","background-position":"center center","background-size":"auto","background-attachment":"scroll","background-type":"","background-media":"","overlay-type":"","overlay-color":"","overlay-opacity":"","overlay-gradient":""},"tablet":{"background-color":"","background-image":"","background-repeat":"repeat","background-position":"center center","background-size":"auto","background-attachment":"scroll","background-type":"","background-media":"","overlay-type":"","overlay-color":"","overlay-opacity":"","overlay-gradient":""},"mobile":{"background-color":"","background-image":"","background-repeat":"repeat","background-position":"center center","background-size":"auto","background-attachment":"scroll","background-type":"","background-media":"","overlay-type":"","overlay-color":"","overlay-opacity":"","overlay-gradient":""}},"ast-content-background-meta":{"desktop":{"background-color":"var(--ast-global-color-5)","background-image":"","background-repeat":"repeat","background-position":"center center","background-size":"auto","background-attachment":"scroll","background-type":"","background-media":"","overlay-type":"","overlay-color":"","overlay-opacity":"","overlay-gradient":""},"tablet":{"background-color":"var(--ast-global-color-5)","background-image":"","background-repeat":"repeat","background-position":"center center","background-size":"auto","background-attachment":"scroll","background-type":"","background-media":"","overlay-type":"","overlay-color":"","overlay-opacity":"","overlay-gradient":""},"mobile":{"background-color":"var(--ast-global-color-5)","background-image":"","background-repeat":"repeat","background-position":"center center","background-size":"auto","background-attachment":"scroll","background-type":"","background-media":"","overlay-type":"","overlay-color":"","overlay-opacity":"","overlay-gradient":""}}},"product_brand":[],"product_cat":[39],"product_tag":[],"class_list":{"0":"post-1425","1":"product","2":"type-product","3":"status-publish","4":"has-post-thumbnail","6":"product_cat-processeur-graphique","7":"desktop-align-left","8":"tablet-align-left","9":"mobile-align-left","11":"first","12":"instock","13":"sale","14":"shipping-taxable","15":"product-type-simple"},"uagb_featured_image_src":{"full":["https:\/\/gpusupplyco.com\/wp-content\/uploads\/2026\/03\/nvidia-rtx-6000-ada.webp",800,800,false],"thumbnail":["https:\/\/gpusupplyco.com\/wp-content\/uploads\/2026\/03\/nvidia-rtx-6000-ada-150x150.webp",150,150,true],"medium":["https:\/\/gpusupplyco.com\/wp-content\/uploads\/2026\/03\/nvidia-rtx-6000-ada-300x300.webp",300,300,true],"medium_large":["https:\/\/gpusupplyco.com\/wp-content\/uploads\/2026\/03\/nvidia-rtx-6000-ada-768x768.webp",768,768,true],"large":["https:\/\/gpusupplyco.com\/wp-content\/uploads\/2026\/03\/nvidia-rtx-6000-ada.webp",800,800,false],"1536x1536":["https:\/\/gpusupplyco.com\/wp-content\/uploads\/2026\/03\/nvidia-rtx-6000-ada.webp",800,800,false],"2048x2048":["https:\/\/gpusupplyco.com\/wp-content\/uploads\/2026\/03\/nvidia-rtx-6000-ada.webp",800,800,false],"woocommerce_thumbnail":["https:\/\/gpusupplyco.com\/wp-content\/uploads\/2026\/03\/nvidia-rtx-6000-ada-300x300.webp",300,300,true],"woocommerce_single":["https:\/\/gpusupplyco.com\/wp-content\/uploads\/2026\/03\/nvidia-rtx-6000-ada-600x600.webp",600,600,true],"woocommerce_gallery_thumbnail":["https:\/\/gpusupplyco.com\/wp-content\/uploads\/2026\/03\/nvidia-rtx-6000-ada-100x100.webp",100,100,true]},"uagb_author_info":{"display_name":"","author_link":"https:\/\/gpusupplyco.com\/fr\/author\/"},"uagb_comment_info":0,"uagb_excerpt":"\u00c9tat : Neuf SKU : VCNRTX6000ADA-SB Emballage : VRAC (Bulk) Disponibilit\u00e9 : Nous contacter D\u00e9lai de livraison : Estim\u00e9 1 \u00e0 3 semaines - Non annulable, non retournable (NCNR) Garantie fabricant : Aucune Notre garantie : 180 Jours Achats B2B mondiaux : Livraison fluide vers les \u00c9tats-Unis, le Royaume-Uni, l'UE et le Canada. NVIDIA RTX\u2026","_links":{"self":[{"href":"https:\/\/gpusupplyco.com\/fr\/wp-json\/wp\/v2\/product\/1425","targetHints":{"allow":["GET"]}}],"collection":[{"href":"https:\/\/gpusupplyco.com\/fr\/wp-json\/wp\/v2\/product"}],"about":[{"href":"https:\/\/gpusupplyco.com\/fr\/wp-json\/wp\/v2\/types\/product"}],"replies":[{"embeddable":true,"href":"https:\/\/gpusupplyco.com\/fr\/wp-json\/wp\/v2\/comments?post=1425"}],"wp:featuredmedia":[{"embeddable":true,"href":"https:\/\/gpusupplyco.com\/fr\/wp-json\/wp\/v2\/media\/1424"}],"wp:attachment":[{"href":"https:\/\/gpusupplyco.com\/fr\/wp-json\/wp\/v2\/media?parent=1425"}],"wp:term":[{"taxonomy":"product_brand","embeddable":true,"href":"https:\/\/gpusupplyco.com\/fr\/wp-json\/wp\/v2\/product_brand?post=1425"},{"taxonomy":"product_cat","embeddable":true,"href":"https:\/\/gpusupplyco.com\/fr\/wp-json\/wp\/v2\/product_cat?post=1425"},{"taxonomy":"product_tag","embeddable":true,"href":"https:\/\/gpusupplyco.com\/fr\/wp-json\/wp\/v2\/product_tag?post=1425"}],"curies":[{"name":"wp","href":"https:\/\/api.w.org\/{rel}","templated":true}]}}