{"id":1616,"date":"2026-03-19T02:09:46","date_gmt":"2026-03-19T02:09:46","guid":{"rendered":"https:\/\/gpusupplyco.com\/expedition-mondiale-et-logistique-securisee-pour-entreprises-2\/"},"modified":"2026-03-19T02:13:22","modified_gmt":"2026-03-19T02:13:22","slug":"expedition-mondiale-et-logistique-securisee-pour-entreprises-2","status":"publish","type":"page","link":"https:\/\/gpusupplyco.com\/fr\/expedition-mondiale-et-logistique-securisee-pour-entreprises-2\/","title":{"rendered":"Exp\u00e9dition mondiale et logistique s\u00e9curis\u00e9e pour entreprises"},"content":{"rendered":"\n<h2 class=\"wp-block-heading\">Livraison en France<\/h2>\n\n<p>Chez <strong>GPU Supply Co.<\/strong>, nous comprenons que l&rsquo;acquisition de mat\u00e9riel informatique de haute valeur ne repr\u00e9sente que la moiti\u00e9 de l&rsquo;\u00e9quation. Le livrer de mani\u00e8re s\u00e9curis\u00e9e, pr\u00e9visible et sans friction r\u00e9glementaire \u00e0 votre centre de donn\u00e9es est tout aussi essentiel. Nous avons con\u00e7u un r\u00e9seau logistique de classe mondiale, de bout en bout, sp\u00e9cifiquement destin\u00e9 aux GPU d&rsquo;entreprise haute densit\u00e9.  <\/p>\n\n<h2 class=\"wp-block-heading\">La Garantie de D\u00e9douanement \u00ab Risque Z\u00e9ro \u00bb<\/h2>\n\n<p>L&rsquo;acquisition internationale de mat\u00e9riel s&rsquo;accompagne souvent de l&rsquo;anxi\u00e9t\u00e9 li\u00e9e aux retards douaniers, aux droits d&rsquo;importation impr\u00e9vus et aux formalit\u00e9s r\u00e9glementaires complexes. Nous \u00e9liminons enti\u00e8rement cette friction. <\/p>\n\n<p>Gr\u00e2ce \u00e0 notre r\u00e9seau \u00e9tabli de courtiers en douane d&rsquo;\u00e9lite et de partenaires logistiques strat\u00e9giques, nous proposons une exp\u00e9rience <strong>porte-\u00e0-porte \/ DDP (Delivered Duty Paid)<\/strong> pour nos r\u00e9gions de service principales. Cela signifie que GPU Supply Co. g\u00e8re toutes les d\u00e9clarations d&rsquo;importation, les d\u00e9clarations fiscales et les proc\u00e9dures de d\u00e9douanement. Vous recevez simplement les palettes s\u00e9curis\u00e9es directement dans vos installations \u2014 sans risques douaniers, sans frais cach\u00e9s et sans tracas administratifs.  <\/p>\n\n<h2 class=\"wp-block-heading\">Acheminement r\u00e9gional optimis\u00e9 et livraison acc\u00e9l\u00e9r\u00e9e<\/h2>\n\n<p>Nous proposons des voies d&rsquo;exp\u00e9dition localis\u00e9es et acc\u00e9l\u00e9r\u00e9es vers les r\u00e9gions cl\u00e9s suivantes, garantissant la conformit\u00e9 aux r\u00e9glementations d&rsquo;importation locales et un d\u00e9ploiement rapide pour votre infrastructure informatique :<\/p>\n\n<ul class=\"wp-block-list\">\n<li><strong>Am\u00e9rique du Nord (\u00c9tats-Unis et Canada) :<\/strong> Utilisation de fret transfrontalier acc\u00e9l\u00e9r\u00e9 avec des canaux logistiques pr\u00e9d\u00e9douan\u00e9s. Que vous \u00e9quipiez une ferme de rendu en Californie ou un laboratoire d&rsquo;IA \u00e0 Toronto, attendez-vous \u00e0 une livraison directe et sans accroc. <\/li>\n\n\n\n<li><strong>Union europ\u00e9enne (Allemagne, France et Pologne) :<\/strong> Nous g\u00e9rons pour vous les complexit\u00e9s de la TVA europ\u00e9enne et des unions douani\u00e8res r\u00e9gionales. En utilisant des points d&rsquo;entr\u00e9e optimis\u00e9s dans l&rsquo;UE, nous garantissons un transit fluide et un d\u00e9douanement acc\u00e9l\u00e9r\u00e9 vers l&rsquo;Allemagne, la France et les p\u00f4les technologiques en pleine expansion en Pologne. <\/li>\n\n\n\n<li><strong>Asie-Pacifique (Australie) :<\/strong> Des canaux de fret a\u00e9rien d\u00e9di\u00e9s garantissent que nos clients d&rsquo;entreprise australiens re\u00e7oivent leurs commandes en gros avec un temps de transit minimal et le respect total des protocoles d&rsquo;importation de mat\u00e9riel de l&rsquo;Australian Border Force.<\/li>\n<\/ul>\n\n<h2 class=\"wp-block-heading\">S\u00e9curit\u00e9 des actifs et assurance \u00e0 valeur totale<\/h2>\n\n<p>Le mat\u00e9riel informatique haute performance exige une s\u00e9curit\u00e9 de transit de niveau militaire. Chaque exp\u00e9dition envoy\u00e9e par GPU Supply Co. fait l&rsquo;objet de protocoles de s\u00e9curit\u00e9 rigoureux : <\/p>\n\n<ul class=\"wp-block-list\">\n<li><strong>Emballage discret et s\u00e9curis\u00e9 :<\/strong> Tous les GPU sont exp\u00e9di\u00e9s dans un emballage non marqu\u00e9, inviolable et antistatique afin de pr\u00e9venir le vol et les dommages environnementaux pendant le transit.<\/li>\n\n\n\n<li><strong>Assurance transit \u00e0 valeur totale :<\/strong> Du moment o\u00f9 l&rsquo;inventaire quitte notre entrep\u00f4t jusqu&rsquo;\u00e0 sa r\u00e9ception sign\u00e9e \u00e0 votre quai de chargement, votre commande est assur\u00e9e \u00e0 100 % contre la perte, les dommages ou les erreurs d&rsquo;acheminement.<\/li>\n\n\n\n<li><strong>Suivi de fret d\u00e9di\u00e9 :<\/strong> Les clients B2B b\u00e9n\u00e9ficient d&rsquo;un suivi de fret en temps r\u00e9el avec GPS et d&rsquo;un acc\u00e8s direct \u00e0 un gestionnaire de compte logistique d\u00e9di\u00e9 qui surveille l&rsquo;exp\u00e9dition 24 h\/24 et 7 j\/7.<\/li>\n<\/ul>\n\n<h2 class=\"wp-block-heading\">Pr\u00eat pour un d\u00e9ploiement mondial ?<\/h2>\n\n<p>Your computing power shouldn\u2019t be held up by red tape. Whether you are ordering a batch of NVIDIA RTX A4000s or outfitting a supercomputer with the RTX 6000 Ada, our supply chain is built to deliver. <\/p>\n\n<p><strong><a href=\"https:\/\/gpusupplyco.com\/fr\/contact\/?customize_changeset_uuid=4184055f-fe90-481c-aa65-a4af0179a4ff&#038;customize_autosaved=on&#038;customize_messenger_channel=preview-1\">Contactez notre \u00e9quipe d&rsquo;ing\u00e9nierie commerciale d\u00e8s aujourd&rsquo;hui<\/a><\/strong> pour discuter des d\u00e9lais de transit sp\u00e9cifiques, des tarifs d&rsquo;exp\u00e9dition en gros et des solutions logistiques personnalis\u00e9es pour votre prochain cycle d&rsquo;approvisionnement.<\/p>\n","protected":false},"excerpt":{"rendered":"<p>Livraison en France Chez GPU Supply Co., nous comprenons que l&rsquo;acquisition de mat\u00e9riel informatique de haute valeur ne repr\u00e9sente que la moiti\u00e9 de l&rsquo;\u00e9quation. Le livrer de mani\u00e8re s\u00e9curis\u00e9e, pr\u00e9visible et sans friction r\u00e9glementaire \u00e0 votre centre de donn\u00e9es est tout aussi essentiel. Nous avons con\u00e7u un r\u00e9seau logistique de classe mondiale, de bout en [&hellip;]<\/p>\n","protected":false},"author":1,"featured_media":0,"parent":0,"menu_order":0,"comment_status":"closed","ping_status":"closed","template":"","meta":{"_uag_custom_page_level_css":"","site-sidebar-layout":"default","site-content-layout":"","ast-site-content-layout":"default","site-content-style":"default","site-sidebar-style":"default","ast-global-header-display":"","ast-banner-title-visibility":"","ast-main-header-display":"","ast-hfb-above-header-display":"","ast-hfb-below-header-display":"","ast-hfb-mobile-header-display":"","site-post-title":"","ast-breadcrumbs-content":"","ast-featured-img":"","footer-sml-layout":"","ast-disable-related-posts":"","theme-transparent-header-meta":"","adv-header-id-meta":"","stick-header-meta":"","header-above-stick-meta":"","header-main-stick-meta":"","header-below-stick-meta":"","astra-migrate-meta-layouts":"default","ast-page-background-enabled":"default","ast-page-background-meta":{"desktop":{"background-color":"","background-image":"","background-repeat":"repeat","background-position":"center center","background-size":"auto","background-attachment":"scroll","background-type":"","background-media":"","overlay-type":"","overlay-color":"","overlay-opacity":"","overlay-gradient":""},"tablet":{"background-color":"","background-image":"","background-repeat":"repeat","background-position":"center center","background-size":"auto","background-attachment":"scroll","background-type":"","background-media":"","overlay-type":"","overlay-color":"","overlay-opacity":"","overlay-gradient":""},"mobile":{"background-color":"","background-image":"","background-repeat":"repeat","background-position":"center center","background-size":"auto","background-attachment":"scroll","background-type":"","background-media":"","overlay-type":"","overlay-color":"","overlay-opacity":"","overlay-gradient":""}},"ast-content-background-meta":{"desktop":{"background-color":"var(--ast-global-color-5)","background-image":"","background-repeat":"repeat","background-position":"center center","background-size":"auto","background-attachment":"scroll","background-type":"","background-media":"","overlay-type":"","overlay-color":"","overlay-opacity":"","overlay-gradient":""},"tablet":{"background-color":"var(--ast-global-color-5)","background-image":"","background-repeat":"repeat","background-position":"center center","background-size":"auto","background-attachment":"scroll","background-type":"","background-media":"","overlay-type":"","overlay-color":"","overlay-opacity":"","overlay-gradient":""},"mobile":{"background-color":"var(--ast-global-color-5)","background-image":"","background-repeat":"repeat","background-position":"center center","background-size":"auto","background-attachment":"scroll","background-type":"","background-media":"","overlay-type":"","overlay-color":"","overlay-opacity":"","overlay-gradient":""}},"footnotes":""},"class_list":["post-1616","page","type-page","status-publish","hentry"],"_hostinger_reach_plugin_has_subscription_block":false,"_hostinger_reach_plugin_is_elementor":false,"uagb_featured_image_src":{"full":false,"thumbnail":false,"medium":false,"medium_large":false,"large":false,"1536x1536":false,"2048x2048":false,"woocommerce_thumbnail":false,"woocommerce_single":false,"woocommerce_gallery_thumbnail":false},"uagb_author_info":{"display_name":"","author_link":"https:\/\/gpusupplyco.com\/fr\/author\/jw2070174gmail-com\/"},"uagb_comment_info":0,"uagb_excerpt":"Livraison en France Chez GPU Supply Co., nous comprenons que l&rsquo;acquisition de mat\u00e9riel informatique de haute valeur ne repr\u00e9sente que la moiti\u00e9 de l&rsquo;\u00e9quation. Le livrer de mani\u00e8re s\u00e9curis\u00e9e, pr\u00e9visible et sans friction r\u00e9glementaire \u00e0 votre centre de donn\u00e9es est tout aussi essentiel. Nous avons con\u00e7u un r\u00e9seau logistique de classe mondiale, de bout en\u2026","_links":{"self":[{"href":"https:\/\/gpusupplyco.com\/fr\/wp-json\/wp\/v2\/pages\/1616","targetHints":{"allow":["GET"]}}],"collection":[{"href":"https:\/\/gpusupplyco.com\/fr\/wp-json\/wp\/v2\/pages"}],"about":[{"href":"https:\/\/gpusupplyco.com\/fr\/wp-json\/wp\/v2\/types\/page"}],"author":[{"embeddable":true,"href":"https:\/\/gpusupplyco.com\/fr\/wp-json\/wp\/v2\/users\/1"}],"replies":[{"embeddable":true,"href":"https:\/\/gpusupplyco.com\/fr\/wp-json\/wp\/v2\/comments?post=1616"}],"version-history":[{"count":1,"href":"https:\/\/gpusupplyco.com\/fr\/wp-json\/wp\/v2\/pages\/1616\/revisions"}],"predecessor-version":[{"id":1617,"href":"https:\/\/gpusupplyco.com\/fr\/wp-json\/wp\/v2\/pages\/1616\/revisions\/1617"}],"wp:attachment":[{"href":"https:\/\/gpusupplyco.com\/fr\/wp-json\/wp\/v2\/media?parent=1616"}],"curies":[{"name":"wp","href":"https:\/\/api.w.org\/{rel}","templated":true}]}}