{"id":1501,"date":"2026-03-08T06:42:45","date_gmt":"2026-03-08T06:42:45","guid":{"rendered":"https:\/\/gpusupplyco.com\/accueil\/"},"modified":"2026-03-18T13:46:31","modified_gmt":"2026-03-18T13:46:31","slug":"accueil","status":"publish","type":"page","link":"https:\/\/gpusupplyco.com\/fr\/","title":{"rendered":"Accueil"},"content":{"rendered":"<div data-spectra-id=\"b4bdb975\"\tstyle=\"overflow: visible; --spectra-background-color: var(--ast-global-color-7); --spectra-overlay-opacity: 0.5;\" class=\"spectra-is-root-container alignfull spectra-overlay-color spectra-overflow spectra-background-color spectra-dim-ratio wp-block-spectra-container\" data-orientation=\"vertical\"\t>\n\t\n\n<h5 class=\"wp-block-heading\"><mark class=\"has-inline-color has-ast-global-color-1-color\">LEADER EN INFRASTRUCTURES D&rsquo;IA POUR ENTREPRISES<\/mark><\/h5>\n\n\n\n<h1 class=\"wp-block-heading has-ast-global-color-1-color has-text-color has-link-color has-large-font-size wp-elements-ea9c99d540b0b53d24eb38054404290a\">SOLUTIONS DE SERVEUR D&rsquo;IA ET NVIDIA GPU POUR STATION DE TRAVAIL<\/h1>\n\n\n<div data-spectra-id=\"spectra-3b7e0e21-buttons\" class=\"wp-block-button spectra-buttons wp-block-spectra-buttons\">\n\t\n<a data-spectra-id=\"spectra-3b7e0e21-button\" href=\"https:\/\/gpusupplyco.com\/my-account\/\" target=\"_self\" aria-label=\"PARTNER WITH US\" class=\"wp-block-button__link wp-element-button wp-block-spectra-button has-text-color has-background\">\n<div class=\"spectra-button__link\">PARTNER WITH US<\/div><\/a>\n\n<\/div>\n\n\n<div data-spectra-id=\"spectra-mh0btnno-zyxfri\" style=\"overflow: visible\" class=\"spectra-overlay-color spectra-overflow wp-block-spectra-container\" data-orientation=\"vertical\">\n\t\n<div data-spectra-id=\"62f0ec94\" style=\"--spectra-text-color: #ffffff\" class=\"spectra-text-color aligncenter  wp-block-spectra-icon\">\n\t\t\t\t\t\t<svg class=\"spectra-icon\" xmlns=\"https:\/\/www.w3.org\/2000\/svg\" viewBox=\"0 0 320 512\" focusable=\"false\" style=\"fill: currentColor\" role=\"graphics-symbol\" aria-hidden=\"false\" aria-label=\"An icon named down-long\"><path d=\"M281.6 392.3l-104 112.1c-9.498 10.24-25.69 10.24-35.19 0l-104-112.1c-6.484-6.992-8.219-17.18-4.404-25.94c3.811-8.758 12.45-14.42 21.1-14.42H128V32c0-17.69 14.33-32 32-32S192 14.31 192 32v319.9h72c9.547 0 18.19 5.66 22 14.42C289.8 375.1 288.1 385.3 281.6 392.3z\"><\/path><\/svg>\n\t\t\t\t<\/div>\n\n<\/div>\n\n<\/div>\n\n\n<div data-spectra-id=\"a9605dcc\"\tstyle=\"overflow: visible; --spectra-overlay-opacity: 1;\" class=\"spectra-is-root-container alignfull spectra-overlay-color spectra-overflow spectra-dim-ratio wp-block-spectra-container\" data-orientation=\"vertical\"\t>\n\t\n\t<h5 data-spectra-id=\"spectra-04f073f9-prefix\" style=\"--spectra-text-color: var(--ast-global-color-2)\" class=\"has-text-color spectra-text-color wp-block-spectra-content has-text-color has-var-ast-global-color-2-color\">\n\t\tAbout Us\t<\/h5>\n\n\n\n<h2 class=\"wp-block-heading has-large-font-size\">Infrastructure NVIDIA GPU Haute Performance<\/h2>\n\n\n\n<p class=\"has-medium-font-size\" style=\"border-style:none;border-width:0px;margin-top:var(--wp--preset--spacing--60);margin-bottom:var(--wp--preset--spacing--60);margin-left:40px;line-height:1.5\">Premier distributeur B2B aux \u00c9tats-Unis pour NVIDIA RTX et solutions de calcul. Demandez un devis pour votre nvidia gpu d\u00e8s aujourd&rsquo;hui <\/p>\n\n\n\n<div class=\"wp-block-columns is-layout-flex wp-container-core-columns-is-layout-28f84493 wp-block-columns-is-layout-flex\">\n<div class=\"wp-block-column is-layout-flow wp-block-column-is-layout-flow\">\n<figure data-spectra-id=\"spectra-mmrl3chw-f79qaw\" class=\"wp-block-image size-full is-resized\"><img decoding=\"async\" width=\"600\" height=\"600\" src=\"https:\/\/gpusupplyco.com\/wp-content\/uploads\/2026\/03\/PNY-AUTHORIZED-PARTNER.jpg\" alt=\"\" class=\"wp-image-1486\" srcset=\"https:\/\/gpusupplyco.com\/wp-content\/uploads\/2026\/03\/PNY-AUTHORIZED-PARTNER.jpg 600w, https:\/\/gpusupplyco.com\/wp-content\/uploads\/2026\/03\/PNY-AUTHORIZED-PARTNER-300x300.jpg 300w, https:\/\/gpusupplyco.com\/wp-content\/uploads\/2026\/03\/PNY-AUTHORIZED-PARTNER-150x150.jpg 150w, https:\/\/gpusupplyco.com\/wp-content\/uploads\/2026\/03\/PNY-AUTHORIZED-PARTNER-100x100.jpg 100w\" sizes=\"(max-width: 600px) 100vw, 600px\" \/><\/figure>\n<\/div>\n\n\n\n<div class=\"wp-block-column is-layout-flow wp-block-column-is-layout-flow\">\n<figure data-spectra-id=\"spectra-mmrl829i-fw2n7v\" class=\"wp-block-image size-full is-resized\"><img decoding=\"async\" width=\"517\" height=\"459\" src=\"https:\/\/gpusupplyco.com\/wp-content\/uploads\/2026\/03\/Seagate-Partner-Program-RESELLER_Authorized.png\" alt=\"\" class=\"wp-image-1487\" srcset=\"https:\/\/gpusupplyco.com\/wp-content\/uploads\/2026\/03\/Seagate-Partner-Program-RESELLER_Authorized.png 517w, https:\/\/gpusupplyco.com\/wp-content\/uploads\/2026\/03\/Seagate-Partner-Program-RESELLER_Authorized-300x266.png 300w\" sizes=\"(max-width: 517px) 100vw, 517px\" \/><\/figure>\n<\/div>\n\n\n\n<div class=\"wp-block-column is-layout-flow wp-block-column-is-layout-flow\"><\/div>\n<\/div>\n\n\n\n<p>Exp\u00e9dition mondiale rapide. Revendeur agr\u00e9\u00e9 officiel PNY, Leadtek et Seagate. D\u00e9couvrez notre stock de <strong><a href=\"https:\/\/gpusupplyco.com\/fr\/?attachment_id=1308\" target=\"_blank\" rel=\"noreferrer noopener\">nvidia gpu<\/a><\/strong>.  <\/p>\n\n\n<div data-spectra-id=\"spectra-04f073f9-btns\" class=\"wp-block-button spectra-buttons wp-block-spectra-buttons\">\n\t\n<a data-spectra-id=\"spectra-04f073f9-btn\" href=\"https:\/\/gpusupplyco.com\/shipping-logistics\/\" target=\"_self\" aria-label=\"Apprendre encore plus\" class=\"wp-block-button__link wp-element-button wp-block-spectra-button\">\n<div class=\"spectra-button__link\">Apprendre encore plus<\/div><\/a>\n\n<\/div>\n\n<\/div>\n\n\n<div data-spectra-id=\"00d4defe\"\tstyle=\"overflow: visible; --spectra-background-color: var(--ast-global-color-7); --spectra-overlay-opacity: 0.65;\" class=\"spectra-is-root-container alignfull spectra-overlay-color spectra-overflow spectra-background-color spectra-dim-ratio wp-block-spectra-container\" data-orientation=\"vertical\"\t>\n\t\n<div data-spectra-id=\"spectra-mh0ce853-9nhkb1\" style=\"overflow: visible\" class=\"spectra-overlay-color spectra-overflow wp-block-spectra-container\" data-orientation=\"vertical\">\n\t\n<div data-spectra-id=\"0ff6e26b\" style=\"overflow: visible;--spectra-overlay-opacity: 1\" class=\"spectra-overlay-color spectra-overflow spectra-dim-ratio wp-block-spectra-container\" data-orientation=\"vertical\">\n\t\n\t<h4 data-spectra-id=\"spectra-a18047a9-prefix\" style=\"--spectra-text-color: var(--ast-global-color-5)\" class=\"has-text-color spectra-text-color wp-block-spectra-content has-text-color has-var-ast-global-color-5-color\">\n\t\t<strong>Our Products<\/strong>\t<\/h4>\n\n\n\n<h4 class=\"wp-block-heading\"><mark class=\"has-inline-color has-ast-global-color-1-color\">NVIDIA RTX 6000 \/ 5000 ADA\/PRO 2000\/PRO 4000<\/mark><\/h4>\n\n\n\n<p>La solution ultime de calcul visuel professionnel pour l&rsquo;IA et le rendu. Solutions nvidia gpu disponibles en volume.<\/p>\n\n\n<div data-spectra-id=\"spectra-a18047a9-separator\" style=\"display: flex;justify-content: flex-start\" class=\"wp-block-spectra-separator spectra-separator-color wp-block-spectra-separator\">\n\t<div class=\"spectra-separator-line\" style=\"margin-right: auto;background-color: #f9f8f8\"><\/div>\n<\/div>\n\n\n\n<h4 class=\"wp-block-heading\"><mark class=\"has-inline-color has-ast-global-color-1-color\">NVIDIA RTX 5000 ADA Generation<\/mark><\/h4>\n\n\n\n<p><mark class=\"has-inline-color has-ast-global-color-1-color\">Construit sur la derni\u00e8re architecture Ada Lovelace pour des performances extr\u00eames en IA, en rendu et en graphisme. Une v\u00e9ritable puissance pour les stations de travail professionnelles modernes. Vos commandes en gros de nvidia gpu sont pr\u00eates \u00e0 \u00eatre exp\u00e9di\u00e9es.  <\/mark><\/p>\n\n\n<div data-spectra-id=\"spectra-65e4fed4-sep\" style=\"display: flex;justify-content: center\" class=\"wp-block-spectra-separator spectra-separator-color wp-block-spectra-separator\">\n\t<div class=\"spectra-separator-line\" style=\"margin-left: auto;margin-right: auto;background-color: #f9f8f8\"><\/div>\n<\/div>\n\n\n\n<h4 class=\"wp-block-heading\"><mark class=\"has-inline-color has-ast-global-color-1-color\">NVIDIA RTX A6000 \/ A5000\/PRO 2000\/PRO 4000<\/mark><\/h4>\n\n\n\n<p><mark class=\"has-inline-color has-ast-global-color-1-color\">Con\u00e7u pour la visualisation professionnelle, la r\u00e9alit\u00e9 virtuelle et les applications acc\u00e9l\u00e9r\u00e9es par l&rsquo;IA. Ce nvidia gpu offre une fiabilit\u00e9 de niveau entreprise pour les charges de travail cr\u00e9atives et techniques les plus exigeantes. <\/mark><\/p>\n\n\n<div data-spectra-id=\"spectra-sep-30505766\" style=\"display: flex;justify-content: flex-start\" class=\"wp-block-spectra-separator spectra-separator-color wp-block-spectra-separator\">\n\t<div class=\"spectra-separator-line\" style=\"margin-right: auto;background-color: #f9f8f8\"><\/div>\n<\/div>\n\n\n\n<h4 class=\"wp-block-heading\"><mark class=\"has-inline-color has-ast-global-color-1-color\">NVIDIA RTX A4000 \/ A2000<\/mark><\/h4>\n\n\n\n<p><mark class=\"has-inline-color has-ast-global-color-1-color\">Des performances de qualit\u00e9 professionnelle dans un format compact. Des solutions nvidia gpu hautement efficaces et fiables pour les stations de travail grand public et les d\u00e9ploiements \u00e0 l&rsquo;\u00e9chelle de l&rsquo;entreprise. Parfait pour les configurations multi-\u00e9crans.  <\/mark><\/p>\n\n<\/div>\n\n\n<div data-spectra-id=\"spectra-038e4f59-root\" style=\"overflow: visible\" class=\"spectra-overlay-color spectra-overflow wp-block-spectra-container\" data-orientation=\"vertical\">\n\t\n\n<h2 class=\"wp-block-heading\"><mark class=\"has-inline-color has-ast-global-color-1-color\">Votre partenaire de confiance pour l&rsquo;approvisionnement en gros de nvidia gpu et l&rsquo;infrastructure d&rsquo;IA d&rsquo;entreprise.<\/mark><\/h2>\n\n\n<div data-spectra-id=\"spectra-038e4f59-buttons\" class=\"wp-block-button spectra-buttons wp-block-spectra-buttons\">\n\t\n<a data-spectra-id=\"spectra-038e4f59-btn\" href=\"https:\/\/gpusupplyco.com\/my-account\/\" target=\"_self\" aria-label=\"Devenez revendeur\" class=\"wp-block-button__link wp-element-button wp-block-spectra-button has-text-color has-background\">\n<div class=\"spectra-button__link\">Devenez revendeur<\/div><\/a>\n\n<\/div>\n\n<\/div>\n\n<\/div>\n\n<\/div>\n\n\n<div data-spectra-id=\"2658a530\"\tstyle=\"overflow: visible; --spectra-overlay-opacity: 1;\" class=\"spectra-is-root-container alignfull spectra-overlay-color spectra-overflow spectra-dim-ratio wp-block-spectra-container\" data-orientation=\"vertical\"\t>\n\t\n\n<h5 class=\"wp-block-heading\"> PORT\u00c9E MONDIALE<\/h5>\n\n\n\n<h2 class=\"wp-block-heading\"> Propulser l&rsquo;innovation en IA dans chaque secteur<\/h2>\n\n\n<div data-spectra-id=\"51af8b82\" style=\"overflow: visible;--spectra-overlay-opacity: 1\" class=\"spectra-overlay-color spectra-overflow spectra-dim-ratio wp-block-spectra-container\" data-orientation=\"horizontal\">\n\t\n<div data-spectra-id=\"spectra-f5073bc7-root\" style=\"overflow: visible\" class=\"spectra-overlay-color spectra-overflow wp-block-spectra-container\" data-orientation=\"vertical\">\n\t\n\n<figure data-spectra-id=\"spectra-f5073bc7-img\" class=\"wp-block-image size-full\"><img decoding=\"async\" width=\"2560\" height=\"1889\" src=\"https:\/\/gpusupplyco.com\/wp-content\/uploads\/2026\/03\/pexels-photo-4499765-4499765-scaled.jpg\" alt=\"GPU de station de travail\" class=\"wp-image-1489\" title=\"GPU de station de travail\" srcset=\"https:\/\/gpusupplyco.com\/wp-content\/uploads\/2026\/03\/pexels-photo-4499765-4499765-scaled.jpg 2560w, https:\/\/gpusupplyco.com\/wp-content\/uploads\/2026\/03\/pexels-photo-4499765-4499765-300x221.jpg 300w, https:\/\/gpusupplyco.com\/wp-content\/uploads\/2026\/03\/pexels-photo-4499765-4499765-1024x756.jpg 1024w, https:\/\/gpusupplyco.com\/wp-content\/uploads\/2026\/03\/pexels-photo-4499765-4499765-768x567.jpg 768w, https:\/\/gpusupplyco.com\/wp-content\/uploads\/2026\/03\/pexels-photo-4499765-4499765-1536x1133.jpg 1536w, https:\/\/gpusupplyco.com\/wp-content\/uploads\/2026\/03\/pexels-photo-4499765-4499765-2048x1511.jpg 2048w, https:\/\/gpusupplyco.com\/wp-content\/uploads\/2026\/03\/pexels-photo-4499765-4499765-600x443.jpg 600w\" sizes=\"(max-width: 2560px) 100vw, 2560px\" \/><\/figure>\n\n\n\n<h4 class=\"wp-block-heading\"><a href=\"https:\/\/gpusupplyco.com\/product-category\/workstation-gpu\/\" data-type=\"link\" data-id=\"https:\/\/gpusupplyco.com\/product-category\/workstation-gpu\/\">GPU de station de travail<\/a><\/h4>\n\n\n\n<p><a href=\"https:\/\/gpusupplyco.com\/gpu\/rtx-5000-ada\/\" data-type=\"link\" data-id=\"https:\/\/gpusupplyco.com\/gpu\/rtx-5000-ada\/\">Carte graphique professionnelle NVIDIA RTX 5000 Ada pour l&rsquo;inf\u00e9rence IA et le rendu 3D<\/a><\/p>\n\n<\/div>\n\n\n<div data-spectra-id=\"spectra-8366a9c1-root\" style=\"overflow: visible\" class=\"spectra-overlay-color spectra-overflow wp-block-spectra-container\" data-orientation=\"vertical\">\n\t\n\n<figure data-spectra-id=\"spectra-8366a9c1-img\" class=\"wp-block-image size-large\"><img decoding=\"async\" width=\"1024\" height=\"683\" src=\"https:\/\/gpusupplyco.com\/wp-content\/uploads\/2026\/03\/pexels-photo-4508751-4508751-1024x683.jpg\" alt=\"Solutions d'entreprise et nvidia gpu\" class=\"wp-image-1301\" title=\"infrastructure-serveur-nvidia-gpu\" srcset=\"https:\/\/gpusupplyco.com\/wp-content\/uploads\/2026\/03\/pexels-photo-4508751-4508751-1024x683.jpg 1024w, https:\/\/gpusupplyco.com\/wp-content\/uploads\/2026\/03\/pexels-photo-4508751-4508751-300x200.jpg 300w, https:\/\/gpusupplyco.com\/wp-content\/uploads\/2026\/03\/pexels-photo-4508751-4508751-768x512.jpg 768w, https:\/\/gpusupplyco.com\/wp-content\/uploads\/2026\/03\/pexels-photo-4508751-4508751-1536x1024.jpg 1536w, https:\/\/gpusupplyco.com\/wp-content\/uploads\/2026\/03\/pexels-photo-4508751-4508751-2048x1365.jpg 2048w, https:\/\/gpusupplyco.com\/wp-content\/uploads\/2026\/03\/pexels-photo-4508751-4508751-600x400.jpg 600w\" sizes=\"(max-width: 1024px) 100vw, 1024px\" \/><\/figure>\n\n\n\n<h4 class=\"wp-block-heading\">Centres de donn\u00e9es pour l&rsquo;IA et l&rsquo;entreprise<\/h4>\n\n\n\n<p>Acc\u00e9l\u00e9rez l&rsquo;entra\u00eenement des LLM, le deep learning et l&rsquo;analyse de donn\u00e9es \u00e0 grande \u00e9chelle gr\u00e2ce \u00e0 des clusters haute densit\u00e9 de nvidia gpu. Con\u00e7u pour une fiabilit\u00e9 critique 24\/7 dans l&rsquo;infrastructure d&rsquo;IA moderne. <\/p>\n\n<\/div>\n\n\n<div data-spectra-id=\"spectra-f9a76582-root\" style=\"overflow: visible\" class=\"spectra-overlay-color spectra-overflow wp-block-spectra-container\" data-orientation=\"vertical\">\n\t\n\n<figure data-spectra-id=\"spectra-f9a76582-img\" class=\"wp-block-image size-large\"><img decoding=\"async\" width=\"1024\" height=\"576\" src=\"https:\/\/gpusupplyco.com\/wp-content\/uploads\/2026\/03\/gdf2a40c1a2aa35663174b96a64b6257fea7bdd15c240c4bb9fb68d1998e94328a25346faef5a53bfdd48ef7571c5f6928a1061435789acb6557dc5998c80063f_1280-7217326-1024x576.jpg\" alt=\"Cr\u00e9ation artistique, rendu 3D et CGI propuls\u00e9s par nvidia gpu\" class=\"wp-image-1302\" title=\"Rendu 3d-ia-NVIDIA GPU\" srcset=\"https:\/\/gpusupplyco.com\/wp-content\/uploads\/2026\/03\/gdf2a40c1a2aa35663174b96a64b6257fea7bdd15c240c4bb9fb68d1998e94328a25346faef5a53bfdd48ef7571c5f6928a1061435789acb6557dc5998c80063f_1280-7217326-1024x576.jpg 1024w, https:\/\/gpusupplyco.com\/wp-content\/uploads\/2026\/03\/gdf2a40c1a2aa35663174b96a64b6257fea7bdd15c240c4bb9fb68d1998e94328a25346faef5a53bfdd48ef7571c5f6928a1061435789acb6557dc5998c80063f_1280-7217326-300x169.jpg 300w, https:\/\/gpusupplyco.com\/wp-content\/uploads\/2026\/03\/gdf2a40c1a2aa35663174b96a64b6257fea7bdd15c240c4bb9fb68d1998e94328a25346faef5a53bfdd48ef7571c5f6928a1061435789acb6557dc5998c80063f_1280-7217326-768x432.jpg 768w, https:\/\/gpusupplyco.com\/wp-content\/uploads\/2026\/03\/gdf2a40c1a2aa35663174b96a64b6257fea7bdd15c240c4bb9fb68d1998e94328a25346faef5a53bfdd48ef7571c5f6928a1061435789acb6557dc5998c80063f_1280-7217326-600x338.jpg 600w, https:\/\/gpusupplyco.com\/wp-content\/uploads\/2026\/03\/gdf2a40c1a2aa35663174b96a64b6257fea7bdd15c240c4bb9fb68d1998e94328a25346faef5a53bfdd48ef7571c5f6928a1061435789acb6557dc5998c80063f_1280-7217326.jpg 1280w\" sizes=\"(max-width: 1024px) 100vw, 1024px\" \/><\/figure>\n\n\n\n<h4 class=\"wp-block-heading\">M\u00e9dias, divertissement et CGI<\/h4>\n\n\n\n<p>Donnez vie \u00e0 la prochaine g\u00e9n\u00e9ration de narration visuelle avec le rendu en temps r\u00e9el, la mod\u00e9lisation 3D et les VFX. Optimis\u00e9 par la puissance des NVIDIA GPU et de la gamme RTX pour acc\u00e9l\u00e9rer la production CGI complexe et le montage vid\u00e9o. <\/p>\n\n<\/div>\n\n<\/div>\n\n<\/div>\n\n\n<div data-spectra-id=\"af5df69f\"\tstyle=\"overflow: visible; --spectra-overlay-opacity: 1;\" class=\"spectra-is-root-container alignfull spectra-overlay-color spectra-overflow spectra-dim-ratio wp-block-spectra-container\" data-orientation=\"vertical\"\t>\n\t\n\n<h3 class=\"wp-block-heading\">Besoin d&rsquo;un approvisionnement fiable en NVIDIA GPU en gros ? Associez-vous aux leaders de l&rsquo;industrie. <\/h3>\n\n\n<div data-spectra-id=\"spectra-d83192c0-buttons\" class=\"wp-block-button spectra-buttons wp-block-spectra-buttons\">\n\t\n<a data-spectra-id=\"spectra-d83192c0-button1\" href=\"https:\/\/gpusupplyco.com\/contact\/\" target=\"_self\" aria-label=\"Demander un devis personnalis\u00e9\" class=\"wp-block-button__link wp-element-button wp-block-spectra-button\">\n<div class=\"spectra-button__link\">Demander un devis personnalis\u00e9<\/div><\/a>\n\n<\/div>\n\n<\/div>\n\n\n\n<p><\/p>\n","protected":false},"excerpt":{"rendered":"","protected":false},"author":1,"featured_media":0,"parent":0,"menu_order":0,"comment_status":"closed","ping_status":"closed","template":"","meta":{"_uag_custom_page_level_css":"","site-sidebar-layout":"no-sidebar","site-content-layout":"plain-container","ast-site-content-layout":"normal-width-container","site-content-style":"unboxed","site-sidebar-style":"unboxed","ast-global-header-display":"","ast-banner-title-visibility":"","ast-main-header-display":"","ast-hfb-above-header-display":"","ast-hfb-below-header-display":"","ast-hfb-mobile-header-display":"","site-post-title":"disabled","ast-breadcrumbs-content":"","ast-featured-img":"disabled","footer-sml-layout":"","ast-disable-related-posts":"","theme-transparent-header-meta":"enabled","adv-header-id-meta":"","stick-header-meta":"","header-above-stick-meta":"","header-main-stick-meta":"","header-below-stick-meta":"","astra-migrate-meta-layouts":"set","ast-page-background-enabled":"default","ast-page-background-meta":{"desktop":{"background-color":"","background-image":"","background-repeat":"repeat","background-position":"center center","background-size":"auto","background-attachment":"scroll","background-type":"","background-media":"","overlay-type":"","overlay-color":"","overlay-opacity":"","overlay-gradient":""},"tablet":{"background-color":"","background-image":"","background-repeat":"repeat","background-position":"center center","background-size":"auto","background-attachment":"scroll","background-type":"","background-media":"","overlay-type":"","overlay-color":"","overlay-opacity":"","overlay-gradient":""},"mobile":{"background-color":"","background-image":"","background-repeat":"repeat","background-position":"center center","background-size":"auto","background-attachment":"scroll","background-type":"","background-media":"","overlay-type":"","overlay-color":"","overlay-opacity":"","overlay-gradient":""}},"ast-content-background-meta":{"desktop":{"background-color":"var(--ast-global-color-5)","background-image":"","background-repeat":"repeat","background-position":"center center","background-size":"auto","background-attachment":"scroll","background-type":"","background-media":"","overlay-type":"","overlay-color":"","overlay-opacity":"","overlay-gradient":""},"tablet":{"background-color":"var(--ast-global-color-5)","background-image":"","background-repeat":"repeat","background-position":"center center","background-size":"auto","background-attachment":"scroll","background-type":"","background-media":"","overlay-type":"","overlay-color":"","overlay-opacity":"","overlay-gradient":""},"mobile":{"background-color":"var(--ast-global-color-5)","background-image":"","background-repeat":"repeat","background-position":"center center","background-size":"auto","background-attachment":"scroll","background-type":"","background-media":"","overlay-type":"","overlay-color":"","overlay-opacity":"","overlay-gradient":""}},"footnotes":""},"class_list":["post-1501","page","type-page","status-publish","hentry"],"_hostinger_reach_plugin_has_subscription_block":false,"_hostinger_reach_plugin_is_elementor":false,"uagb_featured_image_src":{"full":false,"thumbnail":false,"medium":false,"medium_large":false,"large":false,"1536x1536":false,"2048x2048":false,"woocommerce_thumbnail":false,"woocommerce_single":false,"woocommerce_gallery_thumbnail":false},"uagb_author_info":{"display_name":"","author_link":"https:\/\/gpusupplyco.com\/fr\/author\/jw2070174gmail-com\/"},"uagb_comment_info":0,"uagb_excerpt":null,"_links":{"self":[{"href":"https:\/\/gpusupplyco.com\/fr\/wp-json\/wp\/v2\/pages\/1501","targetHints":{"allow":["GET"]}}],"collection":[{"href":"https:\/\/gpusupplyco.com\/fr\/wp-json\/wp\/v2\/pages"}],"about":[{"href":"https:\/\/gpusupplyco.com\/fr\/wp-json\/wp\/v2\/types\/page"}],"author":[{"embeddable":true,"href":"https:\/\/gpusupplyco.com\/fr\/wp-json\/wp\/v2\/users\/1"}],"replies":[{"embeddable":true,"href":"https:\/\/gpusupplyco.com\/fr\/wp-json\/wp\/v2\/comments?post=1501"}],"version-history":[{"count":13,"href":"https:\/\/gpusupplyco.com\/fr\/wp-json\/wp\/v2\/pages\/1501\/revisions"}],"predecessor-version":[{"id":1597,"href":"https:\/\/gpusupplyco.com\/fr\/wp-json\/wp\/v2\/pages\/1501\/revisions\/1597"}],"wp:attachment":[{"href":"https:\/\/gpusupplyco.com\/fr\/wp-json\/wp\/v2\/media?parent=1501"}],"curies":[{"name":"wp","href":"https:\/\/api.w.org\/{rel}","templated":true}]}}