{"id":1445,"date":"2026-03-08T06:42:45","date_gmt":"2026-03-08T06:42:45","guid":{"rendered":"https:\/\/gpusupplyco.com\/projets\/"},"modified":"2026-03-14T07:29:44","modified_gmt":"2026-03-14T07:29:44","slug":"projets","status":"publish","type":"page","link":"https:\/\/gpusupplyco.com\/fr\/projets\/","title":{"rendered":"Projets"},"content":{"rendered":"<div data-spectra-id=\"c3c03179\"\tstyle=\"overflow: visible; --spectra-background-color: var(--ast-global-color-7); --spectra-overlay-opacity: 0.6;\" class=\"spectra-is-root-container alignfull spectra-overlay-color spectra-overflow spectra-background-color spectra-dim-ratio wp-block-spectra-container\" data-orientation=\"vertical\"\t>\n\t\n\t<h1 data-spectra-id=\"spectra-bc049321-70a2-420f-a437-717db9def3e8-h1\" style=\"--spectra-text-color: #ffffff\" class=\"has-text-color spectra-text-color wp-block-spectra-content has-text-color has-ffffff-color\">\n\t\tProjects\t<\/h1>\n\n<\/div>\n<div data-spectra-id=\"9bf7b24c\"\tstyle=\"overflow: visible; --spectra-overlay-opacity: 1;\" class=\"spectra-is-root-container alignfull spectra-overlay-color spectra-overflow spectra-dim-ratio wp-block-spectra-container\" data-orientation=\"vertical\"\t>\n\t\n<div data-spectra-id=\"spectra-mh0ecdyz-oz575k\" style=\"overflow: visible\" class=\"spectra-overlay-color spectra-overflow wp-block-spectra-container\" data-orientation=\"vertical\">\n\t\n<div data-spectra-id=\"789fc97c\" style=\"overflow: visible;--spectra-overlay-opacity: 1\" class=\"spectra-overlay-color spectra-overflow spectra-dim-ratio wp-block-spectra-container\" data-orientation=\"vertical\">\n\t\n\n<figure data-spectra-id=\"spectra-36efc458-img\" class=\"wp-block-image size-full\"><img decoding=\"async\" width=\"800\" height=\"800\" src=\"https:\/\/gpusupplyco.com\/wp-content\/uploads\/2026\/03\/RTX-A4000.webp\" alt=\"\" class=\"wp-image-1339\" title=\"projet-1\" srcset=\"https:\/\/gpusupplyco.com\/wp-content\/uploads\/2026\/03\/RTX-A4000.webp 800w, https:\/\/gpusupplyco.com\/wp-content\/uploads\/2026\/03\/RTX-A4000-300x300.webp 300w, https:\/\/gpusupplyco.com\/wp-content\/uploads\/2026\/03\/RTX-A4000-150x150.webp 150w, https:\/\/gpusupplyco.com\/wp-content\/uploads\/2026\/03\/RTX-A4000-768x768.webp 768w, https:\/\/gpusupplyco.com\/wp-content\/uploads\/2026\/03\/RTX-A4000-600x600.webp 600w, https:\/\/gpusupplyco.com\/wp-content\/uploads\/2026\/03\/RTX-A4000-100x100.webp 100w\" sizes=\"(max-width: 800px) 100vw, 800px\" \/><\/figure>\n\n\n\n<h1 class=\"wp-block-heading has-large-font-size\">Solutions GPU d&rsquo;entreprise et d\u00e9ploiements mondiaux<\/h1>\n\n\n\n<h3 class=\"wp-block-heading\">Recherche en IA et apprentissage profond<\/h3>\n\n\n\n<h3 class=\"wp-block-heading\">Entra\u00eenement \u00e9volutif de r\u00e9seaux neuronaux pour les \u00e9tablissements universitaires<\/h3>\n\n\n\n<h3 class=\"wp-block-heading\"><strong>Le d\u00e9fi :<\/strong> Les laboratoires de recherche ont souvent du mal \u00e0 \u00e9quilibrer les besoins en m\u00e9moire GPU avec des budgets d\u00e9partementaux limit\u00e9s. <strong>Notre solution :<\/strong> Nous avons fourni des clusters <strong>NVIDIA RTX A5000<\/strong> haute capacit\u00e9 pour un centre de recherche en IA de premier plan. En exploitant la VRAM de 24 Go et les capacit\u00e9s NVLink, le laboratoire a obtenu une r\u00e9duction de 40 % du temps d&rsquo;entra\u00eenement des mod\u00e8les. <strong>Mat\u00e9riel :<\/strong> NVIDIA RTX A5000 \/ RTX A4500 <strong>R\u00e9sultat :<\/strong> Rapport VRAM\/co\u00fbt optimis\u00e9, permettant des it\u00e9rations d&rsquo;\u00e9poques complexes dans les limites du budget.<\/h3>\n\n<\/div>\n\n\n<div data-spectra-id=\"f151f48b\" style=\"overflow: visible;--spectra-overlay-opacity: 1\" class=\"spectra-overlay-color spectra-overflow spectra-dim-ratio wp-block-spectra-container\" data-orientation=\"vertical\">\n\t\n\n<figure data-spectra-id=\"spectra-c2f0d95d-img\" class=\"wp-block-image size-full uagb-ifb-image-content\"><img decoding=\"async\" width=\"719\" height=\"1280\" src=\"https:\/\/gpusupplyco.com\/wp-content\/uploads\/2026\/03\/gbb3144839a7e0a4ad1e6c33066d8ff98adaf54a8f196b4bc43a0b0c4402739d15b566ce320efd574a2f1dfd2d436dcd66ae83cc330ff9cfd4fc32f79db4a3bb5_1280-1376349.jpg\" alt=\"salle de serveurs, centre de donn&#xE9;es, ordinateurs, serveurs, salle de serveurs, salle de serveurs, salle de serveurs, salle de serveurs, salle de serveurs, centre de donn&#xE9;es\" class=\"wp-image-1376\" title=\"projet-2\" srcset=\"https:\/\/gpusupplyco.com\/wp-content\/uploads\/2026\/03\/gbb3144839a7e0a4ad1e6c33066d8ff98adaf54a8f196b4bc43a0b0c4402739d15b566ce320efd574a2f1dfd2d436dcd66ae83cc330ff9cfd4fc32f79db4a3bb5_1280-1376349.jpg 719w, https:\/\/gpusupplyco.com\/wp-content\/uploads\/2026\/03\/gbb3144839a7e0a4ad1e6c33066d8ff98adaf54a8f196b4bc43a0b0c4402739d15b566ce320efd574a2f1dfd2d436dcd66ae83cc330ff9cfd4fc32f79db4a3bb5_1280-1376349-169x300.jpg 169w, https:\/\/gpusupplyco.com\/wp-content\/uploads\/2026\/03\/gbb3144839a7e0a4ad1e6c33066d8ff98adaf54a8f196b4bc43a0b0c4402739d15b566ce320efd574a2f1dfd2d436dcd66ae83cc330ff9cfd4fc32f79db4a3bb5_1280-1376349-575x1024.jpg 575w, https:\/\/gpusupplyco.com\/wp-content\/uploads\/2026\/03\/gbb3144839a7e0a4ad1e6c33066d8ff98adaf54a8f196b4bc43a0b0c4402739d15b566ce320efd574a2f1dfd2d436dcd66ae83cc330ff9cfd4fc32f79db4a3bb5_1280-1376349-600x1068.jpg 600w\" sizes=\"(max-width: 719px) 100vw, 719px\" \/><\/figure>\n\n\n\n<h2 class=\"wp-block-heading has-medium-font-size\">Edge computing et IA industrielle<\/h2>\n\n\n\n<h3 class=\"wp-block-heading\">Inf\u00e9rence en temps r\u00e9el pour les infrastructures intelligentes<\/h3>\n\n\n\n<p><strong>Le d\u00e9fi :<\/strong> Le d\u00e9ploiement de l&rsquo;IA en p\u00e9riph\u00e9rie n\u00e9cessite du mat\u00e9riel s&rsquo;int\u00e9grant dans des bo\u00eetiers industriels compacts et thermiquement contraints sans sacrifier la puissance de calcul. <strong>Notre solution :<\/strong> D\u00e9ploiement mondial de <strong>NVIDIA RTX A2000<\/strong> et <strong>RTX 2000 Ada<\/strong> pour un projet de gestion du trafic urbain intelligent. La conception Low-Profile a permis une int\u00e9gration transparente dans les n\u0153uds p\u00e9riph\u00e9riques SFF (Small Form Factor) existants. <strong>Mat\u00e9riel :<\/strong> NVIDIA RTX A2000 (12 Go) \/ RTX 2000 Ada <strong>R\u00e9sultat :<\/strong> Fonctionnement stable 24\/7 dans des environnements haute densit\u00e9 avec une empreinte \u00e9nerg\u00e9tique minimale de 70 W.<\/p>\n\n\n<div data-spectra-id=\"spectra-127a77ab-root\" style=\"overflow: visible\" class=\"spectra-overlay-color spectra-overflow wp-block-spectra-container\" data-orientation=\"vertical\">\n\t<\/div>\n\n<\/div>\n\n\n<div data-spectra-id=\"e1c1a141\" style=\"overflow: visible;--spectra-overlay-opacity: 1\" class=\"spectra-overlay-color spectra-overflow spectra-dim-ratio wp-block-spectra-container\" data-orientation=\"vertical\">\n\t\n\n<figure data-spectra-id=\"spectra-f9264d6a-img\" class=\"wp-block-image size-full\"><img decoding=\"async\" width=\"1280\" height=\"853\" src=\"https:\/\/gpusupplyco.com\/wp-content\/uploads\/2026\/03\/g7236340df263278c41763eb46f85b82719c8db60c613cc3abecba564104ba5ec268e44efee30d26d80471798afcd7b9263cde46b8cd8f49be3e0dbe3dcaa1065_1280-2852024.jpg\" alt=\"ferme, minage, ethereum, march&#xE9;, num&#xE9;rique, blockchain, monnaie, cryptomonnaie, bitcoin, pi&#xE8;ce, affaires, &#xE9;change, finance, crypto, financier, symbole, paiement, r&#xE9;seau, bit, cryptographie, &#xE9;lectronique, virtuel, web, argent liquide, commerce, technologie, argent, banque, carte graphique, mat&#xE9;riel, nvidia, image gratuite de bitcoin, crypte, internet, &#xE9;conomie, bit coin, minage, minage, blockchain, blockchain, cryptomonnaie, cryptomonnaie, cryptomonnaie, bitcoin, bitcoin, crypto, crypto, crypto, crypto, crypto, carte graphique\" class=\"wp-image-1377\" title=\"projet-3\" srcset=\"https:\/\/gpusupplyco.com\/wp-content\/uploads\/2026\/03\/g7236340df263278c41763eb46f85b82719c8db60c613cc3abecba564104ba5ec268e44efee30d26d80471798afcd7b9263cde46b8cd8f49be3e0dbe3dcaa1065_1280-2852024.jpg 1280w, https:\/\/gpusupplyco.com\/wp-content\/uploads\/2026\/03\/g7236340df263278c41763eb46f85b82719c8db60c613cc3abecba564104ba5ec268e44efee30d26d80471798afcd7b9263cde46b8cd8f49be3e0dbe3dcaa1065_1280-2852024-300x200.jpg 300w, https:\/\/gpusupplyco.com\/wp-content\/uploads\/2026\/03\/g7236340df263278c41763eb46f85b82719c8db60c613cc3abecba564104ba5ec268e44efee30d26d80471798afcd7b9263cde46b8cd8f49be3e0dbe3dcaa1065_1280-2852024-1024x682.jpg 1024w, https:\/\/gpusupplyco.com\/wp-content\/uploads\/2026\/03\/g7236340df263278c41763eb46f85b82719c8db60c613cc3abecba564104ba5ec268e44efee30d26d80471798afcd7b9263cde46b8cd8f49be3e0dbe3dcaa1065_1280-2852024-768x512.jpg 768w, https:\/\/gpusupplyco.com\/wp-content\/uploads\/2026\/03\/g7236340df263278c41763eb46f85b82719c8db60c613cc3abecba564104ba5ec268e44efee30d26d80471798afcd7b9263cde46b8cd8f49be3e0dbe3dcaa1065_1280-2852024-600x400.jpg 600w\" sizes=\"(max-width: 1280px) 100vw, 1280px\" \/><\/figure>\n\n\n\n<h2 class=\"wp-block-heading has-medium-font-size\">Visualisation professionnelle et rendu<\/h2>\n\n\n<div data-spectra-id=\"spectra-f9264d6a-root\" style=\"overflow: visible\" class=\"spectra-overlay-color spectra-overflow wp-block-spectra-container\" data-orientation=\"vertical\">\n\t\n\n<h3 class=\"wp-block-heading\">Fermes GPU haute densit\u00e9 pour l&rsquo;architecture et les studios VFX<\/h3>\n\n\n\n<p><strong>Le d\u00e9fi :<\/strong> Les studios cr\u00e9atifs doivent maximiser le d\u00e9bit de rendu dans des espaces de rack serveur 1U\/2U limit\u00e9s. <strong>Notre solution :<\/strong> Nous avons fourni une flotte massive d&rsquo;unit\u00e9s <strong>NVIDIA RTX A4000<\/strong> pour un cabinet de visualisation architecturale de premier rang. La conception \u00e0 slot unique a permis au client d&rsquo;atteindre une densit\u00e9 GPU maximale par serveur. <strong>Mat\u00e9riel :<\/strong> NVIDIA RTX A4000 (slot unique) <strong>R\u00e9sultat :<\/strong> Capacit\u00e9 de rendu augment\u00e9e de 300 % tout en r\u00e9duisant les besoins en espace au sol du centre de donn\u00e9es.<\/p>\n\n<\/div>\n\n\n<div data-spectra-id=\"spectra-41b70100-root\" style=\"overflow: visible\" class=\"spectra-overlay-color spectra-overflow wp-block-spectra-container\" data-orientation=\"vertical\">\n\t<\/div>\n\n<\/div>\n\n\n<div data-spectra-id=\"46846933\" style=\"overflow: visible;--spectra-overlay-opacity: 1\" class=\"spectra-overlay-color spectra-overflow spectra-dim-ratio wp-block-spectra-container\" data-orientation=\"vertical\">\n\t\n\n<figure data-spectra-id=\"spectra-5f4183d5-img\" class=\"wp-block-image size-large\"><img decoding=\"async\" width=\"1024\" height=\"683\" src=\"https:\/\/gpusupplyco.com\/wp-content\/uploads\/2026\/03\/pexels-photo-4705635-4705635-1024x683.jpg\" alt=\"Gros plan de mains r&#xE9;parant un ordinateur avec l'aide d'un appareil mobile.\" class=\"wp-image-1378\" title=\"projet-4\" srcset=\"https:\/\/gpusupplyco.com\/wp-content\/uploads\/2026\/03\/pexels-photo-4705635-4705635-1024x683.jpg 1024w, https:\/\/gpusupplyco.com\/wp-content\/uploads\/2026\/03\/pexels-photo-4705635-4705635-300x200.jpg 300w, https:\/\/gpusupplyco.com\/wp-content\/uploads\/2026\/03\/pexels-photo-4705635-4705635-768x512.jpg 768w, https:\/\/gpusupplyco.com\/wp-content\/uploads\/2026\/03\/pexels-photo-4705635-4705635-1536x1024.jpg 1536w, https:\/\/gpusupplyco.com\/wp-content\/uploads\/2026\/03\/pexels-photo-4705635-4705635-2048x1365.jpg 2048w, https:\/\/gpusupplyco.com\/wp-content\/uploads\/2026\/03\/pexels-photo-4705635-4705635-600x400.jpg 600w\" sizes=\"(max-width: 1024px) 100vw, 1024px\" \/><\/figure>\n\n\n\n<h2 class=\"wp-block-heading has-medium-font-size\">Imagerie m\u00e9dicale et technologie de sant\u00e9<\/h2>\n\n\n\n<h3 class=\"wp-block-heading\">Calcul haute fiabilit\u00e9 pour la reconstruction diagnostique<\/h3>\n\n\n\n<p><strong>Le d\u00e9fi :<\/strong> Les fabricants de dispositifs m\u00e9dicaux n\u00e9cessitent un approvisionnement mat\u00e9riel constant et une stabilit\u00e9 des pilotes de niveau entreprise pour les syst\u00e8mes d&rsquo;imagerie r\u00e9glement\u00e9s par la FDA. <strong>Notre solution :<\/strong> Approvisionnement standardis\u00e9 \u00e0 long terme de <strong>GPU professionnels NVIDIA<\/strong> pour un important fournisseur d&rsquo;\u00e9quipements d&rsquo;imagerie m\u00e9dicale pour la reconstruction CT et IRM. <strong>Mat\u00e9riel :<\/strong> Visualisation professionnelle s\u00e9rie NVIDIA RTX <strong>R\u00e9sultat :<\/strong> Coh\u00e9rence mat\u00e9rielle garantie et disponibilit\u00e9 de 99,9 % pour les environnements de diagnostic critiques.<\/p>\n\n<\/div>\n\n<\/div>\n\n<\/div>\n<div data-spectra-id=\"af5df69f\"\tstyle=\"overflow: visible; --spectra-overlay-opacity: 1;\" class=\"spectra-is-root-container alignfull spectra-overlay-color spectra-overflow spectra-dim-ratio wp-block-spectra-container\" data-orientation=\"vertical\"\t>\n\t\n\n<p><strong>D\u00e9ploiements complexes. Cha\u00eenes d&rsquo;approvisionnement simplifi\u00e9es. Votre partenaire de confiance en HPC<\/strong>.<\/p>\n\n\n<div data-spectra-id=\"spectra-d83192c0-buttons\" class=\"wp-block-button spectra-buttons wp-block-spectra-buttons\">\n\t\n<a data-spectra-id=\"spectra-d83192c0-button1\" href=\"https:\/\/gpusupplyco.com\/about-gpu-supply\/\" target=\"_self\" aria-label=\"Learn More\" class=\"wp-block-button__link wp-element-button wp-block-spectra-button\">\n<div class=\"spectra-button__link\">Learn More<\/div><\/a>\n\n<\/div>\n\n<\/div>\n\n<p><\/p>\n","protected":false},"excerpt":{"rendered":"","protected":false},"author":1,"featured_media":0,"parent":0,"menu_order":0,"comment_status":"closed","ping_status":"closed","template":"","meta":{"_uag_custom_page_level_css":"","site-sidebar-layout":"no-sidebar","site-content-layout":"plain-container","ast-site-content-layout":"normal-width-container","site-content-style":"unboxed","site-sidebar-style":"unboxed","ast-global-header-display":"","ast-banner-title-visibility":"","ast-main-header-display":"","ast-hfb-above-header-display":"","ast-hfb-below-header-display":"","ast-hfb-mobile-header-display":"","site-post-title":"disabled","ast-breadcrumbs-content":"","ast-featured-img":"disabled","footer-sml-layout":"","ast-disable-related-posts":"","theme-transparent-header-meta":"enabled","adv-header-id-meta":"","stick-header-meta":"","header-above-stick-meta":"","header-main-stick-meta":"","header-below-stick-meta":"","astra-migrate-meta-layouts":"default","ast-page-background-enabled":"default","ast-page-background-meta":{"desktop":{"background-color":"","background-image":"","background-repeat":"repeat","background-position":"center center","background-size":"auto","background-attachment":"scroll","background-type":"","background-media":"","overlay-type":"","overlay-color":"","overlay-opacity":"","overlay-gradient":""},"tablet":{"background-color":"","background-image":"","background-repeat":"repeat","background-position":"center center","background-size":"auto","background-attachment":"scroll","background-type":"","background-media":"","overlay-type":"","overlay-color":"","overlay-opacity":"","overlay-gradient":""},"mobile":{"background-color":"","background-image":"","background-repeat":"repeat","background-position":"center center","background-size":"auto","background-attachment":"scroll","background-type":"","background-media":"","overlay-type":"","overlay-color":"","overlay-opacity":"","overlay-gradient":""}},"ast-content-background-meta":{"desktop":{"background-color":"var(--ast-global-color-5)","background-image":"","background-repeat":"repeat","background-position":"center center","background-size":"auto","background-attachment":"scroll","background-type":"","background-media":"","overlay-type":"","overlay-color":"","overlay-opacity":"","overlay-gradient":""},"tablet":{"background-color":"var(--ast-global-color-5)","background-image":"","background-repeat":"repeat","background-position":"center center","background-size":"auto","background-attachment":"scroll","background-type":"","background-media":"","overlay-type":"","overlay-color":"","overlay-opacity":"","overlay-gradient":""},"mobile":{"background-color":"var(--ast-global-color-5)","background-image":"","background-repeat":"repeat","background-position":"center center","background-size":"auto","background-attachment":"scroll","background-type":"","background-media":"","overlay-type":"","overlay-color":"","overlay-opacity":"","overlay-gradient":""}},"footnotes":""},"class_list":["post-1445","page","type-page","status-publish","hentry"],"_hostinger_reach_plugin_has_subscription_block":false,"_hostinger_reach_plugin_is_elementor":false,"uagb_featured_image_src":{"full":false,"thumbnail":false,"medium":false,"medium_large":false,"large":false,"1536x1536":false,"2048x2048":false,"woocommerce_thumbnail":false,"woocommerce_single":false,"woocommerce_gallery_thumbnail":false},"uagb_author_info":{"display_name":"","author_link":"https:\/\/gpusupplyco.com\/fr\/author\/jw2070174gmail-com\/"},"uagb_comment_info":0,"uagb_excerpt":null,"_links":{"self":[{"href":"https:\/\/gpusupplyco.com\/fr\/wp-json\/wp\/v2\/pages\/1445","targetHints":{"allow":["GET"]}}],"collection":[{"href":"https:\/\/gpusupplyco.com\/fr\/wp-json\/wp\/v2\/pages"}],"about":[{"href":"https:\/\/gpusupplyco.com\/fr\/wp-json\/wp\/v2\/types\/page"}],"author":[{"embeddable":true,"href":"https:\/\/gpusupplyco.com\/fr\/wp-json\/wp\/v2\/users\/1"}],"replies":[{"embeddable":true,"href":"https:\/\/gpusupplyco.com\/fr\/wp-json\/wp\/v2\/comments?post=1445"}],"version-history":[{"count":0,"href":"https:\/\/gpusupplyco.com\/fr\/wp-json\/wp\/v2\/pages\/1445\/revisions"}],"wp:attachment":[{"href":"https:\/\/gpusupplyco.com\/fr\/wp-json\/wp\/v2\/media?parent=1445"}],"curies":[{"name":"wp","href":"https:\/\/api.w.org\/{rel}","templated":true}]}}