{"id":1434,"date":"2026-03-12T05:32:02","date_gmt":"2026-03-12T05:32:02","guid":{"rendered":"https:\/\/gpusupplyco.com\/a-propos-de-nous\/"},"modified":"2026-04-05T02:53:25","modified_gmt":"2026-04-05T02:53:25","slug":"a-propos-de-nous","status":"publish","type":"page","link":"https:\/\/gpusupplyco.com\/fr\/a-propos-de-nous\/","title":{"rendered":"\u00c0 propos de nous"},"content":{"rendered":"\n<h1 class=\"wp-block-heading\">\u00c0 propos de GPU Supply Co.<\/h1>\n\n\n\n<h2 class=\"wp-block-heading\">Propulser l\u2019avenir de l\u2019informatique mondiale<\/h2>\n\n\n\n<h3 class=\"wp-block-heading\">Notre mission<\/h3>\n\n\n\n<p>GPU Supply Co., division d&rsquo;entreprise sp\u00e9cialis\u00e9e de <strong>Robert Computer Hardware Ltd<\/strong>, a \u00e9t\u00e9 cr\u00e9\u00e9e pour \u00e9tablir un lien entre l&rsquo;architecture de pointe NVIDIA et le march\u00e9 mondial de la recherche. \u00c0 une \u00e9poque de p\u00e9nurie de silicium et de r\u00e9glementations d\u2019exportation complexes, nous fournissons une cha\u00eene d\u2019approvisionnement stable, conforme et rapide pour le calcul de haute performance (HPC) et le mat\u00e9riel d\u2019IA en p\u00e9riph\u00e9rie (Edge AI).<\/p>\n\n\n\n<p><strong>Notre port\u00e9e mondiale, conformit\u00e9 locale<\/strong> :<\/p>\n\n\n\n<blockquote class=\"wp-block-quote is-layout-flow wp-block-quote-is-layout-flow\">\n<p><strong>La gen\u00e8se de GPU Supply Co. : port\u00e9e mondiale, z\u00e9ro march\u00e9 gris<\/strong><\/p>\n\n\n\n<p>Le paysage de l&rsquo;approvisionnement informatique d&rsquo;entreprise est fr\u00e9quemment affect\u00e9 par les risques du march\u00e9 gris, les droits de douane transfrontaliers cach\u00e9s, les garanties annul\u00e9es et les obstacles complexes aux retours. GPU Supply Co. a \u00e9t\u00e9 fond\u00e9e sp\u00e9cifiquement pour \u00e9liminer ces points de friction pour les acheteurs d&rsquo;entreprise. <\/p>\n\n\n\n<p>Gr\u00e2ce \u00e0 notre vaste r\u00e9seau de partenaires mondiaux et \u00e0 notre syst\u00e8me de distribution autoris\u00e9e rigoureusement contr\u00f4l\u00e9, nous garantissons une conformit\u00e9 localis\u00e9e absolue :<\/p>\n\n\n\n<ul class=\"wp-block-list\">\n<li><strong>Op\u00e9rations nord-am\u00e9ricaines :<\/strong> Les clients aux \u00c9tats-Unis et au Canada re\u00e7oivent du mat\u00e9riel exp\u00e9di\u00e9 directement depuis nos entrep\u00f4ts am\u00e9ricains autoris\u00e9s de niveau 1.<\/li>\n\n\n\n<li><strong>Op\u00e9rations europ\u00e9ennes :<\/strong> Les clients europ\u00e9ens sont approvisionn\u00e9s strictement par l&rsquo;interm\u00e9diaire de nos distributeurs officiels localis\u00e9s partenaires dans l&rsquo;UE.<\/li>\n<\/ul>\n\n\n\n<p>Cette architecture \u00e0 double canal garantit que nos clients re\u00e7oivent toujours la version mat\u00e9rielle localis\u00e9e correcte, enti\u00e8rement garantie. Avec GPU Supply Co., il n&rsquo;y a pas de march\u00e9 gris, pas de tarifs d&rsquo;importation inattendus et pas de litiges de garantie interr\u00e9gionaux. Nous assurons une fourniture de mat\u00e9riel de niveau entreprise sans friction, enti\u00e8rement conforme, enti\u00e8rement autoris\u00e9e et pr\u00eate au d\u00e9ploiement.  <\/p>\n<\/blockquote>\n\n\n\n<hr class=\"wp-block-separator has-alpha-channel-opacity\"\/>\n\n\n\n<h2 class=\"wp-block-heading\">Infrastructure mondiale strat\u00e9gique<\/h2>\n\n\n\n<h3 class=\"wp-block-heading\">R\u00e9seau d\u2019ex\u00e9cution d\u00e9centralis\u00e9<\/h3>\n\n\n\n<p>Contrairement aux d\u00e9taillants traditionnels, nous fonctionnons selon un <strong>mod\u00e8le d\u2019ex\u00e9cution mondial<\/strong>. Afin de garantir une disponibilit\u00e9 maximale et de minimiser les d\u00e9lais de transit, nous maintenons des centres d\u2019inventaire strat\u00e9giques dans des n\u0153uds logistiques cl\u00e9s :<\/p>\n\n\n\n<h4 class=\"wp-block-heading\">Am\u00e9rique du Nord (\u00c9tats-Unis)<\/h4>\n\n\n\n<p>Notre si\u00e8ge social et centre de distribution principal pour les clients nord-am\u00e9ricains, garantissant une pleine responsabilit\u00e9 en vertu de la loi am\u00e9ricaine.<\/p>\n\n\n\n<h4 class=\"wp-block-heading\">Asie-Pacifique (Singapour et Hong Kong)<\/h4>\n\n\n\n<p>Des passerelles strat\u00e9giques qui nous permettent de contourner les goulots d\u2019\u00e9tranglement r\u00e9gionaux et d\u2019exp\u00e9dier du mat\u00e9riel de qualit\u00e9 professionnelle vers les r\u00e9gions EMEA et APAC avec une latence minimale.<\/p>\n\n\n\n<hr class=\"wp-block-separator has-alpha-channel-opacity\"\/>\n\n\n\n<h2 class=\"wp-block-heading\">Conformit\u00e9 et int\u00e9grit\u00e9 des exportations mondiales<\/h2>\n\n\n\n<h3 class=\"wp-block-heading\">Respect strict des r\u00e9glementations EAR<\/h3>\n\n\n\n<p>Chez GPU Supply Co., l\u2019int\u00e9grit\u00e9 est notre atout principal. Nous op\u00e9rons en stricte conformit\u00e9 avec les <strong>U.S. Export Administration Regulations (EAR)<\/strong> et les lois sur le commerce international.<\/p>\n\n\n\n<h4 class=\"wp-block-heading\">Distribution par secteur sp\u00e9cifique<\/h4>\n\n\n\n<ul class=\"wp-block-list\">\n<li><strong>Secteurs autoris\u00e9s :<\/strong> D\u00e9veloppement d\u2019IA commerciale, recherche scientifique et studios de cr\u00e9ation.<\/li>\n\n\n\n<li><strong>Utilisations interdites :<\/strong> Nous maintenons une politique de tol\u00e9rance z\u00e9ro contre la fourniture de mat\u00e9riel pour des applications militaires, de d\u00e9fense ou des applications \u00e0 double usage non autoris\u00e9es.<\/li>\n<\/ul>\n\n\n\n<h4 class=\"wp-block-heading\">Garantie de mat\u00e9riel 100 % authentique<\/h4>\n\n\n\n<p>Chaque unit\u00e9 exp\u00e9di\u00e9e depuis nos centres est garantie neuve d\u2019usine, 100 % authentique et sourc\u00e9e via des canaux d\u2019entreprise v\u00e9rifi\u00e9s.<\/p>\n\n\n\n<h2 class=\"wp-block-heading\">Pourquoi les entreprises mondiales nous choisissent<\/h2>\n\n\n\n<h3 class=\"wp-block-heading\">Service de qualit\u00e9 professionnelle<\/h3>\n\n\n\n<ul class=\"wp-block-list\">\n<li><strong>Empreinte mondiale strat\u00e9gique :<\/strong> Ancr\u00e9es par notre si\u00e8ge social v\u00e9rifi\u00e9 dans le Wyoming, aux \u00c9tats-Unis, nos op\u00e9rations s&rsquo;\u00e9tendent \u00e0 travers l&rsquo;Am\u00e9rique du Nord et l&rsquo;Europe. Nous exploitons un vaste r\u00e9seau de centres de distribution de niveau 1 pour dispatcher intelligemment les stocks sp\u00e9cifiques \u00e0 chaque r\u00e9gion. Que vous soyez aux \u00c9tats-Unis, au Canada ou dans l&rsquo;UE, votre mat\u00e9riel est exp\u00e9di\u00e9 localement, garantissant les r\u00e9f\u00e9rences r\u00e9gionales correctes et \u00e9liminant les frictions transfrontali\u00e8res.  <\/li>\n\n\n\n<li><strong>Paiements B2B s\u00e9curis\u00e9s :<\/strong> Optimis\u00e9s pour les virements ACH,SEPA les transferts bancaires et les flux de travail d\u2019approvisionnement des entreprises.<\/li>\n\n\n\n<li><strong>Cha\u00eene d&rsquo;approvisionnement autoris\u00e9e localis\u00e9e :<\/strong> &gt; \u00c9limination des tarifs transfrontaliers, des retards douaniers cach\u00e9s et des incertitudes du march\u00e9 gris. Nous exploitons notre r\u00e9seau de distribution r\u00e9gional de niveau 1 pour s\u00e9curiser des r\u00e9f\u00e9rences enti\u00e8rement conformes et localis\u00e9es aux co\u00fbts d&rsquo;approvisionnement les plus comp\u00e9titifs. <\/li>\n<\/ul>\n\n\n\n<h4 class=\"wp-block-heading\">GPU Supply Co. <\/h4>\n\n\n\n<h5 class=\"wp-block-heading\">Wyoming, \u00c9tats-Unis | Canada | France<\/h5>\n","protected":false},"excerpt":{"rendered":"<p>\u00c0 propos de GPU Supply Co. Propulser l\u2019avenir de l\u2019informatique mondiale Notre mission GPU Supply Co., division d&rsquo;entreprise sp\u00e9cialis\u00e9e de Robert Computer Hardware Ltd, a \u00e9t\u00e9 cr\u00e9\u00e9e pour \u00e9tablir un lien entre l&rsquo;architecture de pointe NVIDIA et le march\u00e9 mondial de la recherche. \u00c0 une \u00e9poque de p\u00e9nurie de silicium et de r\u00e9glementations d\u2019exportation complexes, [&hellip;]<\/p>\n","protected":false},"author":1,"featured_media":0,"parent":0,"menu_order":0,"comment_status":"closed","ping_status":"closed","template":"","meta":{"_uag_custom_page_level_css":"","site-sidebar-layout":"default","site-content-layout":"","ast-site-content-layout":"default","site-content-style":"default","site-sidebar-style":"default","ast-global-header-display":"","ast-banner-title-visibility":"","ast-main-header-display":"","ast-hfb-above-header-display":"","ast-hfb-below-header-display":"","ast-hfb-mobile-header-display":"","site-post-title":"","ast-breadcrumbs-content":"","ast-featured-img":"","footer-sml-layout":"","ast-disable-related-posts":"","theme-transparent-header-meta":"","adv-header-id-meta":"","stick-header-meta":"","header-above-stick-meta":"","header-main-stick-meta":"","header-below-stick-meta":"","astra-migrate-meta-layouts":"set","ast-page-background-enabled":"default","ast-page-background-meta":{"desktop":{"background-color":"","background-image":"","background-repeat":"repeat","background-position":"center center","background-size":"auto","background-attachment":"scroll","background-type":"","background-media":"","overlay-type":"","overlay-color":"","overlay-opacity":"","overlay-gradient":""},"tablet":{"background-color":"","background-image":"","background-repeat":"repeat","background-position":"center center","background-size":"auto","background-attachment":"scroll","background-type":"","background-media":"","overlay-type":"","overlay-color":"","overlay-opacity":"","overlay-gradient":""},"mobile":{"background-color":"","background-image":"","background-repeat":"repeat","background-position":"center center","background-size":"auto","background-attachment":"scroll","background-type":"","background-media":"","overlay-type":"","overlay-color":"","overlay-opacity":"","overlay-gradient":""}},"ast-content-background-meta":{"desktop":{"background-color":"var(--ast-global-color-5)","background-image":"","background-repeat":"repeat","background-position":"center center","background-size":"auto","background-attachment":"scroll","background-type":"","background-media":"","overlay-type":"","overlay-color":"","overlay-opacity":"","overlay-gradient":""},"tablet":{"background-color":"var(--ast-global-color-5)","background-image":"","background-repeat":"repeat","background-position":"center center","background-size":"auto","background-attachment":"scroll","background-type":"","background-media":"","overlay-type":"","overlay-color":"","overlay-opacity":"","overlay-gradient":""},"mobile":{"background-color":"var(--ast-global-color-5)","background-image":"","background-repeat":"repeat","background-position":"center center","background-size":"auto","background-attachment":"scroll","background-type":"","background-media":"","overlay-type":"","overlay-color":"","overlay-opacity":"","overlay-gradient":""}},"footnotes":""},"class_list":["post-1434","page","type-page","status-publish","hentry"],"_hostinger_reach_plugin_has_subscription_block":false,"_hostinger_reach_plugin_is_elementor":false,"uagb_featured_image_src":{"full":false,"thumbnail":false,"medium":false,"medium_large":false,"large":false,"1536x1536":false,"2048x2048":false,"woocommerce_thumbnail":false,"woocommerce_single":false,"woocommerce_gallery_thumbnail":false},"uagb_author_info":{"display_name":"","author_link":"https:\/\/gpusupplyco.com\/fr\/author\/jw2070174gmail-com\/"},"uagb_comment_info":0,"uagb_excerpt":"\u00c0 propos de GPU Supply Co. Propulser l\u2019avenir de l\u2019informatique mondiale Notre mission GPU Supply Co., division d&rsquo;entreprise sp\u00e9cialis\u00e9e de Robert Computer Hardware Ltd, a \u00e9t\u00e9 cr\u00e9\u00e9e pour \u00e9tablir un lien entre l&rsquo;architecture de pointe NVIDIA et le march\u00e9 mondial de la recherche. \u00c0 une \u00e9poque de p\u00e9nurie de silicium et de r\u00e9glementations d\u2019exportation complexes,\u2026","_links":{"self":[{"href":"https:\/\/gpusupplyco.com\/fr\/wp-json\/wp\/v2\/pages\/1434","targetHints":{"allow":["GET"]}}],"collection":[{"href":"https:\/\/gpusupplyco.com\/fr\/wp-json\/wp\/v2\/pages"}],"about":[{"href":"https:\/\/gpusupplyco.com\/fr\/wp-json\/wp\/v2\/types\/page"}],"author":[{"embeddable":true,"href":"https:\/\/gpusupplyco.com\/fr\/wp-json\/wp\/v2\/users\/1"}],"replies":[{"embeddable":true,"href":"https:\/\/gpusupplyco.com\/fr\/wp-json\/wp\/v2\/comments?post=1434"}],"version-history":[{"count":7,"href":"https:\/\/gpusupplyco.com\/fr\/wp-json\/wp\/v2\/pages\/1434\/revisions"}],"predecessor-version":[{"id":1741,"href":"https:\/\/gpusupplyco.com\/fr\/wp-json\/wp\/v2\/pages\/1434\/revisions\/1741"}],"wp:attachment":[{"href":"https:\/\/gpusupplyco.com\/fr\/wp-json\/wp\/v2\/media?parent=1434"}],"curies":[{"name":"wp","href":"https:\/\/api.w.org\/{rel}","templated":true}]}}