{"id":1701,"date":"2026-03-30T07:25:30","date_gmt":"2026-03-30T07:25:30","guid":{"rendered":"https:\/\/gpusupplyco.com\/?post_type=product&#038;p=1701"},"modified":"2026-04-02T12:38:50","modified_gmt":"2026-04-02T12:38:50","slug":"rtx-pro-4500","status":"publish","type":"product","link":"https:\/\/gpusupplyco.com\/de\/rtx-pro-4500\/","title":{"rendered":"NVIDIA RTX PRO 4500 Blackwell 32GB BULK"},"content":{"rendered":"<h2 data-path-to-node=\"7\">RTX PRO 4500: Der ultimative Leitfaden zur Optimierung Ihres professionellen Workflows<\/h2>\n<ul>\n<li>\n<p data-path-to-node=\"9,0,0\"><b data-path-to-node=\"9,0,0\" data-index-in-node=\"0\">NVIDIA Blackwell-Architektur<\/b><\/p>\n<\/li>\n<li>\n<p data-path-to-node=\"9,1,0\"><b data-path-to-node=\"9,1,0\" data-index-in-node=\"0\">32 GB GDDR7 mit ECC<\/b><\/p>\n<\/li>\n<li>\n<p data-path-to-node=\"9,2,0\"><b data-path-to-node=\"9,2,0\" data-index-in-node=\"0\">NVIDIA RTX PRO SYNC-kompatibel<\/b><\/p>\n<\/li>\n<li>\n<p data-path-to-node=\"9,3,0\"><b data-path-to-node=\"9,3,0\" data-index-in-node=\"0\">4 x DisplayPort 2.1<\/b><\/p>\n<\/li>\n<li>\n<p data-path-to-node=\"9,4,0\"><b data-path-to-node=\"9,4,0\" data-index-in-node=\"0\">10.496 CUDA-Kerne<\/b><\/p>\n<\/li>\n<li>\n<p data-path-to-node=\"9,5,0\"><b data-path-to-node=\"9,5,0\" data-index-in-node=\"0\">Maximale Leistungsaufnahme 200 W<\/b><\/p>\n<\/li>\n<li>\n<p data-path-to-node=\"9,6,0\"><b data-path-to-node=\"9,6,0\" data-index-in-node=\"0\">SKU: VCNRTXPRO4500B-SB<\/b><\/p>\n<\/li>\n<\/ul>\n<p data-path-to-node=\"8\"><b data-path-to-node=\"8\" data-index-in-node=\"0\">RTX PRO 4500<\/b> ist das ultimative Kraftpaket in der sich rasant entwickelnden Landschaft der professionellen visuellen Datenverarbeitung, des Engineerings und der k\u00fcnstlichen Intelligenz. Die richtige Hardware zu haben, ist nicht l\u00e4nger nur ein Vorteil \u2013 es ist eine absolute Notwendigkeit f\u00fcr den gesch\u00e4ftlichen Erfolg. Durch die Kombination einer Architektur der n\u00e4chsten Generation mit unglaublicher KI-Beschleunigung garantiert die <a href=\"https:\/\/gpusupplyco.com\/de\/kategorie\/workstation-gpu\/\"><b data-path-to-node=\"8\" data-index-in-node=\"434\">RTX PRO 4500<\/b><\/a>, dass Ihre Workstation moderne Industriestandards nicht nur erf\u00fcllt, sondern aktiv neu definiert. Diese Enterprise-GPU wurde entwickelt, um die anspruchsvollsten kreativen und technischen Workloads nahtlos zu bew\u00e4ltigen.<\/p>\n<h3 data-path-to-node=\"9\"><a href=\"https:\/\/www.nvidia.com\/en-us\/products\/workstations\/professional-desktop-gpus\/rtx-pro-4500\/\" target=\"_blank\" rel=\"noopener\">RTX PRO 4500<\/a> Bahnbrechende Architektur und Leistung<\/h3>\n<p data-path-to-node=\"10\">Die <b data-path-to-node=\"10\" data-index-in-node=\"4\">RTX PRO 4500<\/b> l\u00f6st sich von herk\u00f6mmlichen Rendering-Einschr\u00e4nkungen und bietet ein Rechen-\u00d6kosystem, das die Art und Weise, wie Profis mit komplexen digitalen Elementen interagieren, grundlegend ver\u00e4ndert. Im Kern ist diese Architektur auf kompromisslosen Durchsatz, Energieeffizienz und thermische Zuverl\u00e4ssigkeit ausgelegt, um sicherzustellen, dass rechenintensive Rendering-Aufgaben Ihr System in kritischen Produktionsphasen nicht ausbremsen.<\/p>\n<h4 data-path-to-node=\"11\">RTX PRO 4500 Raytracing-Funktionen der n\u00e4chsten Generation<\/h4>\n<p data-path-to-node=\"12\">Beleuchtung, Schatten und Reflexionen sind entscheidend f\u00fcr fotorealistisches Rendering, und die <b data-path-to-node=\"12\" data-index-in-node=\"97\">RTX PRO 4500<\/b> gl\u00e4nzt in genau diesem Bereich. Ausgestattet mit fortschrittlichen, speziell entwickelten Raytracing-Kernen (RT Cores), beschleunigt die <b data-path-to-node=\"12\" data-index-in-node=\"247\">RTX PRO 4500<\/b> die Berechnung des Lichtverhaltens in dynamischen 3D-Umgebungen. Das bedeutet, dass Sie bei der Bereitstellung dieser Hardware eine Technologie nutzen, die physikalisch genaue Brechungen und globale Beleuchtung in Echtzeit berechnet und so die traditionellen Engp\u00e4sse softwarebasierten Renderings umgeht.<\/p>\n<h5 data-path-to-node=\"13\">RTX PRO 4500 Erreichen von Echtzeit-Fotorealismus<\/h5>\n<p data-path-to-node=\"14\">Vor der <b data-path-to-node=\"14\" data-index-in-node=\"8\">RTX PRO 4500<\/b> erforderte das Erreichen von echtem filmischem Fotorealismus stundenlanges Offline-Rendering auf massiven Serverfarmen. Jetzt reduziert die <b data-path-to-node=\"14\" data-index-in-node=\"161\">RTX PRO 4500<\/b> diesen Zeitrahmen drastisch \u2013 direkt an Ihrem Schreibtisch. Durch die Beschleunigung komplexer Bounding Volume Hierarchy (BVH) Algorithmen k\u00f6nnen 3D-K\u00fcnstler und Architekten hochaufl\u00f6sende, fotorealistische Ergebnisse sofort sehen, was die L\u00fccke zwischen Vorstellungskraft und Endproduktion schlie\u00dft.<\/p>\n<h6 data-path-to-node=\"15\">RTX PRO 4500 Fl\u00fcssige Design-Iterationen<\/h6>\n<p data-path-to-node=\"16\">Aufgrund dieser Echtzeitf\u00e4higkeit steigert die <b data-path-to-node=\"16\" data-index-in-node=\"47\">RTX PRO 4500<\/b> direkt Ihre t\u00e4gliche Produktivit\u00e4t. Designer k\u00f6nnen Materialien anpassen, komplexe Lichtquellen justieren und dichte Geometrien \u00e4ndern, w\u00e4hrend sie sofortiges visuelles Feedback erhalten. Ihr kreativer Fluss bleibt v\u00f6llig ununterbrochen von langwierigen Ladebalken oder Systemverz\u00f6gerungen, was schnelles Prototyping und schnellere Kundenfreigaben erm\u00f6glicht.<\/p>\n<h3 data-path-to-node=\"17\">KI-Entfesselung mit der RTX PRO 4500<\/h3>\n<p data-path-to-node=\"18\">K\u00fcnstliche Intelligenz ver\u00e4ndert jede professionelle Branche, vom generativen Design und intelligenten Upscaling bis hin zur fortschrittlichen Datenanalyse. Die <b data-path-to-node=\"18\" data-index-in-node=\"161\">RTX PRO 4500<\/b> wurde akribisch entwickelt, um ein Vorreiter in dieser KI-Revolution zu sein und bietet massive Rechenbandbreite f\u00fcr Algorithmen des maschinellen Lernens.<\/p>\n<h4 data-path-to-node=\"19\">Fortschrittliche Tensor-Kerne f\u00fcr Deep Learning Matrixberechnungen<\/h4>\n<p data-path-to-node=\"20\">Deep Learning st\u00fctzt sich stark auf schnelle Matrixmultiplikationen. Um diese Aufgaben zu dominieren, ist die <b data-path-to-node=\"20\" data-index-in-node=\"110\">RTX PRO 4500<\/b> mit verbesserten Tensor-Kernen ausgestattet. Diese spezialisierten Recheneinheiten erm\u00f6glichen es dem System, komplexe KI-Trainings- und Inferenz-Workloads mit atemberaubender Geschwindigkeit auszuf\u00fchren. Unabh\u00e4ngig davon, ob Sie neuronale Netze ausf\u00fchren, KI-gest\u00fctzte Entrauschungs-Tools in Ihrer Rendering-Software verwenden oder massive Datenmodelle verarbeiten, werden Sie eine reibungslose, beschleunigte Leistung erleben.<\/p>\n<h3 data-path-to-node=\"21\">Massiver VRAM, optimiert f\u00fcr die RTX PRO 4500<\/h3>\n<p data-path-to-node=\"22\">Ein leistungsstarker GPU-Prozessor bedeutet sehr wenig, wenn er durch unzureichenden Speicher ausgebremst wird. Die Verarbeitung massiver Datens\u00e4tze, ultrahoch aufl\u00f6sender Texturen und komplexer physikalischer Simulationen erfordert eine erhebliche Speicherkapazit\u00e4t. Die <b data-path-to-node=\"22\" data-index-in-node=\"272\">RTX PRO 4500<\/b> ist mit einem massiven Framebuffer ausgestattet und nutzt ultraschnelle GDDR-Speichertechnologie. Dies stellt sicher, dass Sie umfangreiche 3D-Szenen oder unkomprimierte 8K-Video-Timelines direkt in den lokalen Speicher laden k\u00f6nnen, was Systemabst\u00fcrze verhindert und Ruckeln eliminiert.<\/p>\n<h4 data-path-to-node=\"23\">Error Correcting Code (ECC) Zuverl\u00e4ssigkeitsstandards<\/h4>\n<p data-path-to-node=\"24\">In gesch\u00e4ftskritischen Unternehmensumgebungen kann ein einziger Bit-Flip, der durch kosmische Strahlung oder Hintergrundstrahlung verursacht wird, stundenlange Berechnungsdaten ruinieren. Um dies zu bek\u00e4mpfen, unterst\u00fctzt das Speichersubsystem Error Correcting Code (ECC). Durch die Verwendung von ECC erkennt und korrigiert das System automatisch Einzelbit-Speicherfehler und gew\u00e4hrleistet so absolute Datenintegrit\u00e4t. Wenn Sie sich bei komplexen wissenschaftlichen Berechnungen, Finanzmodellierungen oder dem finalen Enterprise-Rendering auf die <b data-path-to-node=\"24\" data-index-in-node=\"548\">RTX PRO 4500<\/b> verlassen, k\u00f6nnen Sie darauf vertrauen, dass Ihre Ausgabe mathematisch fehlerfrei ist.<\/p>\n<h5 data-path-to-node=\"25\">Intelligentes Shading und konkurrenzlose Grafikausgabe<\/h5>\n<p data-path-to-node=\"26\">\u00dcber die massive Speicherkapazit\u00e4t hinaus optimiert der Prozessor jedes einzelne Pixel, das auf dem Bildschirm gezeichnet wird. Durch den Einsatz fortschrittlicher Variable Rate Shading- und Mesh Shading-Techniken weist er seine Rechenleistung intelligent zu. Er konzentriert die enorme grafische Leistung der <b data-path-to-node=\"26\" data-index-in-node=\"310\">RTX PRO 4500<\/b> auf die detailliertesten und am aktivsten betrachteten Bereiche Ihres Bildschirms und sorgt so f\u00fcr maximale Bildraten ohne jegliche Verschlechterung der visuellen Qualit\u00e4t auf weiten digitalen Arbeitsfl\u00e4chen.<\/p>\n<h6 data-path-to-node=\"27\">Erweiterte visuelle Arbeitsbereiche und ISV-Zertifizierung<\/h6>\n<p data-path-to-node=\"28\">Profis ben\u00f6tigen weitreichende visuelle Arbeitsbereiche, um komplexe Timelines und komplizierte Software-UI-Panels zu \u00fcberwachen. Diese Grafikkarte unterst\u00fctzt nahtlos mehrere ultrahochaufl\u00f6sende Displays, einschlie\u00dflich 4K-, 5K- und sogar 8K-HDR-Monitore gleichzeitig. Dar\u00fcber hinaus verf\u00fcgt sie \u00fcber umfassende Zertifizierungen von unabh\u00e4ngigen Softwareanbietern (ISV). Dies garantiert, dass branchenf\u00fchrende Softwareanwendungen von Adobe, Autodesk, Dassault Syst\u00e8mes und anderen sofort mit optimaler Stabilit\u00e4t und Leistung ausgef\u00fchrt werden.<\/p>\n<h3 data-path-to-node=\"29\">Warum uns f\u00fcr Ihren RTX PRO 4500 Kauf w\u00e4hlen?<\/h3>\n<p data-path-to-node=\"30\">Die Wahl der richtigen Hardware ist nur die halbe Miete; die Wahl des richtigen Enterprise-IT-Anbieters ist ebenso wichtig. Wenn Sie Ihre Workstation-Infrastruktur mit der <b data-path-to-node=\"30\" data-index-in-node=\"172\">RTX PRO 4500<\/b> aufr\u00fcsten m\u00f6chten, ben\u00f6tigen Sie einen vertrauensw\u00fcrdigen Partner, der Ihr Budget, Ihren betrieblichen Erfolg und Ihre langfristige Skalierbarkeit priorisiert.<\/p>\n<h4 data-path-to-node=\"31\">Unschlagbare Preisgarantie und niedrigste Kosten<\/h4>\n<p data-path-to-node=\"32\">Wir sind branchenweit als f\u00fchrender Anbieter f\u00fcr professionelle Workstation-Hardware anerkannt, und unser striktes Engagement zum Schutz Ihres Budgets ist genau der Grund, warum Tausende von Unternehmen uns bei ihren <b data-path-to-node=\"32\" data-index-in-node=\"217\">RTX PRO 4500<\/b> Bereitstellungen vertrauen.<\/p>\n<ul data-path-to-node=\"33\">\n<li>\n<p data-path-to-node=\"33,0,0\"><b data-path-to-node=\"33,0,0\" data-index-in-node=\"0\">Absolute Preisgarantie:<\/b> Wir setzen strikt eine Richtlinie durch, die garantiert, dass Sie niemals zu viel f\u00fcr Ihre Hardware bezahlen. Wenn Sie einen niedrigeren beworbenen Preis f\u00fcr eine brandneue, vorr\u00e4tige <b data-path-to-node=\"33,0,0\" data-index-in-node=\"208\">RTX PRO 4500<\/b> von einem autorisierten Mitbewerber finden, gew\u00e4hren wir Ihnen gerne eine umfassende Preisanpassung. Wir setzen uns daf\u00fcr ein, dass Sie Ihre IT-Investitionen zum wettbewerbsf\u00e4higsten Preis auf dem Weltmarkt sichern.<\/p>\n<\/li>\n<li>\n<p data-path-to-node=\"33,1,0\"><b data-path-to-node=\"33,1,0\" data-index-in-node=\"0\">Sicherung der niedrigsten Kosten:<\/b> Durch jahrelange Pflege direkter Beziehungen zu erstklassigen Herstellern haben wir die traditionellen, stark \u00fcberteuerten Lieferketten erfolgreich umgangen. Wenn Sie die <b data-path-to-node=\"33,1,0\" data-index-in-node=\"205\">RTX PRO 4500<\/b> \u00fcber unseren Shop kaufen, greifen Sie auf direkte B2B-Preise zu. Wir garantieren die absolut niedrigsten Kosten, sodass Sie Ihr IT-Budget maximieren und mehr Einheiten f\u00fcr Ihr Kreativteam beschaffen k\u00f6nnen, ohne das Budget zu sprengen.<\/p>\n<\/li>\n<li>\n<p data-path-to-node=\"33,2,0\"><b data-path-to-node=\"33,2,0\" data-index-in-node=\"0\">100% Original-Hardware mit Premium-Support:<\/b> Die niedrigsten Kosten f\u00fcr Ihre <b data-path-to-node=\"33,2,0\" data-index-in-node=\"76\">RTX PRO 4500<\/b> zu erhalten, sollte niemals bedeuten, dass Sie auf Sicherheit verzichten m\u00fcssen. Jede von uns verkaufte Einheit ist 100% authentisch, sicher verpackt und verf\u00fcgt \u00fcber die vollst\u00e4ndigen Original-Herstellergarantien. Von der Pre-Sales-Kompatibilit\u00e4tsberatung bis zur technischen Fehlerbehebung nach der Bereitstellung stellt unser fachkundiges Support-Team sicher, dass Ihre Hardware \u00fcber Jahre hinweg fehlerfrei funktioniert.<\/p>\n<\/li>\n<li>Zustand: Neu (Bulk\/OEM)<\/li>\n<li>\n<table class=\"uk-table uk-table-hover uk-table-divider\">\n<tbody>\n<tr>\n<th class=\"uk-width-medium\">Speicherschnittstelle \/ Bus<\/th>\n<th>PCI-Express 5.0 x16<\/th>\n<\/tr>\n<tr>\n<th class=\"uk-width-medium\">Bauform \/ Slotbreite<\/th>\n<th>Full Size ATX \/ Dual-Slot<\/th>\n<\/tr>\n<tr>\n<th class=\"uk-width-medium\">K\u00fchlkonzept<\/th>\n<th>Aktiv (Radiall\u00fcfter)<\/th>\n<\/tr>\n<tr>\n<th class=\"uk-width-medium\">Stromverbrauch<\/th>\n<th>200 Watt<\/th>\n<\/tr>\n<tr>\n<th class=\"uk-width-medium\">Grafikkartenausgang: DisplayPort (nativer Anschluss ohne Adapter)<\/th>\n<th>4x 2.1b<\/th>\n<\/tr>\n<\/tbody>\n<\/table>\n<\/li>\n<\/ul>\n<table class=\"uk-table uk-table-hover uk-table-divider\">\n<tbody>\n<tr>\n<th class=\"uk-width-medium\">Half Precision Performance (FP16)<\/th>\n<th>54.94 TFLOPS<\/th>\n<\/tr>\n<tr>\n<th class=\"uk-width-medium\">Single Precision Performance (FP32)<\/th>\n<th>54.94 TFLOPS<\/th>\n<\/tr>\n<tr>\n<th class=\"uk-width-medium\">Double Precision Performance (FP64)<\/th>\n<th>858.4 TFLOPS<\/th>\n<\/tr>\n<tr>\n<th class=\"uk-width-medium\">Anzahl Shading Units<\/th>\n<th>10469<\/th>\n<\/tr>\n<tr>\n<th class=\"uk-width-medium\">Speicheranbindung<\/th>\n<th>256 bit<\/th>\n<\/tr>\n<tr>\n<th class=\"uk-width-medium\">Arbeitsspeicher Typ<\/th>\n<th>GDDR7<\/th>\n<\/tr>\n<tr>\n<th class=\"uk-width-medium\">Arbeitsspeicher Gr\u00f6\u00dfe<\/th>\n<th>32 GB<\/th>\n<\/tr>\n<tr>\n<th class=\"uk-width-medium\">Speicherbandbreite<\/th>\n<th>896 GB\/s<\/th>\n<\/tr>\n<tr>\n<th class=\"uk-width-medium\">ECC-Support<\/th>\n<th>Ja<\/th>\n<\/tr>\n<\/tbody>\n<\/table>\n<p data-path-to-node=\"34\">Geben Sie sich nicht mit \u00fcberh\u00f6hten Einzelhandelspreisen oder minderwertigem Kundenservice zufrieden. R\u00fcsten Sie Ihre professionelle Rechenleistung effizient auf. Kontaktieren Sie noch heute unser Enterprise-Sales-Team, um Ihre Preisgarantie zu sichern und die wahre Bedeutung von Wert zu erleben!<\/p>\n","protected":false},"excerpt":{"rendered":"<p>RTX PRO 4500: Der ultimative Leitfaden zur Optimierung Ihres professionellen Workflows NVIDIA Blackwell-Architektur 32 GB GDDR7 mit ECC NVIDIA RTX PRO SYNC-kompatibel 4 x DisplayPort 2.1 10.496 CUDA-Kerne Maximale Leistungsaufnahme 200 W SKU: VCNRTXPRO4500B-SB RTX PRO 4500 ist das ultimative Kraftpaket in der sich rasant entwickelnden Landschaft der professionellen visuellen Datenverarbeitung, des Engineerings und der [&hellip;]<\/p>\n","protected":false},"featured_media":1700,"comment_status":"open","ping_status":"closed","template":"","meta":{"_uag_custom_page_level_css":"","site-sidebar-layout":"default","site-content-layout":"","ast-site-content-layout":"default","site-content-style":"default","site-sidebar-style":"default","ast-global-header-display":"","ast-banner-title-visibility":"","ast-main-header-display":"","ast-hfb-above-header-display":"","ast-hfb-below-header-display":"","ast-hfb-mobile-header-display":"","site-post-title":"","ast-breadcrumbs-content":"","ast-featured-img":"","footer-sml-layout":"","ast-disable-related-posts":"","theme-transparent-header-meta":"default","adv-header-id-meta":"","stick-header-meta":"","header-above-stick-meta":"","header-main-stick-meta":"","header-below-stick-meta":"","astra-migrate-meta-layouts":"set","ast-page-background-enabled":"default","ast-page-background-meta":{"desktop":{"background-color":"","background-image":"","background-repeat":"repeat","background-position":"center center","background-size":"auto","background-attachment":"scroll","background-type":"","background-media":"","overlay-type":"","overlay-color":"","overlay-opacity":"","overlay-gradient":""},"tablet":{"background-color":"","background-image":"","background-repeat":"repeat","background-position":"center center","background-size":"auto","background-attachment":"scroll","background-type":"","background-media":"","overlay-type":"","overlay-color":"","overlay-opacity":"","overlay-gradient":""},"mobile":{"background-color":"","background-image":"","background-repeat":"repeat","background-position":"center center","background-size":"auto","background-attachment":"scroll","background-type":"","background-media":"","overlay-type":"","overlay-color":"","overlay-opacity":"","overlay-gradient":""}},"ast-content-background-meta":{"desktop":{"background-color":"var(--ast-global-color-5)","background-image":"","background-repeat":"repeat","background-position":"center center","background-size":"auto","background-attachment":"scroll","background-type":"","background-media":"","overlay-type":"","overlay-color":"","overlay-opacity":"","overlay-gradient":""},"tablet":{"background-color":"var(--ast-global-color-5)","background-image":"","background-repeat":"repeat","background-position":"center center","background-size":"auto","background-attachment":"scroll","background-type":"","background-media":"","overlay-type":"","overlay-color":"","overlay-opacity":"","overlay-gradient":""},"mobile":{"background-color":"var(--ast-global-color-5)","background-image":"","background-repeat":"repeat","background-position":"center center","background-size":"auto","background-attachment":"scroll","background-type":"","background-media":"","overlay-type":"","overlay-color":"","overlay-opacity":"","overlay-gradient":""}}},"product_brand":[],"product_cat":[40],"product_tag":[],"class_list":{"0":"post-1701","1":"product","2":"type-product","3":"status-publish","4":"has-post-thumbnail","6":"product_cat-workstation-gpu","7":"desktop-align-left","8":"tablet-align-left","9":"mobile-align-left","11":"first","12":"instock","13":"sale","14":"shipping-taxable","15":"product-type-simple"},"uagb_featured_image_src":{"full":["https:\/\/gpusupplyco.com\/wp-content\/uploads\/2026\/03\/nvidia-rtx-pro-4500-blackwell-display-features.png",1024,467,false],"thumbnail":["https:\/\/gpusupplyco.com\/wp-content\/uploads\/2026\/03\/nvidia-rtx-pro-4500-blackwell-display-features-150x150.png",150,150,true],"medium":["https:\/\/gpusupplyco.com\/wp-content\/uploads\/2026\/03\/nvidia-rtx-pro-4500-blackwell-display-features-300x137.png",300,137,true],"medium_large":["https:\/\/gpusupplyco.com\/wp-content\/uploads\/2026\/03\/nvidia-rtx-pro-4500-blackwell-display-features-768x350.png",768,350,true],"large":["https:\/\/gpusupplyco.com\/wp-content\/uploads\/2026\/03\/nvidia-rtx-pro-4500-blackwell-display-features.png",1024,467,false],"1536x1536":["https:\/\/gpusupplyco.com\/wp-content\/uploads\/2026\/03\/nvidia-rtx-pro-4500-blackwell-display-features.png",1024,467,false],"2048x2048":["https:\/\/gpusupplyco.com\/wp-content\/uploads\/2026\/03\/nvidia-rtx-pro-4500-blackwell-display-features.png",1024,467,false],"woocommerce_thumbnail":["https:\/\/gpusupplyco.com\/wp-content\/uploads\/2026\/03\/nvidia-rtx-pro-4500-blackwell-display-features-300x300.png",300,300,true],"woocommerce_single":["https:\/\/gpusupplyco.com\/wp-content\/uploads\/2026\/03\/nvidia-rtx-pro-4500-blackwell-display-features-600x274.png",600,274,true],"woocommerce_gallery_thumbnail":["https:\/\/gpusupplyco.com\/wp-content\/uploads\/2026\/03\/nvidia-rtx-pro-4500-blackwell-display-features-100x100.png",100,100,true]},"uagb_author_info":{"display_name":"","author_link":"https:\/\/gpusupplyco.com\/de\/author\/"},"uagb_comment_info":0,"uagb_excerpt":"RTX PRO 4500: Der ultimative Leitfaden zur Optimierung Ihres professionellen Workflows NVIDIA Blackwell-Architektur 32 GB GDDR7 mit ECC NVIDIA RTX PRO SYNC-kompatibel 4 x DisplayPort 2.1 10.496 CUDA-Kerne Maximale Leistungsaufnahme 200 W SKU: VCNRTXPRO4500B-SB RTX PRO 4500 ist das ultimative Kraftpaket in der sich rasant entwickelnden Landschaft der professionellen visuellen Datenverarbeitung, des Engineerings und der&hellip;","_links":{"self":[{"href":"https:\/\/gpusupplyco.com\/de\/wp-json\/wp\/v2\/product\/1701","targetHints":{"allow":["GET"]}}],"collection":[{"href":"https:\/\/gpusupplyco.com\/de\/wp-json\/wp\/v2\/product"}],"about":[{"href":"https:\/\/gpusupplyco.com\/de\/wp-json\/wp\/v2\/types\/product"}],"replies":[{"embeddable":true,"href":"https:\/\/gpusupplyco.com\/de\/wp-json\/wp\/v2\/comments?post=1701"}],"wp:featuredmedia":[{"embeddable":true,"href":"https:\/\/gpusupplyco.com\/de\/wp-json\/wp\/v2\/media\/1700"}],"wp:attachment":[{"href":"https:\/\/gpusupplyco.com\/de\/wp-json\/wp\/v2\/media?parent=1701"}],"wp:term":[{"taxonomy":"product_brand","embeddable":true,"href":"https:\/\/gpusupplyco.com\/de\/wp-json\/wp\/v2\/product_brand?post=1701"},{"taxonomy":"product_cat","embeddable":true,"href":"https:\/\/gpusupplyco.com\/de\/wp-json\/wp\/v2\/product_cat?post=1701"},{"taxonomy":"product_tag","embeddable":true,"href":"https:\/\/gpusupplyco.com\/de\/wp-json\/wp\/v2\/product_tag?post=1701"}],"curies":[{"name":"wp","href":"https:\/\/api.w.org\/{rel}","templated":true}]}}