{"id":1602,"date":"2026-03-19T01:46:11","date_gmt":"2026-03-19T01:46:11","guid":{"rendered":"https:\/\/gpusupplyco.com\/garantie-rma-richtlinie\/"},"modified":"2026-04-05T02:27:52","modified_gmt":"2026-04-05T02:27:52","slug":"garantie-rma-richtlinie","status":"publish","type":"page","link":"https:\/\/gpusupplyco.com\/de\/garantie-rma-richtlinie\/","title":{"rendered":"Garantie &amp; RMA-Richtlinie"},"content":{"rendered":"\n<h4 class=\"wp-block-heading\"><strong>1. Begrenzte Garantiezeit<\/strong><\/h4>\n\n<p><strong>Garantie &amp; Hardware-Support<\/strong><\/p>\n\n<p><strong>Standard-Herstellergarantie:<\/strong> &gt; GPU Supply Co. arbeitet ausschlie\u00dflich mit offiziellen, autorisierten regionalen Distributoren zusammen. Daher sind alle brandneuen Hardwareprodukte direkt durch die Standardgarantie des Original Equipment Manufacturers (OEM) abgedeckt (z. B. NVIDIA, PNY, Supermicro). Garantiebedingungen, -dauer und technischer Support unterliegen streng den Richtlinien des jeweiligen Herstellers. Da wir zu 100 % echte regionale SKUs liefern, ist Ihre Hardware uneingeschr\u00e4nkt f\u00fcr den direkten OEM-Support ohne grenz\u00fcberschreitende Einschr\u00e4nkungen berechtigt.   <\/p>\n\n<p><strong>Premium RMA-Abwicklungsservice (optional):<\/strong> Wir verstehen, dass Ausfallzeiten im Unternehmen kostspielig sind und RMA-Verfahren (Return Merchandise Authorization) zeitaufwendig sein k\u00f6nnen. Als optionales Add-on bietet GPU Supply Co. einen <strong>Premium RMA-Abwicklungsservice gegen einen Aufpreis von 3 %<\/strong> auf den Produktpreis an. Im Rahmen dieser SLA \u00fcbernimmt unser Support-Team die gesamte End-to-End-R\u00fccksendung, die Versandkoordination und die Ersatzverhandlung mit dem Hersteller in Ihrem Namen, wodurch Sie einen einzigen Ansprechpartner und absolute Sicherheit erhalten.  <\/p>\n\n<h4 class=\"wp-block-heading\"><strong>2. Garantieausschl\u00fcsse (Ung\u00fcltigkeitsbedingungen)<\/strong><\/h4>\n\n<p>Um die h\u00f6chsten Standards der Hardware-Integrit\u00e4t zu gew\u00e4hrleisten, wird die Garantie <strong>ung\u00fcltig<\/strong>, wenn das Produkt eine der folgenden Bedingungen aufweist. Unser technisches Team f\u00fchrt bei Erhalt jeder RMA-Einheit eine strenge Inspektion durch. <\/p>\n\n<p><strong>A. Physische &amp; Mechanische Sch\u00e4den:<\/strong><\/p>\n\n<ul class=\"wp-block-list\">\n<li><strong>Strukturelle Integrit\u00e4t:<\/strong> Jegliche Anzeichen physischer Einwirkung, einschlie\u00dflich, aber nicht beschr\u00e4nkt auf Dellen, Risse, gebrochene Komponenten oder verzogene Leiterplatten (Printed Circuit Board).<\/li>\n\n\n\n<li><strong>Verbogene Komponenten:<\/strong> Verbogene Pins (insbesondere an CPU-Sockeln oder Schnittstellen-Headern), verbogene Halterungen oder verzerrte K\u00fchlk\u00f6rper.<\/li>\n\n\n\n<li><strong>Anschlussbesch\u00e4digung:<\/strong> Gebrochene, verbrannte oder gerissene Schnittstellenanschl\u00fcsse (PCIe, SATA, SAS, HDMI, DisplayPort oder Stromanschl\u00fcsse).<\/li>\n<\/ul>\n\n<p><strong>B. Umwelt- &amp; Betriebsbedingter Missbrauch:<\/strong><\/p>\n\n<ul class=\"wp-block-list\">\n<li><strong>Korrosion &amp; Oxidation:<\/strong> Anzeichen von Feuchtigkeitseinwirkung, Fl\u00fcssigkeitsversch\u00fcttungen oder Umgebungen mit hoher Luftfeuchtigkeit, die zu Oxidation an der Schaltung f\u00fchren.<\/li>\n\n\n\n<li><strong>Thermische Sch\u00e4den:<\/strong> Anzeichen von \u00dcberhitzung aufgrund unzureichender Bel\u00fcftung oder \u201eKomponentenverkohlung\u201c (Brandspuren) durch instabile externe Netzteile.<\/li>\n\n\n\n<li><strong>Kontamination:<\/strong> \u00dcberm\u00e4\u00dfige Ansammlung von Staub, \u00d6l oder Fremdstoffen, die das K\u00fchlsystem oder die elektrischen Leitungen beeintr\u00e4chtigen.<\/li>\n<\/ul>\n\n<p><strong>C. Unautorisierte Modifikation &amp; Manipulation:<\/strong><\/p>\n\n<ul class=\"wp-block-list\">\n<li><strong>Garantiesiegel:<\/strong> Entfernung, Manipulation oder Unkenntlichmachung der originalen Seriennummern-Etiketten (S\/N), Werksgarantiesiegel oder Barcode-Aufkleber.<\/li>\n\n\n\n<li><strong>Firmware\/BIOS:<\/strong> Unautorisiertes Flashen von nicht-offiziellen BIOS oder Firmware, das zum \u201eBricking\u201c des Ger\u00e4ts f\u00fchrt.<\/li>\n\n\n\n<li><strong>Physische Ver\u00e4nderung:<\/strong> Jegliche Modifikation der originalen Werksk\u00fchll\u00f6sung (z. B. Entfernen der Abdeckung\/des L\u00fcfters), L\u00f6ten oder Lackieren.<\/li>\n<\/ul>\n\n<h4 class=\"wp-block-heading\"><strong>3. Versand &amp; R\u00fccksendungen<\/strong><\/h4>\n\n<ul class=\"wp-block-list\">\n<li><strong>RMA-Autorisierung:<\/strong> Ohne eine g\u00fcltige, von GPU Supply Co. ausgestellte <strong>RMA-Nummer<\/strong> werden keine R\u00fccksendungen akzeptiert.<\/li>\n\n\n\n<li><strong>Schutzverpackung:<\/strong> Zur\u00fcckgesendete Artikel m\u00fcssen in ihrer <strong>originalen antistatischen Verpackung<\/strong> oder einer gleichwertigen professionellen Schutzverpackung versandt werden. Sch\u00e4den, die w\u00e4hrend des R\u00fccktransports aufgrund unzureichender Verpackung entstehen, liegen in der alleinigen Verantwortung des Absenders und f\u00fchren zum Erl\u00f6schen der Garantie. <\/li>\n<\/ul>\n","protected":false},"excerpt":{"rendered":"<p>1. Begrenzte Garantiezeit Garantie &amp; Hardware-Support Standard-Herstellergarantie: &gt; GPU Supply Co. arbeitet ausschlie\u00dflich mit offiziellen, autorisierten regionalen Distributoren zusammen. Daher sind alle brandneuen Hardwareprodukte direkt durch die Standardgarantie des Original Equipment Manufacturers (OEM) abgedeckt (z. B. NVIDIA, PNY, Supermicro). Garantiebedingungen, -dauer und technischer Support unterliegen streng den Richtlinien des jeweiligen Herstellers. Da wir zu 100 [&hellip;]<\/p>\n","protected":false},"author":1,"featured_media":0,"parent":0,"menu_order":0,"comment_status":"closed","ping_status":"closed","template":"","meta":{"_uag_custom_page_level_css":"","site-sidebar-layout":"default","site-content-layout":"","ast-site-content-layout":"default","site-content-style":"default","site-sidebar-style":"default","ast-global-header-display":"","ast-banner-title-visibility":"","ast-main-header-display":"","ast-hfb-above-header-display":"","ast-hfb-below-header-display":"","ast-hfb-mobile-header-display":"","site-post-title":"","ast-breadcrumbs-content":"","ast-featured-img":"","footer-sml-layout":"","ast-disable-related-posts":"","theme-transparent-header-meta":"","adv-header-id-meta":"","stick-header-meta":"","header-above-stick-meta":"","header-main-stick-meta":"","header-below-stick-meta":"","astra-migrate-meta-layouts":"default","ast-page-background-enabled":"default","ast-page-background-meta":{"desktop":{"background-color":"","background-image":"","background-repeat":"repeat","background-position":"center center","background-size":"auto","background-attachment":"scroll","background-type":"","background-media":"","overlay-type":"","overlay-color":"","overlay-opacity":"","overlay-gradient":""},"tablet":{"background-color":"","background-image":"","background-repeat":"repeat","background-position":"center center","background-size":"auto","background-attachment":"scroll","background-type":"","background-media":"","overlay-type":"","overlay-color":"","overlay-opacity":"","overlay-gradient":""},"mobile":{"background-color":"","background-image":"","background-repeat":"repeat","background-position":"center center","background-size":"auto","background-attachment":"scroll","background-type":"","background-media":"","overlay-type":"","overlay-color":"","overlay-opacity":"","overlay-gradient":""}},"ast-content-background-meta":{"desktop":{"background-color":"var(--ast-global-color-5)","background-image":"","background-repeat":"repeat","background-position":"center center","background-size":"auto","background-attachment":"scroll","background-type":"","background-media":"","overlay-type":"","overlay-color":"","overlay-opacity":"","overlay-gradient":""},"tablet":{"background-color":"var(--ast-global-color-5)","background-image":"","background-repeat":"repeat","background-position":"center center","background-size":"auto","background-attachment":"scroll","background-type":"","background-media":"","overlay-type":"","overlay-color":"","overlay-opacity":"","overlay-gradient":""},"mobile":{"background-color":"var(--ast-global-color-5)","background-image":"","background-repeat":"repeat","background-position":"center center","background-size":"auto","background-attachment":"scroll","background-type":"","background-media":"","overlay-type":"","overlay-color":"","overlay-opacity":"","overlay-gradient":""}},"footnotes":""},"class_list":["post-1602","page","type-page","status-publish","hentry"],"_hostinger_reach_plugin_has_subscription_block":false,"_hostinger_reach_plugin_is_elementor":false,"uagb_featured_image_src":{"full":false,"thumbnail":false,"medium":false,"medium_large":false,"large":false,"1536x1536":false,"2048x2048":false,"woocommerce_thumbnail":false,"woocommerce_single":false,"woocommerce_gallery_thumbnail":false},"uagb_author_info":{"display_name":"","author_link":"https:\/\/gpusupplyco.com\/de\/author\/jw2070174gmail-com\/"},"uagb_comment_info":0,"uagb_excerpt":"1. Begrenzte Garantiezeit Garantie &amp; Hardware-Support Standard-Herstellergarantie: &gt; GPU Supply Co. arbeitet ausschlie\u00dflich mit offiziellen, autorisierten regionalen Distributoren zusammen. Daher sind alle brandneuen Hardwareprodukte direkt durch die Standardgarantie des Original Equipment Manufacturers (OEM) abgedeckt (z. B. NVIDIA, PNY, Supermicro). Garantiebedingungen, -dauer und technischer Support unterliegen streng den Richtlinien des jeweiligen Herstellers. Da wir zu 100&hellip;","_links":{"self":[{"href":"https:\/\/gpusupplyco.com\/de\/wp-json\/wp\/v2\/pages\/1602","targetHints":{"allow":["GET"]}}],"collection":[{"href":"https:\/\/gpusupplyco.com\/de\/wp-json\/wp\/v2\/pages"}],"about":[{"href":"https:\/\/gpusupplyco.com\/de\/wp-json\/wp\/v2\/types\/page"}],"author":[{"embeddable":true,"href":"https:\/\/gpusupplyco.com\/de\/wp-json\/wp\/v2\/users\/1"}],"replies":[{"embeddable":true,"href":"https:\/\/gpusupplyco.com\/de\/wp-json\/wp\/v2\/comments?post=1602"}],"version-history":[{"count":2,"href":"https:\/\/gpusupplyco.com\/de\/wp-json\/wp\/v2\/pages\/1602\/revisions"}],"predecessor-version":[{"id":1730,"href":"https:\/\/gpusupplyco.com\/de\/wp-json\/wp\/v2\/pages\/1602\/revisions\/1730"}],"wp:attachment":[{"href":"https:\/\/gpusupplyco.com\/de\/wp-json\/wp\/v2\/media?parent=1602"}],"curies":[{"name":"wp","href":"https:\/\/api.w.org\/{rel}","templated":true}]}}