{"id":1573,"date":"2026-03-08T06:42:45","date_gmt":"2026-03-08T06:42:45","guid":{"rendered":"https:\/\/gpusupplyco.com\/startseite\/"},"modified":"2026-03-18T13:37:58","modified_gmt":"2026-03-18T13:37:58","slug":"startseite","status":"publish","type":"page","link":"https:\/\/gpusupplyco.com\/de\/","title":{"rendered":"Startseite"},"content":{"rendered":"<div data-spectra-id=\"b4bdb975\"\tstyle=\"overflow: visible; --spectra-background-color: var(--ast-global-color-7); --spectra-overlay-opacity: 0.5;\" class=\"spectra-is-root-container alignfull spectra-overlay-color spectra-overflow spectra-background-color spectra-dim-ratio wp-block-spectra-container\" data-orientation=\"vertical\"\t>\n\t\n\n<h5 class=\"wp-block-heading\"><mark class=\"has-inline-color has-ast-global-color-1-color\">MARKTF\u00dcHRER IN ENTERPRISE-KI-INFRASTRUKTUR<\/mark><\/h5>\n\n\n\n<h1 class=\"wp-block-heading has-ast-global-color-1-color has-text-color has-link-color has-large-font-size wp-elements-b45692dcbf73be388749d2db4eb04e1a\">ENTERPRISE WORKSTATION GPU &amp; KI-SERVER-L\u00d6SUNGEN<\/h1>\n\n\n<div data-spectra-id=\"spectra-3b7e0e21-buttons\" class=\"wp-block-button spectra-buttons wp-block-spectra-buttons\">\n\t\n<a data-spectra-id=\"spectra-3b7e0e21-button\" href=\"https:\/\/gpusupplyco.com\/my-account\/\" target=\"_self\" aria-label=\"WERDEN SIE UNSER PARTNER\" class=\"wp-block-button__link wp-element-button wp-block-spectra-button has-text-color has-background\">\n<div class=\"spectra-button__link\">WERDEN SIE UNSER PARTNER<\/div><\/a>\n\n<\/div>\n\n\n<div data-spectra-id=\"spectra-mh0btnno-zyxfri\" style=\"overflow: visible\" class=\"spectra-overlay-color spectra-overflow wp-block-spectra-container\" data-orientation=\"vertical\">\n\t\n<div data-spectra-id=\"62f0ec94\" style=\"--spectra-text-color: #ffffff\" class=\"spectra-text-color aligncenter  wp-block-spectra-icon\">\n\t\t\t\t\t\t<svg class=\"spectra-icon\" xmlns=\"https:\/\/www.w3.org\/2000\/svg\" viewBox=\"0 0 320 512\" focusable=\"false\" style=\"fill: currentColor\" role=\"graphics-symbol\" aria-hidden=\"false\" aria-label=\"An icon named down-long\"><path d=\"M281.6 392.3l-104 112.1c-9.498 10.24-25.69 10.24-35.19 0l-104-112.1c-6.484-6.992-8.219-17.18-4.404-25.94c3.811-8.758 12.45-14.42 21.1-14.42H128V32c0-17.69 14.33-32 32-32S192 14.31 192 32v319.9h72c9.547 0 18.19 5.66 22 14.42C289.8 375.1 288.1 385.3 281.6 392.3z\"><\/path><\/svg>\n\t\t\t\t<\/div>\n\n<\/div>\n\n<\/div>\n\n\n<div data-spectra-id=\"a9605dcc\"\tstyle=\"overflow: visible; --spectra-overlay-opacity: 1;\" class=\"spectra-is-root-container alignfull spectra-overlay-color spectra-overflow spectra-dim-ratio wp-block-spectra-container\" data-orientation=\"vertical\"\t>\n\t\n\n<h2 class=\"wp-block-heading has-large-font-size\">Hochleistungs-NVIDIA GPU-Infrastruktur<\/h2>\n\n\n\n<p class=\"has-medium-font-size\" style=\"border-style:none;border-width:0px;margin-top:var(--wp--preset--spacing--60);margin-bottom:var(--wp--preset--spacing--60);margin-left:40px;line-height:1.5\">F\u00fchrender US-B2B-Distributor f\u00fcr NVIDIA RTX und Enterprise-Hardware. Fordern Sie noch heute ein Gro\u00dfmengenangebot an. <\/p>\n\n\n\n<div class=\"wp-block-columns is-layout-flex wp-container-core-columns-is-layout-28f84493 wp-block-columns-is-layout-flex\">\n<div class=\"wp-block-column is-layout-flow wp-block-column-is-layout-flow\">\n<figure data-spectra-id=\"spectra-mmrl3chw-f79qaw\" class=\"wp-block-image size-full is-resized\"><img decoding=\"async\" width=\"600\" height=\"600\" src=\"https:\/\/gpusupplyco.com\/wp-content\/uploads\/2026\/03\/PNY-AUTHORIZED-PARTNER.jpg\" alt=\"\" class=\"wp-image-1486\" srcset=\"https:\/\/gpusupplyco.com\/wp-content\/uploads\/2026\/03\/PNY-AUTHORIZED-PARTNER.jpg 600w, https:\/\/gpusupplyco.com\/wp-content\/uploads\/2026\/03\/PNY-AUTHORIZED-PARTNER-300x300.jpg 300w, https:\/\/gpusupplyco.com\/wp-content\/uploads\/2026\/03\/PNY-AUTHORIZED-PARTNER-150x150.jpg 150w, https:\/\/gpusupplyco.com\/wp-content\/uploads\/2026\/03\/PNY-AUTHORIZED-PARTNER-100x100.jpg 100w\" sizes=\"(max-width: 600px) 100vw, 600px\" \/><\/figure>\n<\/div>\n\n\n\n<div class=\"wp-block-column is-layout-flow wp-block-column-is-layout-flow\">\n<figure data-spectra-id=\"spectra-mmrl829i-fw2n7v\" class=\"wp-block-image size-full is-resized\"><img decoding=\"async\" width=\"517\" height=\"459\" src=\"https:\/\/gpusupplyco.com\/wp-content\/uploads\/2026\/03\/Seagate-Partner-Program-RESELLER_Authorized.png\" alt=\"\" class=\"wp-image-1487\" srcset=\"https:\/\/gpusupplyco.com\/wp-content\/uploads\/2026\/03\/Seagate-Partner-Program-RESELLER_Authorized.png 517w, https:\/\/gpusupplyco.com\/wp-content\/uploads\/2026\/03\/Seagate-Partner-Program-RESELLER_Authorized-300x266.png 300w\" sizes=\"(max-width: 517px) 100vw, 517px\" \/><\/figure>\n<\/div>\n\n\n\n<div class=\"wp-block-column is-layout-flow wp-block-column-is-layout-flow\"><\/div>\n<\/div>\n\n\n\n<p>Schneller weltweiter Versand. Offizieller autorisierter H\u00e4ndler f\u00fcr PNY &amp; Leadtek, Seagate. Sehen Sie sich unseren aktuellen <strong><a href=\"https:\/\/gpusupplyco.com\/de\/?attachment_id=1308\" target=\"_blank\" rel=\"noreferrer noopener\">NVIDIA RTX<\/a><\/strong>-Bestand an.  <\/p>\n\n\n<div data-spectra-id=\"spectra-04f073f9-btns\" class=\"wp-block-button spectra-buttons wp-block-spectra-buttons\">\n\t\n<a data-spectra-id=\"spectra-04f073f9-btn\" href=\"https:\/\/gpusupplyco.com\/shipping-logistics\/\" target=\"_self\" aria-label=\"Erfahren Sie mehr\" class=\"wp-block-button__link wp-element-button wp-block-spectra-button\">\n<div class=\"spectra-button__link\">Erfahren Sie mehr<\/div><\/a>\n\n<\/div>\n\n<\/div>\n\n\n<div data-spectra-id=\"00d4defe\"\tstyle=\"overflow: visible; --spectra-background-color: var(--ast-global-color-7); --spectra-overlay-opacity: 0.65;\" class=\"spectra-is-root-container alignfull spectra-overlay-color spectra-overflow spectra-background-color spectra-dim-ratio wp-block-spectra-container\" data-orientation=\"vertical\"\t>\n\t\n<div data-spectra-id=\"spectra-mh0ce853-9nhkb1\" style=\"overflow: visible\" class=\"spectra-overlay-color spectra-overflow wp-block-spectra-container\" data-orientation=\"vertical\">\n\t\n<div data-spectra-id=\"0ff6e26b\" style=\"overflow: visible;--spectra-overlay-opacity: 1\" class=\"spectra-overlay-color spectra-overflow spectra-dim-ratio wp-block-spectra-container\" data-orientation=\"vertical\">\n\t\n\t<h4 data-spectra-id=\"spectra-a18047a9-prefix\" style=\"--spectra-text-color: var(--ast-global-color-5)\" class=\"has-text-color spectra-text-color wp-block-spectra-content has-text-color has-var-ast-global-color-5-color\">\n\t\t<strong>Our Products<\/strong>\t<\/h4>\n\n\n\n<h4 class=\"wp-block-heading\"><mark class=\"has-inline-color has-ast-global-color-1-color\">NVIDIA RTX 6000 \/ 5000 ADA<\/mark><\/h4>\n\n\n\n<p><mark class=\"has-inline-color has-ast-global-color-1-color\">Die ultimative professionelle Visual-Computing-L\u00f6sung f\u00fcr KI, Rendering und komplexe Simulationen. Gro\u00dfmengenbestand jetzt verf\u00fcgbar<\/mark>.<\/p>\n\n\n<div data-spectra-id=\"spectra-a18047a9-separator\" style=\"display: flex;justify-content: flex-start\" class=\"wp-block-spectra-separator spectra-separator-color wp-block-spectra-separator\">\n\t<div class=\"spectra-separator-line\" style=\"margin-right: auto;background-color: #f9f8f8\"><\/div>\n<\/div>\n\n\n\n<h4 class=\"wp-block-heading\"><mark class=\"has-inline-color has-ast-global-color-1-color\">NVIDIA RTX 5000 ADA Generation<\/mark><\/h4>\n\n\n\n<p><mark class=\"has-inline-color has-ast-global-color-1-color\">Basierend auf der neuesten Ada Lovelace-Architektur f\u00fcr extreme KI-, Rendering- und Grafikleistung. Ein Kraftpaket f\u00fcr moderne professionelle Workstations. Bereit f\u00fcr Enterprise-Gro\u00dfbestellungen.  <\/mark><\/p>\n\n\n<div data-spectra-id=\"spectra-65e4fed4-sep\" style=\"display: flex;justify-content: center\" class=\"wp-block-spectra-separator spectra-separator-color wp-block-spectra-separator\">\n\t<div class=\"spectra-separator-line\" style=\"margin-left: auto;margin-right: auto;background-color: #f9f8f8\"><\/div>\n<\/div>\n\n\n\n<h4 class=\"wp-block-heading\"><mark class=\"has-inline-color has-ast-global-color-1-color\">NVIDIA RTX A6000 \/ A5000<\/mark><\/h4>\n\n\n\n<p><mark class=\"has-inline-color has-ast-global-color-1-color\">Leistungsstarke Workstation-Grafik f\u00fcr professionelle Visualisierung, VR und KI-beschleunigte Anwendungen. Bieten Enterprise-Zuverl\u00e4ssigkeit f\u00fcr die anspruchsvollsten kreativen und technischen Workloads. <\/mark><\/p>\n\n\n<div data-spectra-id=\"spectra-sep-30505766\" style=\"display: flex;justify-content: flex-start\" class=\"wp-block-spectra-separator spectra-separator-color wp-block-spectra-separator\">\n\t<div class=\"spectra-separator-line\" style=\"margin-right: auto;background-color: #f9f8f8\"><\/div>\n<\/div>\n\n\n\n<h4 class=\"wp-block-heading\"><mark class=\"has-inline-color has-ast-global-color-1-color\">NVIDIA RTX A4000 \/ A2000<\/mark><\/h4>\n\n\n\n<p><mark class=\"has-inline-color has-ast-global-color-1-color\">Professionelle Leistung in kompaktem Formfaktor. Hocheffiziente, zuverl\u00e4ssige GPU-L\u00f6sungen f\u00fcr Mainstream-Workstations und unternehmensweite Implementierungen. Perfekt f\u00fcr Multi-Display-Setups.  <\/mark><\/p>\n\n<\/div>\n\n\n<div data-spectra-id=\"spectra-038e4f59-root\" style=\"overflow: visible\" class=\"spectra-overlay-color spectra-overflow wp-block-spectra-container\" data-orientation=\"vertical\">\n\t\n\n<h2 class=\"wp-block-heading\"><mark class=\"has-inline-color has-ast-global-color-1-color\">Ihr vertrauensw\u00fcrdiger Partner f\u00fcr NVIDIA GPU-Gro\u00dfversorgung &amp; Enterprise-KI-Infrastruktur.<\/mark><\/h2>\n\n\n<div data-spectra-id=\"spectra-038e4f59-buttons\" class=\"wp-block-button spectra-buttons wp-block-spectra-buttons\">\n\t\n<a data-spectra-id=\"spectra-038e4f59-btn\" href=\"https:\/\/gpusupplyco.com\/my-account\/\" target=\"_self\" aria-label=\"Werden Sie Wiederverk\u00e4ufer\" class=\"wp-block-button__link wp-element-button wp-block-spectra-button has-text-color has-background\">\n<div class=\"spectra-button__link\">Werden Sie Wiederverk\u00e4ufer<\/div><\/a>\n\n<\/div>\n\n<\/div>\n\n<\/div>\n\n<\/div>\n\n\n<div data-spectra-id=\"2658a530\"\tstyle=\"overflow: visible; --spectra-overlay-opacity: 1;\" class=\"spectra-is-root-container alignfull spectra-overlay-color spectra-overflow spectra-dim-ratio wp-block-spectra-container\" data-orientation=\"vertical\"\t>\n\t\n\n<h5 class=\"wp-block-heading\">  GLOBALE REICHWEITE<\/h5>\n\n\n\n<h2 class=\"wp-block-heading\">  KI-Innovation in allen Branchen vorantreiben<\/h2>\n\n\n<div data-spectra-id=\"51af8b82\" style=\"overflow: visible;--spectra-overlay-opacity: 1\" class=\"spectra-overlay-color spectra-overflow spectra-dim-ratio wp-block-spectra-container\" data-orientation=\"horizontal\">\n\t\n<div data-spectra-id=\"spectra-f5073bc7-root\" style=\"overflow: visible\" class=\"spectra-overlay-color spectra-overflow wp-block-spectra-container\" data-orientation=\"vertical\">\n\t\n\n<figure data-spectra-id=\"spectra-f5073bc7-img\" class=\"wp-block-image size-full\"><img decoding=\"async\" width=\"2560\" height=\"1889\" src=\"https:\/\/gpusupplyco.com\/wp-content\/uploads\/2026\/03\/pexels-photo-4499765-4499765-scaled.jpg\" alt=\"Workstation-GPU\" class=\"wp-image-1489\" title=\"Luft- und Raumfahrt\" srcset=\"https:\/\/gpusupplyco.com\/wp-content\/uploads\/2026\/03\/pexels-photo-4499765-4499765-scaled.jpg 2560w, https:\/\/gpusupplyco.com\/wp-content\/uploads\/2026\/03\/pexels-photo-4499765-4499765-300x221.jpg 300w, https:\/\/gpusupplyco.com\/wp-content\/uploads\/2026\/03\/pexels-photo-4499765-4499765-1024x756.jpg 1024w, https:\/\/gpusupplyco.com\/wp-content\/uploads\/2026\/03\/pexels-photo-4499765-4499765-768x567.jpg 768w, https:\/\/gpusupplyco.com\/wp-content\/uploads\/2026\/03\/pexels-photo-4499765-4499765-1536x1133.jpg 1536w, https:\/\/gpusupplyco.com\/wp-content\/uploads\/2026\/03\/pexels-photo-4499765-4499765-2048x1511.jpg 2048w, https:\/\/gpusupplyco.com\/wp-content\/uploads\/2026\/03\/pexels-photo-4499765-4499765-600x443.jpg 600w\" sizes=\"(max-width: 2560px) 100vw, 2560px\" \/><\/figure>\n\n\n\n<h4 class=\"wp-block-heading\"><a href=\"https:\/\/gpusupplyco.com\/product-category\/workstation-gpu\/\" data-type=\"link\" data-id=\"https:\/\/gpusupplyco.com\/product-category\/workstation-gpu\/\">Workstation-GPU<\/a><\/h4>\n\n\n\n<p><a href=\"https:\/\/gpusupplyco.com\/de\/nvidia-rtx-5000-ada\/\" data-type=\"link\" data-id=\"https:\/\/gpusupplyco.com\/product\/rtx-5000-ada\/\">NVIDIA RTX 5000 Ada Enterprise-Grafikkarte f\u00fcr KI-Inferenz und 3D-Rendering<\/a><\/p>\n\n<\/div>\n\n\n<div data-spectra-id=\"spectra-8366a9c1-root\" style=\"overflow: visible\" class=\"spectra-overlay-color spectra-overflow wp-block-spectra-container\" data-orientation=\"vertical\">\n\t\n\n<figure data-spectra-id=\"spectra-8366a9c1-img\" class=\"wp-block-image size-large\"><img decoding=\"async\" width=\"1024\" height=\"683\" src=\"https:\/\/gpusupplyco.com\/wp-content\/uploads\/2026\/03\/pexels-photo-4508751-4508751-1024x683.jpg\" alt=\"NVIDIA GPU-L\u00f6sungen und Enterprise\" class=\"wp-image-1301\" title=\"\u00d6l-1\" srcset=\"https:\/\/gpusupplyco.com\/wp-content\/uploads\/2026\/03\/pexels-photo-4508751-4508751-1024x683.jpg 1024w, https:\/\/gpusupplyco.com\/wp-content\/uploads\/2026\/03\/pexels-photo-4508751-4508751-300x200.jpg 300w, https:\/\/gpusupplyco.com\/wp-content\/uploads\/2026\/03\/pexels-photo-4508751-4508751-768x512.jpg 768w, https:\/\/gpusupplyco.com\/wp-content\/uploads\/2026\/03\/pexels-photo-4508751-4508751-1536x1024.jpg 1536w, https:\/\/gpusupplyco.com\/wp-content\/uploads\/2026\/03\/pexels-photo-4508751-4508751-2048x1365.jpg 2048w, https:\/\/gpusupplyco.com\/wp-content\/uploads\/2026\/03\/pexels-photo-4508751-4508751-600x400.jpg 600w\" sizes=\"(max-width: 1024px) 100vw, 1024px\" \/><\/figure>\n\n\n\n<h4 class=\"wp-block-heading\">KI &amp; Enterprise-Rechenzentren<\/h4>\n\n\n\n<p>Beschleunigung von LLM-Training, Deep Learning und umfangreicher Datenanalyse mit hochdichten NVIDIA GPU-Clustern. Entwickelt f\u00fcr 24\/7-missionskritische Zuverl\u00e4ssigkeit in moderner KI-Infrastruktur. <\/p>\n\n<\/div>\n\n\n<div data-spectra-id=\"spectra-f9a76582-root\" style=\"overflow: visible\" class=\"spectra-overlay-color spectra-overflow wp-block-spectra-container\" data-orientation=\"vertical\">\n\t\n\n<figure data-spectra-id=\"spectra-f9a76582-img\" class=\"wp-block-image size-large\"><img decoding=\"async\" width=\"1024\" height=\"576\" src=\"https:\/\/gpusupplyco.com\/wp-content\/uploads\/2026\/03\/gdf2a40c1a2aa35663174b96a64b6257fea7bdd15c240c4bb9fb68d1998e94328a25346faef5a53bfdd48ef7571c5f6928a1061435789acb6557dc5998c80063f_1280-7217326-1024x576.jpg\" alt=\"Kunst, 3D, CGI\" class=\"wp-image-1302\" title=\"Automobil\" srcset=\"https:\/\/gpusupplyco.com\/wp-content\/uploads\/2026\/03\/gdf2a40c1a2aa35663174b96a64b6257fea7bdd15c240c4bb9fb68d1998e94328a25346faef5a53bfdd48ef7571c5f6928a1061435789acb6557dc5998c80063f_1280-7217326-1024x576.jpg 1024w, https:\/\/gpusupplyco.com\/wp-content\/uploads\/2026\/03\/gdf2a40c1a2aa35663174b96a64b6257fea7bdd15c240c4bb9fb68d1998e94328a25346faef5a53bfdd48ef7571c5f6928a1061435789acb6557dc5998c80063f_1280-7217326-300x169.jpg 300w, https:\/\/gpusupplyco.com\/wp-content\/uploads\/2026\/03\/gdf2a40c1a2aa35663174b96a64b6257fea7bdd15c240c4bb9fb68d1998e94328a25346faef5a53bfdd48ef7571c5f6928a1061435789acb6557dc5998c80063f_1280-7217326-768x432.jpg 768w, https:\/\/gpusupplyco.com\/wp-content\/uploads\/2026\/03\/gdf2a40c1a2aa35663174b96a64b6257fea7bdd15c240c4bb9fb68d1998e94328a25346faef5a53bfdd48ef7571c5f6928a1061435789acb6557dc5998c80063f_1280-7217326-600x338.jpg 600w, https:\/\/gpusupplyco.com\/wp-content\/uploads\/2026\/03\/gdf2a40c1a2aa35663174b96a64b6257fea7bdd15c240c4bb9fb68d1998e94328a25346faef5a53bfdd48ef7571c5f6928a1061435789acb6557dc5998c80063f_1280-7217326.jpg 1280w\" sizes=\"(max-width: 1024px) 100vw, 1024px\" \/><\/figure>\n\n\n\n<h4 class=\"wp-block-heading\">Medien, Entertainment &amp; CGI<\/h4>\n\n\n\n<p>Erm\u00f6glichung der n\u00e4chsten Generation visuellen Storytellings mit Echtzeit-Rendering, 3D-Modellierung und VFX. Optimiert f\u00fcr NVIDIA RTX-Leistung zur Beschleunigung komplexer CGI-Produktions- und Videobearbeitungs-Workflows. <\/p>\n\n<\/div>\n\n<\/div>\n\n<\/div>\n\n\n<div data-spectra-id=\"af5df69f\"\tstyle=\"overflow: visible; --spectra-overlay-opacity: 1;\" class=\"spectra-is-root-container alignfull spectra-overlay-color spectra-overflow spectra-dim-ratio wp-block-spectra-container\" data-orientation=\"vertical\"\t>\n\t\n\n<h3 class=\"wp-block-heading\">Ben\u00f6tigen Sie zuverl\u00e4ssige GPU-Gro\u00dfversorgung? Werden Sie Partner der Branchenf\u00fchrer. <\/h3>\n\n\n<div data-spectra-id=\"spectra-d83192c0-buttons\" class=\"wp-block-button spectra-buttons wp-block-spectra-buttons\">\n\t\n<a data-spectra-id=\"spectra-d83192c0-button1\" href=\"https:\/\/gpusupplyco.com\/contact\/\" target=\"_self\" aria-label=\"Fordern Sie ein individuelles Angebot an\" class=\"wp-block-button__link wp-element-button wp-block-spectra-button\">\n<div class=\"spectra-button__link\">Fordern Sie ein individuelles Angebot an<\/div><\/a>\n\n<\/div>\n\n<\/div>\n\n\n\n<p><\/p>\n","protected":false},"excerpt":{"rendered":"","protected":false},"author":1,"featured_media":0,"parent":0,"menu_order":0,"comment_status":"closed","ping_status":"closed","template":"","meta":{"_uag_custom_page_level_css":"","site-sidebar-layout":"no-sidebar","site-content-layout":"plain-container","ast-site-content-layout":"normal-width-container","site-content-style":"unboxed","site-sidebar-style":"unboxed","ast-global-header-display":"","ast-banner-title-visibility":"","ast-main-header-display":"","ast-hfb-above-header-display":"","ast-hfb-below-header-display":"","ast-hfb-mobile-header-display":"","site-post-title":"disabled","ast-breadcrumbs-content":"","ast-featured-img":"disabled","footer-sml-layout":"","ast-disable-related-posts":"","theme-transparent-header-meta":"enabled","adv-header-id-meta":"","stick-header-meta":"","header-above-stick-meta":"","header-main-stick-meta":"","header-below-stick-meta":"","astra-migrate-meta-layouts":"set","ast-page-background-enabled":"default","ast-page-background-meta":{"desktop":{"background-color":"","background-image":"","background-repeat":"repeat","background-position":"center center","background-size":"auto","background-attachment":"scroll","background-type":"","background-media":"","overlay-type":"","overlay-color":"","overlay-opacity":"","overlay-gradient":""},"tablet":{"background-color":"","background-image":"","background-repeat":"repeat","background-position":"center center","background-size":"auto","background-attachment":"scroll","background-type":"","background-media":"","overlay-type":"","overlay-color":"","overlay-opacity":"","overlay-gradient":""},"mobile":{"background-color":"","background-image":"","background-repeat":"repeat","background-position":"center center","background-size":"auto","background-attachment":"scroll","background-type":"","background-media":"","overlay-type":"","overlay-color":"","overlay-opacity":"","overlay-gradient":""}},"ast-content-background-meta":{"desktop":{"background-color":"var(--ast-global-color-5)","background-image":"","background-repeat":"repeat","background-position":"center center","background-size":"auto","background-attachment":"scroll","background-type":"","background-media":"","overlay-type":"","overlay-color":"","overlay-opacity":"","overlay-gradient":""},"tablet":{"background-color":"var(--ast-global-color-5)","background-image":"","background-repeat":"repeat","background-position":"center center","background-size":"auto","background-attachment":"scroll","background-type":"","background-media":"","overlay-type":"","overlay-color":"","overlay-opacity":"","overlay-gradient":""},"mobile":{"background-color":"var(--ast-global-color-5)","background-image":"","background-repeat":"repeat","background-position":"center center","background-size":"auto","background-attachment":"scroll","background-type":"","background-media":"","overlay-type":"","overlay-color":"","overlay-opacity":"","overlay-gradient":""}},"footnotes":""},"class_list":["post-1573","page","type-page","status-publish","hentry"],"_hostinger_reach_plugin_has_subscription_block":false,"_hostinger_reach_plugin_is_elementor":false,"uagb_featured_image_src":{"full":false,"thumbnail":false,"medium":false,"medium_large":false,"large":false,"1536x1536":false,"2048x2048":false,"woocommerce_thumbnail":false,"woocommerce_single":false,"woocommerce_gallery_thumbnail":false},"uagb_author_info":{"display_name":"","author_link":"https:\/\/gpusupplyco.com\/de\/author\/jw2070174gmail-com\/"},"uagb_comment_info":0,"uagb_excerpt":null,"_links":{"self":[{"href":"https:\/\/gpusupplyco.com\/de\/wp-json\/wp\/v2\/pages\/1573","targetHints":{"allow":["GET"]}}],"collection":[{"href":"https:\/\/gpusupplyco.com\/de\/wp-json\/wp\/v2\/pages"}],"about":[{"href":"https:\/\/gpusupplyco.com\/de\/wp-json\/wp\/v2\/types\/page"}],"author":[{"embeddable":true,"href":"https:\/\/gpusupplyco.com\/de\/wp-json\/wp\/v2\/users\/1"}],"replies":[{"embeddable":true,"href":"https:\/\/gpusupplyco.com\/de\/wp-json\/wp\/v2\/comments?post=1573"}],"version-history":[{"count":4,"href":"https:\/\/gpusupplyco.com\/de\/wp-json\/wp\/v2\/pages\/1573\/revisions"}],"predecessor-version":[{"id":1595,"href":"https:\/\/gpusupplyco.com\/de\/wp-json\/wp\/v2\/pages\/1573\/revisions\/1595"}],"wp:attachment":[{"href":"https:\/\/gpusupplyco.com\/de\/wp-json\/wp\/v2\/media?parent=1573"}],"curies":[{"name":"wp","href":"https:\/\/api.w.org\/{rel}","templated":true}]}}