{"id":1442,"date":"2026-03-08T06:42:45","date_gmt":"2026-03-08T06:42:45","guid":{"rendered":"https:\/\/gpusupplyco.com\/projekte\/"},"modified":"2026-03-14T07:29:32","modified_gmt":"2026-03-14T07:29:32","slug":"projekte","status":"publish","type":"page","link":"https:\/\/gpusupplyco.com\/de\/projekte\/","title":{"rendered":"Projekte"},"content":{"rendered":"<div data-spectra-id=\"c3c03179\"\tstyle=\"overflow: visible; --spectra-background-color: var(--ast-global-color-7); --spectra-overlay-opacity: 0.6;\" class=\"spectra-is-root-container alignfull spectra-overlay-color spectra-overflow spectra-background-color spectra-dim-ratio wp-block-spectra-container\" data-orientation=\"vertical\"\t>\n\t\n\t<h1 data-spectra-id=\"spectra-bc049321-70a2-420f-a437-717db9def3e8-h1\" style=\"--spectra-text-color: #ffffff\" class=\"has-text-color spectra-text-color wp-block-spectra-content has-text-color has-ffffff-color\">\n\t\tProjects\t<\/h1>\n\n<\/div>\n<div data-spectra-id=\"9bf7b24c\"\tstyle=\"overflow: visible; --spectra-overlay-opacity: 1;\" class=\"spectra-is-root-container alignfull spectra-overlay-color spectra-overflow spectra-dim-ratio wp-block-spectra-container\" data-orientation=\"vertical\"\t>\n\t\n<div data-spectra-id=\"spectra-mh0ecdyz-oz575k\" style=\"overflow: visible\" class=\"spectra-overlay-color spectra-overflow wp-block-spectra-container\" data-orientation=\"vertical\">\n\t\n<div data-spectra-id=\"789fc97c\" style=\"overflow: visible;--spectra-overlay-opacity: 1\" class=\"spectra-overlay-color spectra-overflow spectra-dim-ratio wp-block-spectra-container\" data-orientation=\"vertical\">\n\t\n\n<figure data-spectra-id=\"spectra-36efc458-img\" class=\"wp-block-image size-full\"><img decoding=\"async\" width=\"800\" height=\"800\" src=\"https:\/\/gpusupplyco.com\/wp-content\/uploads\/2026\/03\/RTX-A4000.webp\" alt=\"\" class=\"wp-image-1339\" title=\"projekt-1\" srcset=\"https:\/\/gpusupplyco.com\/wp-content\/uploads\/2026\/03\/RTX-A4000.webp 800w, https:\/\/gpusupplyco.com\/wp-content\/uploads\/2026\/03\/RTX-A4000-300x300.webp 300w, https:\/\/gpusupplyco.com\/wp-content\/uploads\/2026\/03\/RTX-A4000-150x150.webp 150w, https:\/\/gpusupplyco.com\/wp-content\/uploads\/2026\/03\/RTX-A4000-768x768.webp 768w, https:\/\/gpusupplyco.com\/wp-content\/uploads\/2026\/03\/RTX-A4000-600x600.webp 600w, https:\/\/gpusupplyco.com\/wp-content\/uploads\/2026\/03\/RTX-A4000-100x100.webp 100w\" sizes=\"(max-width: 800px) 100vw, 800px\" \/><\/figure>\n\n\n\n<h1 class=\"wp-block-heading has-large-font-size\">Enterprise-GPU-L\u00f6sungen &amp; globale Deployments<\/h1>\n\n\n\n<h3 class=\"wp-block-heading\">KI- &amp; Deep-Learning-Forschung<\/h3>\n\n\n\n<h3 class=\"wp-block-heading\">Skalierbares Training neuronaler Netze f\u00fcr akademische Einrichtungen<\/h3>\n\n\n\n<h3 class=\"wp-block-heading\"><strong>Die Herausforderung:<\/strong> Forschungslabore haben h\u00e4ufig Schwierigkeiten, die Anforderungen an den GPU-Speicher mit engen Abteilungsbudgets in Einklang zu bringen. <strong>Unsere L\u00f6sung:<\/strong> Wir stellten Hochkapazit\u00e4ts-Cluster mit <strong>NVIDIA RTX A5000<\/strong> f\u00fcr ein f\u00fchrendes KI-Forschungszentrum bereit. Durch die Nutzung von 24GB VRAM und den NVLink-Funktionen erreichte das Labor eine Reduzierung der Modell-Trainingszeit um 40 %. <strong>Hardware:<\/strong> NVIDIA RTX A5000 \/ RTX A4500 <strong>Ergebnis:<\/strong> Optimiertes VRAM-Kosten-Verh\u00e4ltnis, das komplexe Epoch-Iterationen innerhalb des Budgets erm\u00f6glicht.<\/h3>\n\n<\/div>\n\n\n<div data-spectra-id=\"f151f48b\" style=\"overflow: visible;--spectra-overlay-opacity: 1\" class=\"spectra-overlay-color spectra-overflow spectra-dim-ratio wp-block-spectra-container\" data-orientation=\"vertical\">\n\t\n\n<figure data-spectra-id=\"spectra-c2f0d95d-img\" class=\"wp-block-image size-full uagb-ifb-image-content\"><img decoding=\"async\" width=\"719\" height=\"1280\" src=\"https:\/\/gpusupplyco.com\/wp-content\/uploads\/2026\/03\/gbb3144839a7e0a4ad1e6c33066d8ff98adaf54a8f196b4bc43a0b0c4402739d15b566ce320efd574a2f1dfd2d436dcd66ae83cc330ff9cfd4fc32f79db4a3bb5_1280-1376349.jpg\" alt=\"Serverraum, Rechenzentrum, Computer, Server, Serverraum, Serverraum, Serverraum, Serverraum, Serverraum, Rechenzentrum\" class=\"wp-image-1376\" title=\"projekt-2\" srcset=\"https:\/\/gpusupplyco.com\/wp-content\/uploads\/2026\/03\/gbb3144839a7e0a4ad1e6c33066d8ff98adaf54a8f196b4bc43a0b0c4402739d15b566ce320efd574a2f1dfd2d436dcd66ae83cc330ff9cfd4fc32f79db4a3bb5_1280-1376349.jpg 719w, https:\/\/gpusupplyco.com\/wp-content\/uploads\/2026\/03\/gbb3144839a7e0a4ad1e6c33066d8ff98adaf54a8f196b4bc43a0b0c4402739d15b566ce320efd574a2f1dfd2d436dcd66ae83cc330ff9cfd4fc32f79db4a3bb5_1280-1376349-169x300.jpg 169w, https:\/\/gpusupplyco.com\/wp-content\/uploads\/2026\/03\/gbb3144839a7e0a4ad1e6c33066d8ff98adaf54a8f196b4bc43a0b0c4402739d15b566ce320efd574a2f1dfd2d436dcd66ae83cc330ff9cfd4fc32f79db4a3bb5_1280-1376349-575x1024.jpg 575w, https:\/\/gpusupplyco.com\/wp-content\/uploads\/2026\/03\/gbb3144839a7e0a4ad1e6c33066d8ff98adaf54a8f196b4bc43a0b0c4402739d15b566ce320efd574a2f1dfd2d436dcd66ae83cc330ff9cfd4fc32f79db4a3bb5_1280-1376349-600x1068.jpg 600w\" sizes=\"(max-width: 719px) 100vw, 719px\" \/><\/figure>\n\n\n\n<h2 class=\"wp-block-heading has-medium-font-size\">Edge Computing &amp; industrielle KI<\/h2>\n\n\n\n<h3 class=\"wp-block-heading\">Echtzeit-Inferenz f\u00fcr intelligente Infrastruktur<\/h3>\n\n\n\n<p><strong>Die Herausforderung:<\/strong> KI am Edge bereitzustellen erfordert Hardware, die in kompakte, thermisch eingeschr\u00e4nkte Industriegeh\u00e4use passt, ohne Rechenleistung einzub\u00fc\u00dfen. <strong>Unsere L\u00f6sung:<\/strong> Globales Deployment von <strong>NVIDIA RTX A2000<\/strong> und <strong>RTX 2000 Ada<\/strong> f\u00fcr ein Smart-City-Verkehrsmanagementprojekt. Das Low-Profile-Design erm\u00f6glichte eine nahtlose Integration in bestehende SFF- (Small Form Factor-) Edge-Nodes. <strong>Hardware:<\/strong> NVIDIA RTX A2000 (12GB) \/ RTX 2000 Ada <strong>Ergebnis:<\/strong> Stabiler 24\/7-Betrieb in hochdichten Umgebungen bei minimaler Leistungsaufnahme von 70W.<\/p>\n\n\n<div data-spectra-id=\"spectra-127a77ab-root\" style=\"overflow: visible\" class=\"spectra-overlay-color spectra-overflow wp-block-spectra-container\" data-orientation=\"vertical\">\n\t<\/div>\n\n<\/div>\n\n\n<div data-spectra-id=\"e1c1a141\" style=\"overflow: visible;--spectra-overlay-opacity: 1\" class=\"spectra-overlay-color spectra-overflow spectra-dim-ratio wp-block-spectra-container\" data-orientation=\"vertical\">\n\t\n\n<figure data-spectra-id=\"spectra-f9264d6a-img\" class=\"wp-block-image size-full\"><img decoding=\"async\" width=\"1280\" height=\"853\" src=\"https:\/\/gpusupplyco.com\/wp-content\/uploads\/2026\/03\/g7236340df263278c41763eb46f85b82719c8db60c613cc3abecba564104ba5ec268e44efee30d26d80471798afcd7b9263cde46b8cd8f49be3e0dbe3dcaa1065_1280-2852024.jpg\" alt=\"Farm, Mining, Ethereum, Markt, digital, Blockchain, W&#xE4;hrung, Kryptow&#xE4;hrung, Bitcoin, Coin, Business, Exchange, Finanzen, Krypto, finanziell, Symbol, Zahlung, Netzwerk, Bit, Kryptografie, elektronisch, virtuell, Web, Bargeld, Handel, Technologie, Geld, Bank, Grafikkarte, Hardware, nvida, kostenloses Bild von Bitcoin, die Krypta, das Internet, Wirtschaft, Bit Coin, Mining, Mining, Blockchain, Blockchain, Kryptow&#xE4;hrung, Kryptow&#xE4;hrung, Kryptow&#xE4;hrung, Bitcoin, Bitcoin, Krypto, Krypto, Krypto, Krypto, Krypto, Grafikkarte\" class=\"wp-image-1377\" title=\"projekt-3\" srcset=\"https:\/\/gpusupplyco.com\/wp-content\/uploads\/2026\/03\/g7236340df263278c41763eb46f85b82719c8db60c613cc3abecba564104ba5ec268e44efee30d26d80471798afcd7b9263cde46b8cd8f49be3e0dbe3dcaa1065_1280-2852024.jpg 1280w, https:\/\/gpusupplyco.com\/wp-content\/uploads\/2026\/03\/g7236340df263278c41763eb46f85b82719c8db60c613cc3abecba564104ba5ec268e44efee30d26d80471798afcd7b9263cde46b8cd8f49be3e0dbe3dcaa1065_1280-2852024-300x200.jpg 300w, https:\/\/gpusupplyco.com\/wp-content\/uploads\/2026\/03\/g7236340df263278c41763eb46f85b82719c8db60c613cc3abecba564104ba5ec268e44efee30d26d80471798afcd7b9263cde46b8cd8f49be3e0dbe3dcaa1065_1280-2852024-1024x682.jpg 1024w, https:\/\/gpusupplyco.com\/wp-content\/uploads\/2026\/03\/g7236340df263278c41763eb46f85b82719c8db60c613cc3abecba564104ba5ec268e44efee30d26d80471798afcd7b9263cde46b8cd8f49be3e0dbe3dcaa1065_1280-2852024-768x512.jpg 768w, https:\/\/gpusupplyco.com\/wp-content\/uploads\/2026\/03\/g7236340df263278c41763eb46f85b82719c8db60c613cc3abecba564104ba5ec268e44efee30d26d80471798afcd7b9263cde46b8cd8f49be3e0dbe3dcaa1065_1280-2852024-600x400.jpg 600w\" sizes=\"(max-width: 1280px) 100vw, 1280px\" \/><\/figure>\n\n\n\n<h2 class=\"wp-block-heading has-medium-font-size\">Professionelle Visualisierung &amp; Rendering<\/h2>\n\n\n<div data-spectra-id=\"spectra-f9264d6a-root\" style=\"overflow: visible\" class=\"spectra-overlay-color spectra-overflow wp-block-spectra-container\" data-orientation=\"vertical\">\n\t\n\n<h3 class=\"wp-block-heading\">Hochdichte GPU-Farmen f\u00fcr Architektur- &amp; VFX-Studios<\/h3>\n\n\n\n<p><strong>Die Herausforderung:<\/strong> Kreativstudios m\u00fcssen den Rendering-Durchsatz in begrenzten 1U\/2U-Server-Rackfl\u00e4chen maximieren. <strong>Unsere L\u00f6sung:<\/strong> Wir lieferten eine gro\u00dfe Flotte von <strong>NVIDIA RTX A4000<\/strong>-Einheiten f\u00fcr ein Tier-1-Unternehmen f\u00fcr architektonische Visualisierung. Das Single-Slot-Design erm\u00f6glichte es dem Kunden, die maximale GPU-Dichte pro Server zu erreichen. <strong>Hardware:<\/strong> NVIDIA RTX A4000 (Single-Slot) <strong>Ergebnis:<\/strong> Steigerung der Rendering-Kapazit\u00e4t um 300 % bei gleichzeitiger Reduzierung des ben\u00f6tigten Rechenzentrumsfl\u00e4chenbedarfs.<\/p>\n\n<\/div>\n\n\n<div data-spectra-id=\"spectra-41b70100-root\" style=\"overflow: visible\" class=\"spectra-overlay-color spectra-overflow wp-block-spectra-container\" data-orientation=\"vertical\">\n\t<\/div>\n\n<\/div>\n\n\n<div data-spectra-id=\"46846933\" style=\"overflow: visible;--spectra-overlay-opacity: 1\" class=\"spectra-overlay-color spectra-overflow spectra-dim-ratio wp-block-spectra-container\" data-orientation=\"vertical\">\n\t\n\n<figure data-spectra-id=\"spectra-5f4183d5-img\" class=\"wp-block-image size-large\"><img decoding=\"async\" width=\"1024\" height=\"683\" src=\"https:\/\/gpusupplyco.com\/wp-content\/uploads\/2026\/03\/pexels-photo-4705635-4705635-1024x683.jpg\" alt=\"Eine Nahaufnahme von H&#xE4;nden, die einen Computer reparieren, mit Anleitung &#xFC;ber ein mobiles Ger&#xE4;t.\" class=\"wp-image-1378\" title=\"projekt-4\" srcset=\"https:\/\/gpusupplyco.com\/wp-content\/uploads\/2026\/03\/pexels-photo-4705635-4705635-1024x683.jpg 1024w, https:\/\/gpusupplyco.com\/wp-content\/uploads\/2026\/03\/pexels-photo-4705635-4705635-300x200.jpg 300w, https:\/\/gpusupplyco.com\/wp-content\/uploads\/2026\/03\/pexels-photo-4705635-4705635-768x512.jpg 768w, https:\/\/gpusupplyco.com\/wp-content\/uploads\/2026\/03\/pexels-photo-4705635-4705635-1536x1024.jpg 1536w, https:\/\/gpusupplyco.com\/wp-content\/uploads\/2026\/03\/pexels-photo-4705635-4705635-2048x1365.jpg 2048w, https:\/\/gpusupplyco.com\/wp-content\/uploads\/2026\/03\/pexels-photo-4705635-4705635-600x400.jpg 600w\" sizes=\"(max-width: 1024px) 100vw, 1024px\" \/><\/figure>\n\n\n\n<h2 class=\"wp-block-heading has-medium-font-size\">Medizinische Bildgebung &amp; Gesundheitstechnologie<\/h2>\n\n\n\n<h3 class=\"wp-block-heading\">Hochzuverl\u00e4ssige Rechenleistung f\u00fcr diagnostische Rekonstruktion<\/h3>\n\n\n\n<p><strong>Die Herausforderung:<\/strong> Hersteller medizinischer Ger\u00e4te ben\u00f6tigen eine konsistente Hardwareversorgung und unternehmensgerechte Treiberstabilit\u00e4t f\u00fcr FDA-regulierte Bildgebungssysteme. <strong>Unsere L\u00f6sung:<\/strong> Standardisierte, langfristige Lieferung von <strong>NVIDIA Professional GPUs<\/strong> an einen f\u00fchrenden Anbieter von medizinischen Bildgebungsger\u00e4ten f\u00fcr die CT- und MRT-Rekonstruktion. <strong>Hardware:<\/strong> NVIDIA RTX Series Professional Visualization <strong>Ergebnis:<\/strong> Garantierte Hardwarekonsistenz und 99,9 % Uptime f\u00fcr gesch\u00e4ftskritische diagnostische Umgebungen.<\/p>\n\n<\/div>\n\n<\/div>\n\n<\/div>\n<div data-spectra-id=\"af5df69f\"\tstyle=\"overflow: visible; --spectra-overlay-opacity: 1;\" class=\"spectra-is-root-container alignfull spectra-overlay-color spectra-overflow spectra-dim-ratio wp-block-spectra-container\" data-orientation=\"vertical\"\t>\n\t\n\n<p><strong>Komplexe Deployments. Vereinfachte Lieferketten. Ihr zuverl\u00e4ssiger Partner f\u00fcr HPC<\/strong>.<\/p>\n\n\n<div data-spectra-id=\"spectra-d83192c0-buttons\" class=\"wp-block-button spectra-buttons wp-block-spectra-buttons\">\n\t\n<a data-spectra-id=\"spectra-d83192c0-button1\" href=\"https:\/\/gpusupplyco.com\/about-gpu-supply\/\" target=\"_self\" aria-label=\"Learn More\" class=\"wp-block-button__link wp-element-button wp-block-spectra-button\">\n<div class=\"spectra-button__link\">Learn More<\/div><\/a>\n\n<\/div>\n\n<\/div>\n\n<p><\/p>\n","protected":false},"excerpt":{"rendered":"","protected":false},"author":1,"featured_media":0,"parent":0,"menu_order":0,"comment_status":"closed","ping_status":"closed","template":"","meta":{"_uag_custom_page_level_css":"","site-sidebar-layout":"no-sidebar","site-content-layout":"plain-container","ast-site-content-layout":"normal-width-container","site-content-style":"unboxed","site-sidebar-style":"unboxed","ast-global-header-display":"","ast-banner-title-visibility":"","ast-main-header-display":"","ast-hfb-above-header-display":"","ast-hfb-below-header-display":"","ast-hfb-mobile-header-display":"","site-post-title":"disabled","ast-breadcrumbs-content":"","ast-featured-img":"disabled","footer-sml-layout":"","ast-disable-related-posts":"","theme-transparent-header-meta":"enabled","adv-header-id-meta":"","stick-header-meta":"","header-above-stick-meta":"","header-main-stick-meta":"","header-below-stick-meta":"","astra-migrate-meta-layouts":"default","ast-page-background-enabled":"default","ast-page-background-meta":{"desktop":{"background-color":"","background-image":"","background-repeat":"repeat","background-position":"center center","background-size":"auto","background-attachment":"scroll","background-type":"","background-media":"","overlay-type":"","overlay-color":"","overlay-opacity":"","overlay-gradient":""},"tablet":{"background-color":"","background-image":"","background-repeat":"repeat","background-position":"center center","background-size":"auto","background-attachment":"scroll","background-type":"","background-media":"","overlay-type":"","overlay-color":"","overlay-opacity":"","overlay-gradient":""},"mobile":{"background-color":"","background-image":"","background-repeat":"repeat","background-position":"center center","background-size":"auto","background-attachment":"scroll","background-type":"","background-media":"","overlay-type":"","overlay-color":"","overlay-opacity":"","overlay-gradient":""}},"ast-content-background-meta":{"desktop":{"background-color":"var(--ast-global-color-5)","background-image":"","background-repeat":"repeat","background-position":"center center","background-size":"auto","background-attachment":"scroll","background-type":"","background-media":"","overlay-type":"","overlay-color":"","overlay-opacity":"","overlay-gradient":""},"tablet":{"background-color":"var(--ast-global-color-5)","background-image":"","background-repeat":"repeat","background-position":"center center","background-size":"auto","background-attachment":"scroll","background-type":"","background-media":"","overlay-type":"","overlay-color":"","overlay-opacity":"","overlay-gradient":""},"mobile":{"background-color":"var(--ast-global-color-5)","background-image":"","background-repeat":"repeat","background-position":"center center","background-size":"auto","background-attachment":"scroll","background-type":"","background-media":"","overlay-type":"","overlay-color":"","overlay-opacity":"","overlay-gradient":""}},"footnotes":""},"class_list":["post-1442","page","type-page","status-publish","hentry"],"_hostinger_reach_plugin_has_subscription_block":false,"_hostinger_reach_plugin_is_elementor":false,"uagb_featured_image_src":{"full":false,"thumbnail":false,"medium":false,"medium_large":false,"large":false,"1536x1536":false,"2048x2048":false,"woocommerce_thumbnail":false,"woocommerce_single":false,"woocommerce_gallery_thumbnail":false},"uagb_author_info":{"display_name":"","author_link":"https:\/\/gpusupplyco.com\/de\/author\/jw2070174gmail-com\/"},"uagb_comment_info":0,"uagb_excerpt":null,"_links":{"self":[{"href":"https:\/\/gpusupplyco.com\/de\/wp-json\/wp\/v2\/pages\/1442","targetHints":{"allow":["GET"]}}],"collection":[{"href":"https:\/\/gpusupplyco.com\/de\/wp-json\/wp\/v2\/pages"}],"about":[{"href":"https:\/\/gpusupplyco.com\/de\/wp-json\/wp\/v2\/types\/page"}],"author":[{"embeddable":true,"href":"https:\/\/gpusupplyco.com\/de\/wp-json\/wp\/v2\/users\/1"}],"replies":[{"embeddable":true,"href":"https:\/\/gpusupplyco.com\/de\/wp-json\/wp\/v2\/comments?post=1442"}],"version-history":[{"count":0,"href":"https:\/\/gpusupplyco.com\/de\/wp-json\/wp\/v2\/pages\/1442\/revisions"}],"wp:attachment":[{"href":"https:\/\/gpusupplyco.com\/de\/wp-json\/wp\/v2\/media?parent=1442"}],"curies":[{"name":"wp","href":"https:\/\/api.w.org\/{rel}","templated":true}]}}