{"id":1432,"date":"2026-03-12T05:32:02","date_gmt":"2026-03-12T05:32:02","guid":{"rendered":"https:\/\/gpusupplyco.com\/ueber-uns\/"},"modified":"2026-04-05T02:51:49","modified_gmt":"2026-04-05T02:51:49","slug":"ueber-uns","status":"publish","type":"page","link":"https:\/\/gpusupplyco.com\/de\/ueber-uns\/","title":{"rendered":"\u00dcber uns"},"content":{"rendered":"\n<h1 class=\"wp-block-heading\">\u00dcber GPU Supply Co.<\/h1>\n\n\n\n<h2 class=\"wp-block-heading\">Wir treiben die Zukunft globaler Rechenleistung voran<\/h2>\n\n\n\n<h3 class=\"wp-block-heading\">Unsere Mission<\/h3>\n\n\n\n<p>GPU Supply Co., eine spezialisierte Unternehmenssparte von <strong>Robert Computer Hardware Ltd<\/strong>, wurde gegr\u00fcndet, um die L\u00fccke zwischen modernster NVIDIA-Architektur und dem globalen Forschungsmarkt zu schlie\u00dfen. In einer \u00c4ra der Siliziumknappheit und komplexer Exportvorschriften bieten wir eine stabile, konforme und schnelle Lieferkette f\u00fcr High-Performance-Computing-(HPC)- und Edge-AI-Hardware.<\/p>\n\n\n\n<p><strong>Unsere globale Reichweite, lokale Compliance<\/strong>\uff1a<\/p>\n\n\n\n<blockquote class=\"wp-block-quote is-layout-flow wp-block-quote-is-layout-flow\">\n<p><strong>Die Entstehung von GPU Supply Co.: Globale Reichweite, kein Graumarkt<\/strong><\/p>\n\n\n\n<p>Die Beschaffungslandschaft im Enterprise-IT-Bereich ist h\u00e4ufig von Graumarkt-Risiken, versteckten grenz\u00fcberschreitenden Zollabgaben, erloschenen Garantien und komplexen R\u00fcckgabeh\u00fcrden gepr\u00e4gt. GPU Supply Co. wurde gezielt gegr\u00fcndet, um diese Schmerzpunkte f\u00fcr Unternehmensk\u00e4ufer zu beseitigen. <\/p>\n\n\n\n<p>Durch unser umfangreiches globales Partnernetzwerk und ein streng gepr\u00fcftes, autorisiertes Vertriebssystem garantieren wir uneingeschr\u00e4nkte lokale Compliance:<\/p>\n\n\n\n<ul class=\"wp-block-list\">\n<li><strong>Nordamerikanische Aktivit\u00e4ten:<\/strong> Kunden in den USA und Kanada erhalten Hardware, die direkt aus unseren autorisierten Tier-1-Lagern in den USA geliefert wird.<\/li>\n\n\n\n<li><strong>Europ\u00e4ische Aktivit\u00e4ten:<\/strong> Europ\u00e4ische Kunden werden ausschlie\u00dflich \u00fcber unsere Partner und lokalisierten offiziellen EU-Distributoren beliefert.<\/li>\n<\/ul>\n\n\n\n<p>Diese Dual-Channel-Architektur stellt sicher, dass unsere Kunden stets die korrekte, vollst\u00e4ndig garantierte, lokalisierte Hardware-Version erhalten. Mit GPU Supply Co. gibt es keinen Graumarkt, keine unerwarteten Einfuhrz\u00f6lle und keine regions\u00fcbergreifenden Garantiekonflikte. Wir liefern eine nahtlose Hardware-Bereitstellung auf Enterprise-Niveau \u2013 vollst\u00e4ndig konform, vollst\u00e4ndig autorisiert und einsatzbereit.  <\/p>\n<\/blockquote>\n\n\n\n<hr class=\"wp-block-separator has-alpha-channel-opacity\"\/>\n\n\n\n<h2 class=\"wp-block-heading\">Strategische globale Infrastruktur<\/h2>\n\n\n\n<h3 class=\"wp-block-heading\">Dezentrales Fulfillment-Netzwerk<\/h3>\n\n\n\n<p>Im Gegensatz zu traditionellen H\u00e4ndlern arbeiten wir nach einem <strong>Global-Fulfillment-Modell<\/strong>. Um maximale Verf\u00fcgbarkeit sicherzustellen und Transitzeiten zu minimieren, unterhalten wir strategische Lagerhubs an wichtigen Logistikknoten:<\/p>\n\n\n\n<h4 class=\"wp-block-heading\">Nordamerika (USA)<\/h4>\n\n\n\n<p>Unser Unternehmenssitz und prim\u00e4res Distributionszentrum f\u00fcr nordamerikanische Kunden, mit voller Verantwortlichkeit nach US-Recht.<\/p>\n\n\n\n<h4 class=\"wp-block-heading\">Asien-Pazifik (Singapur &amp; Hongkong)<\/h4>\n\n\n\n<p>Strategische Gateways, die es uns erm\u00f6glichen, regionale Engp\u00e4sse zu umgehen und Enterprise-Hardware mit minimaler Latenz in die EMEA- und APAC-Regionen zu versenden.<\/p>\n\n\n\n<hr class=\"wp-block-separator has-alpha-channel-opacity\"\/>\n\n\n\n<h2 class=\"wp-block-heading\">Globale Export-Compliance &amp; Integrit\u00e4t<\/h2>\n\n\n\n<h3 class=\"wp-block-heading\">Strikte Einhaltung der EAR-Vorschriften<\/h3>\n\n\n\n<p>Bei GPU Supply Co. ist Integrit\u00e4t unser wichtigstes Kapital. Wir handeln strikt gem\u00e4\u00df den <strong>U.S. Export Administration Regulations (EAR)<\/strong> und internationalen Handelsgesetzen.<\/p>\n\n\n\n<h4 class=\"wp-block-heading\">Branchenspezifische Distribution<\/h4>\n\n\n\n<ul class=\"wp-block-list\">\n<li><strong>Autorisierte Bereiche:<\/strong> Kommerzielle KI-Entwicklung, wissenschaftliche Forschung und Kreativstudios.<\/li>\n\n\n\n<li><strong>Verbotene Verwendungen:<\/strong> Wir verfolgen eine Null-Toleranz-Politik gegen\u00fcber der Lieferung von Hardware f\u00fcr milit\u00e4rische Zwecke, Verteidigung oder nicht autorisierte Dual-Use-Anwendungen.<\/li>\n<\/ul>\n\n\n\n<h4 class=\"wp-block-heading\">100 % Garantie f\u00fcr Originalhardware<\/h4>\n\n\n\n<p>Jede Einheit, die aus unseren Hubs versendet wird, ist garantiert fabrikneu, zu 100 % original und \u00fcber verifizierte Enterprise-Kan\u00e4le bezogen.<\/p>\n\n\n\n<h2 class=\"wp-block-heading\">Warum globale Unternehmen uns w\u00e4hlen<\/h2>\n\n\n\n<h3 class=\"wp-block-heading\">Service auf Unternehmensniveau<\/h3>\n\n\n\n<ul class=\"wp-block-list\">\n<li><strong>Strategische globale Pr\u00e4senz:<\/strong> Ausgehend von unserem verifizierten Unternehmenssitz in Wyoming, USA, erstreckt sich unsere operative Reichweite \u00fcber Nordamerika und Europa. Wir nutzen ein umfangreiches Netzwerk von Tier-1-Distributionshubs, um regionsspezifische Best\u00e4nde intelligent zu versenden. Ob Sie in den USA, Kanada oder der EU sind: Ihre Hardware wird lokal bereitgestellt, wodurch die korrekten regionalen SKUs sichergestellt und grenz\u00fcberschreitende Reibungsverluste eliminiert werden.  <\/li>\n\n\n\n<li><strong>Sichere B2B-Zahlungen:<\/strong> Optimiert f\u00fcr ACH, SEPA \u00dcberweisungen und Enterprise-Beschaffungsworkflows.<\/li>\n\n\n\n<li><strong>Lokalisierte, autorisierte Lieferkette:<\/strong> &gt; Beseitigung grenz\u00fcberschreitender Z\u00f6lle, versteckter Zollverz\u00f6gerungen und Graumarkt-Unsicherheiten. Wir nutzen unser regionales Tier-1-Distributionsnetzwerk, um vollst\u00e4ndig konforme, lokalisierte SKUs zu den wettbewerbsf\u00e4higsten Beschaffungskosten zu sichern. <\/li>\n<\/ul>\n\n\n\n<h4 class=\"wp-block-heading\">GPU Supply Co. <\/h4>\n\n\n\n<h5 class=\"wp-block-heading\">Wyoming, USA | Kanada | Frankreich | Deutschland<\/h5>\n","protected":false},"excerpt":{"rendered":"<p>\u00dcber GPU Supply Co. Wir treiben die Zukunft globaler Rechenleistung voran Unsere Mission GPU Supply Co., eine spezialisierte Unternehmenssparte von Robert Computer Hardware Ltd, wurde gegr\u00fcndet, um die L\u00fccke zwischen modernster NVIDIA-Architektur und dem globalen Forschungsmarkt zu schlie\u00dfen. In einer \u00c4ra der Siliziumknappheit und komplexer Exportvorschriften bieten wir eine stabile, konforme und schnelle Lieferkette f\u00fcr [&hellip;]<\/p>\n","protected":false},"author":1,"featured_media":0,"parent":0,"menu_order":0,"comment_status":"closed","ping_status":"closed","template":"","meta":{"_uag_custom_page_level_css":"","site-sidebar-layout":"default","site-content-layout":"","ast-site-content-layout":"default","site-content-style":"default","site-sidebar-style":"default","ast-global-header-display":"","ast-banner-title-visibility":"","ast-main-header-display":"","ast-hfb-above-header-display":"","ast-hfb-below-header-display":"","ast-hfb-mobile-header-display":"","site-post-title":"","ast-breadcrumbs-content":"","ast-featured-img":"","footer-sml-layout":"","ast-disable-related-posts":"","theme-transparent-header-meta":"","adv-header-id-meta":"","stick-header-meta":"","header-above-stick-meta":"","header-main-stick-meta":"","header-below-stick-meta":"","astra-migrate-meta-layouts":"set","ast-page-background-enabled":"default","ast-page-background-meta":{"desktop":{"background-color":"","background-image":"","background-repeat":"repeat","background-position":"center center","background-size":"auto","background-attachment":"scroll","background-type":"","background-media":"","overlay-type":"","overlay-color":"","overlay-opacity":"","overlay-gradient":""},"tablet":{"background-color":"","background-image":"","background-repeat":"repeat","background-position":"center center","background-size":"auto","background-attachment":"scroll","background-type":"","background-media":"","overlay-type":"","overlay-color":"","overlay-opacity":"","overlay-gradient":""},"mobile":{"background-color":"","background-image":"","background-repeat":"repeat","background-position":"center center","background-size":"auto","background-attachment":"scroll","background-type":"","background-media":"","overlay-type":"","overlay-color":"","overlay-opacity":"","overlay-gradient":""}},"ast-content-background-meta":{"desktop":{"background-color":"var(--ast-global-color-5)","background-image":"","background-repeat":"repeat","background-position":"center center","background-size":"auto","background-attachment":"scroll","background-type":"","background-media":"","overlay-type":"","overlay-color":"","overlay-opacity":"","overlay-gradient":""},"tablet":{"background-color":"var(--ast-global-color-5)","background-image":"","background-repeat":"repeat","background-position":"center center","background-size":"auto","background-attachment":"scroll","background-type":"","background-media":"","overlay-type":"","overlay-color":"","overlay-opacity":"","overlay-gradient":""},"mobile":{"background-color":"var(--ast-global-color-5)","background-image":"","background-repeat":"repeat","background-position":"center center","background-size":"auto","background-attachment":"scroll","background-type":"","background-media":"","overlay-type":"","overlay-color":"","overlay-opacity":"","overlay-gradient":""}},"footnotes":""},"class_list":["post-1432","page","type-page","status-publish","hentry"],"_hostinger_reach_plugin_has_subscription_block":false,"_hostinger_reach_plugin_is_elementor":false,"uagb_featured_image_src":{"full":false,"thumbnail":false,"medium":false,"medium_large":false,"large":false,"1536x1536":false,"2048x2048":false,"woocommerce_thumbnail":false,"woocommerce_single":false,"woocommerce_gallery_thumbnail":false},"uagb_author_info":{"display_name":"","author_link":"https:\/\/gpusupplyco.com\/de\/author\/jw2070174gmail-com\/"},"uagb_comment_info":0,"uagb_excerpt":"\u00dcber GPU Supply Co. Wir treiben die Zukunft globaler Rechenleistung voran Unsere Mission GPU Supply Co., eine spezialisierte Unternehmenssparte von Robert Computer Hardware Ltd, wurde gegr\u00fcndet, um die L\u00fccke zwischen modernster NVIDIA-Architektur und dem globalen Forschungsmarkt zu schlie\u00dfen. In einer \u00c4ra der Siliziumknappheit und komplexer Exportvorschriften bieten wir eine stabile, konforme und schnelle Lieferkette f\u00fcr&hellip;","_links":{"self":[{"href":"https:\/\/gpusupplyco.com\/de\/wp-json\/wp\/v2\/pages\/1432","targetHints":{"allow":["GET"]}}],"collection":[{"href":"https:\/\/gpusupplyco.com\/de\/wp-json\/wp\/v2\/pages"}],"about":[{"href":"https:\/\/gpusupplyco.com\/de\/wp-json\/wp\/v2\/types\/page"}],"author":[{"embeddable":true,"href":"https:\/\/gpusupplyco.com\/de\/wp-json\/wp\/v2\/users\/1"}],"replies":[{"embeddable":true,"href":"https:\/\/gpusupplyco.com\/de\/wp-json\/wp\/v2\/comments?post=1432"}],"version-history":[{"count":4,"href":"https:\/\/gpusupplyco.com\/de\/wp-json\/wp\/v2\/pages\/1432\/revisions"}],"predecessor-version":[{"id":1740,"href":"https:\/\/gpusupplyco.com\/de\/wp-json\/wp\/v2\/pages\/1432\/revisions\/1740"}],"wp:attachment":[{"href":"https:\/\/gpusupplyco.com\/de\/wp-json\/wp\/v2\/media?parent=1432"}],"curies":[{"name":"wp","href":"https:\/\/api.w.org\/{rel}","templated":true}]}}